{"id":26807,"date":"2025-09-24T11:03:14","date_gmt":"2025-09-24T11:03:14","guid":{"rendered":"https:\/\/whitelip.com\/?post_type=product&#038;p=26807"},"modified":"2026-03-24T14:10:04","modified_gmt":"2026-03-24T14:10:04","slug":"vont-banana-extra-strong","status":"publish","type":"product","link":"https:\/\/whitelip.com\/cs\/vont\/vont-banana-extra-strong\/","title":{"rendered":"VONT Banana Extra Strong"},"content":{"rendered":"<h2><strong>VONT Banana Extra Strong<\/strong><\/h2>\n<p><span style=\"font-weight: 400;\">VONT Banana Extra Strong nikotinov\u00e9 s\u00e1\u010dky poskytuj\u00ed stejnou bohatou a sladkou ban\u00e1novou p\u0159\u00edchu\u0165 jako siln\u00e1 verze, ale se zes\u00edlen\u00fdm nikotinov\u00fdm kopem. Ka\u017ed\u00fd tenk\u00fd s\u00e1\u010dek je ur\u010den pro zku\u0161en\u00e9 u\u017eivatele, kte\u0159\u00ed cht\u011bj\u00ed v\u00fdraznou chu\u0165 i maxim\u00e1ln\u00ed s\u00edlu, a poskytuje 24 mg nikotinu na gram, co\u017e je p\u0159ibli\u017en\u011b 12 mg na s\u00e1\u010dek. Banana Extra Strong je navr\u017een pro diskr\u00e9tn\u00ed u\u017e\u00edv\u00e1n\u00ed bez zabarven\u00ed zub\u016f a kombinuje ovocnou sladkost se silnou d\u00e1vkou nikotinu. Zna\u010dka vyr\u00e1b\u011bn\u00e1 spole\u010dnost\u00ed VONT AB ve \u0160v\u00e9dsku je proslul\u00e1 sv\u00fdm \u010dist\u00fdm designem, inovativn\u00edmi p\u0159\u00edchut\u011bmi a nekompromisn\u00ed kvalitou.<\/span><\/p>\n<table>\n<tbody>\n<tr>\n<td><b>Atribut<\/b><\/td>\n<td><b>Podrobnosti na<\/b><\/td>\n<\/tr>\n<tr>\n<td><b>Obsah na plechovku<\/b><\/td>\n<td><span style=\"font-weight: 400;\">10 g (20 s\u00e1\u010dk\u016f)<\/span><\/td>\n<\/tr>\n<tr>\n<td><b>Obsah nikotinu<\/b><\/td>\n<td><span style=\"font-weight: 400;\">24 mg\/g (12 mg na s\u00e1\u010dek)<\/span><\/td>\n<\/tr>\n<tr>\n<td><b>Form\u00e1t pouzdra<\/b><\/td>\n<td><span style=\"font-weight: 400;\">Slim<\/span><\/td>\n<\/tr>\n<tr>\n<td><b>V\u00fdrobce<\/b><\/td>\n<td><span style=\"font-weight: 400;\">VONT AB<\/span><\/td>\n<\/tr>\n<tr>\n<td><b>P\u0159\u00edchu\u0165<\/b><\/td>\n<td><span style=\"font-weight: 400;\">Ban\u00e1n<\/span><\/td>\n<\/tr>\n<tr>\n<td><b>Typ<\/b><\/td>\n<td><span style=\"font-weight: 400;\">Celob\u00edl\u00e9 pouzdro<\/span><\/td>\n<\/tr>\n<\/tbody>\n<\/table>","protected":false},"excerpt":{"rendered":"<p>VONT <strong data-start=\"5\" data-end=\"15\">Ban\u00e1n<\/strong> <strong data-start=\"16\" data-end=\"32\">Extra siln\u00fd<\/strong> pod\u00e1v\u00e1 bohat\u00fd, sladk\u00fd ban\u00e1n jako verze Strong, ale s vy\u0161\u0161\u00ed intenzitou. Na <strong data-start=\"115\" data-end=\"123\">slim<\/strong> s\u00e1\u010dky jsou diskr\u00e9tn\u00ed a zabra\u0148uj\u00ed zabarven\u00ed zub\u016f. Ka\u017ed\u00fd s\u00e1\u010dek obsahuje <strong data-start=\"191\" data-end=\"209\">12 mg nikotinu<\/strong> (24 mg\/g) pro siln\u00fd kopanec. Vyr\u00e1b\u00ed spole\u010dnost VONT AB ve \u0160v\u00e9dsku, zn\u00e1m\u00e1 \u010dist\u00fdm designem, inovativn\u00edmi p\u0159\u00edchut\u011bmi a kvalitou.<\/p>","protected":false},"featured_media":26811,"comment_status":"open","ping_status":"closed","template":"","format":[206],"meta":{"_acf_changed":false},"product_brand":[],"product_cat":[238],"product_tag":[16561],"flavours":[196],"nicotine":[232,217],"class_list":{"0":"post-26807","1":"product","2":"type-product","3":"status-publish","4":"has-post-thumbnail","6":"product_cat-vont","7":"product_tag-12-mg-pouch","8":"pa_quantity-1-pack","9":"pa_quantity-10-pack","10":"pa_quantity-3-pack","11":"pa_quantity-30-pack","12":"pa_quantity-5-pack","13":"pa_quantity-60-pack","14":"flavours-fruits-berries","15":"format-slim","16":"nicotine-extra-strong","17":"nicotine-24-mg-g","19":"first","20":"instock","21":"taxable","22":"shipping-taxable","23":"purchasable","24":"product-type-variable","25":"has-default-attributes"},"acf":[],"_links":{"self":[{"href":"https:\/\/whitelip.com\/cs\/wp-json\/wp\/v2\/product\/26807","targetHints":{"allow":["GET"]}}],"collection":[{"href":"https:\/\/whitelip.com\/cs\/wp-json\/wp\/v2\/product"}],"about":[{"href":"https:\/\/whitelip.com\/cs\/wp-json\/wp\/v2\/types\/product"}],"replies":[{"embeddable":true,"href":"https:\/\/whitelip.com\/cs\/wp-json\/wp\/v2\/comments?post=26807"}],"wp:featuredmedia":[{"embeddable":true,"href":"https:\/\/whitelip.com\/cs\/wp-json\/wp\/v2\/media\/26811"}],"wp:attachment":[{"href":"https:\/\/whitelip.com\/cs\/wp-json\/wp\/v2\/media?parent=26807"}],"wp:term":[{"taxonomy":"product_brand","embeddable":true,"href":"https:\/\/whitelip.com\/cs\/wp-json\/wp\/v2\/product_brand?post=26807"},{"taxonomy":"product_cat","embeddable":true,"href":"https:\/\/whitelip.com\/cs\/wp-json\/wp\/v2\/product_cat?post=26807"},{"taxonomy":"product_tag","embeddable":true,"href":"https:\/\/whitelip.com\/cs\/wp-json\/wp\/v2\/product_tag?post=26807"},{"taxonomy":"flavours","embeddable":true,"href":"https:\/\/whitelip.com\/cs\/wp-json\/wp\/v2\/flavours?post=26807"},{"taxonomy":"format","embeddable":true,"href":"https:\/\/whitelip.com\/cs\/wp-json\/wp\/v2\/format?post=26807"},{"taxonomy":"nicotine","embeddable":true,"href":"https:\/\/whitelip.com\/cs\/wp-json\/wp\/v2\/nicotine?post=26807"}],"curies":[{"name":"wp","href":"https:\/\/api.w.org\/{rel}","templated":true}]}}