{"id":26791,"date":"2025-09-24T11:03:14","date_gmt":"2025-09-24T11:03:14","guid":{"rendered":"https:\/\/whitelip.com\/?post_type=product&#038;p=26791"},"modified":"2026-04-06T02:17:55","modified_gmt":"2026-04-06T02:17:55","slug":"vont-fresh-mint-strong","status":"publish","type":"product","link":"https:\/\/whitelip.com\/cs\/vont\/vont-fresh-mint-strong\/","title":{"rendered":"VONT Fresh Mint Strong"},"content":{"rendered":"<h2><strong>VONT Fresh Mint Strong<\/strong><\/h2>\n<p><span style=\"font-weight: 400;\">VONT Fresh Mint Siln\u00e9 nikotinov\u00e9 s\u00e1\u010dky p\u0159in\u00e1\u0161ej\u00ed sv\u011b\u017e\u00ed a chladiv\u00fd pocit m\u00e1ty s osv\u011b\u017euj\u00edc\u00edm charakterem. Ide\u00e1ln\u00ed pro ty, kte\u0159\u00ed maj\u00ed r\u00e1di \u010distou a osv\u011b\u017euj\u00edc\u00ed chu\u0165, tenk\u00e9 s\u00e1\u010dky poskytuj\u00ed diskr\u00e9tn\u00ed pou\u017eit\u00ed a siln\u00fd nikotinov\u00fd n\u00e1boj 14 mg na gram, co\u017e odpov\u00edd\u00e1 p\u0159ibli\u017en\u011b 7 mg na s\u00e1\u010dek. Fresh Mint Strong je ur\u010den pro zku\u0161en\u00e9 u\u017eivatele, kombinuje sv\u011b\u017eest a s\u00edlu a z\u00e1rove\u0148 zabra\u0148uje zabarven\u00ed zub\u016f. Zna\u010dka vyr\u00e1b\u011bn\u00e1 spole\u010dnost\u00ed VONT AB ve \u0160v\u00e9dsku vynik\u00e1 modern\u00edm stylem, vysokou kvalitou a konzistentn\u00edm v\u00fdkonem.<\/span><\/p>\n<table>\n<tbody>\n<tr>\n<td><b>Atribut<\/b><\/td>\n<td><b>Podrobnosti na<\/b><\/td>\n<\/tr>\n<tr>\n<td><b>Obsah na plechovku<\/b><\/td>\n<td><span style=\"font-weight: 400;\">10 g (20 s\u00e1\u010dk\u016f)<\/span><\/td>\n<\/tr>\n<tr>\n<td><b>Obsah nikotinu<\/b><\/td>\n<td><span style=\"font-weight: 400;\">14 mg\/g (7 mg na s\u00e1\u010dek)<\/span><\/td>\n<\/tr>\n<tr>\n<td><b>Form\u00e1t pouzdra<\/b><\/td>\n<td><span style=\"font-weight: 400;\">Slim<\/span><\/td>\n<\/tr>\n<tr>\n<td><b>V\u00fdrobce<\/b><\/td>\n<td><span style=\"font-weight: 400;\">VONT AB<\/span><\/td>\n<\/tr>\n<tr>\n<td><b>P\u0159\u00edchu\u0165<\/b><\/td>\n<td><span style=\"font-weight: 400;\">\u010cerstv\u00e1 m\u00e1ta<\/span><\/td>\n<\/tr>\n<tr>\n<td><b>Typ<\/b><\/td>\n<td><span style=\"font-weight: 400;\">Celob\u00edl\u00e9 pouzdro<\/span><\/td>\n<\/tr>\n<\/tbody>\n<\/table>","protected":false},"excerpt":{"rendered":"<p>VONT <strong data-start=\"5\" data-end=\"19\">\u010cerstv\u00e1 m\u00e1ta<\/strong> <strong data-start=\"20\" data-end=\"30\">Siln\u00fd<\/strong> p\u0159in\u00e1\u0161\u00ed sv\u011b\u017e\u00ed, chladivou m\u00e1tu s \u010dist\u00fdm, osv\u011b\u017euj\u00edc\u00edm charakterem. Na <strong data-start=\"104\" data-end=\"112\">slim<\/strong> s\u00e1\u010dky umo\u017e\u0148uj\u00ed diskr\u00e9tn\u00ed a pohodln\u00e9 pou\u017e\u00edv\u00e1n\u00ed a z\u00e1rove\u0148 zabra\u0148uj\u00ed zabarven\u00ed zub\u016f. Ka\u017ed\u00fd s\u00e1\u010dek obsahuje <strong>7 mg nikotinu<\/strong> (14 mg\/g) pro pevn\u00fd kop. Vyr\u00e1b\u00ed spole\u010dnost VONT AB ve \u0160v\u00e9dsku, uzn\u00e1van\u00e1 pro modern\u00ed styl, vysokou kvalitu a konzistentn\u00ed v\u00fdkon.<\/p>","protected":false},"featured_media":26795,"comment_status":"open","ping_status":"closed","template":"","format":[206],"meta":{"_acf_changed":false},"product_brand":[],"product_cat":[238],"product_tag":[16640],"flavours":[199],"nicotine":[211,236],"class_list":{"0":"post-26791","1":"product","2":"type-product","3":"status-publish","4":"has-post-thumbnail","6":"product_cat-vont","7":"product_tag-7-mg-pouch","8":"pa_quantity-1-pack","9":"pa_quantity-10-pack","10":"pa_quantity-3-pack","11":"pa_quantity-30-pack","12":"pa_quantity-5-pack","13":"pa_quantity-60-pack","14":"flavours-mint","15":"format-slim","16":"nicotine-14-mg-g","17":"nicotine-strong","19":"first","20":"instock","21":"taxable","22":"shipping-taxable","23":"purchasable","24":"product-type-variable"},"acf":[],"_links":{"self":[{"href":"https:\/\/whitelip.com\/cs\/wp-json\/wp\/v2\/product\/26791","targetHints":{"allow":["GET"]}}],"collection":[{"href":"https:\/\/whitelip.com\/cs\/wp-json\/wp\/v2\/product"}],"about":[{"href":"https:\/\/whitelip.com\/cs\/wp-json\/wp\/v2\/types\/product"}],"replies":[{"embeddable":true,"href":"https:\/\/whitelip.com\/cs\/wp-json\/wp\/v2\/comments?post=26791"}],"wp:featuredmedia":[{"embeddable":true,"href":"https:\/\/whitelip.com\/cs\/wp-json\/wp\/v2\/media\/26795"}],"wp:attachment":[{"href":"https:\/\/whitelip.com\/cs\/wp-json\/wp\/v2\/media?parent=26791"}],"wp:term":[{"taxonomy":"product_brand","embeddable":true,"href":"https:\/\/whitelip.com\/cs\/wp-json\/wp\/v2\/product_brand?post=26791"},{"taxonomy":"product_cat","embeddable":true,"href":"https:\/\/whitelip.com\/cs\/wp-json\/wp\/v2\/product_cat?post=26791"},{"taxonomy":"product_tag","embeddable":true,"href":"https:\/\/whitelip.com\/cs\/wp-json\/wp\/v2\/product_tag?post=26791"},{"taxonomy":"flavours","embeddable":true,"href":"https:\/\/whitelip.com\/cs\/wp-json\/wp\/v2\/flavours?post=26791"},{"taxonomy":"format","embeddable":true,"href":"https:\/\/whitelip.com\/cs\/wp-json\/wp\/v2\/format?post=26791"},{"taxonomy":"nicotine","embeddable":true,"href":"https:\/\/whitelip.com\/cs\/wp-json\/wp\/v2\/nicotine?post=26791"}],"curies":[{"name":"wp","href":"https:\/\/api.w.org\/{rel}","templated":true}]}}