{"id":26591,"date":"2025-09-24T11:03:15","date_gmt":"2025-09-24T11:03:15","guid":{"rendered":"https:\/\/whitelip.com\/?post_type=product&#038;p=26591"},"modified":"2026-05-06T10:11:25","modified_gmt":"2026-05-06T10:11:25","slug":"vont-creamy-strawberry-strong","status":"publish","type":"product","link":"https:\/\/whitelip.com\/cs\/vont\/vont-creamy-strawberry-strong\/","title":{"rendered":"VONT Kr\u00e9mov\u00e1 jahoda siln\u00e1"},"content":{"rendered":"<h2><strong>VONT Kr\u00e9mov\u00e1 jahoda siln\u00e1<\/strong><\/h2>\n<p><span style=\"font-weight: 400;\">VONT Creamy Strawberry Siln\u00e9 nikotinov\u00e9 s\u00e1\u010dky kombinuj\u00ed sladkost zral\u00fdch jahod s jemn\u00fdm kr\u00e9mov\u00fdm podt\u00f3nem, co\u017e vytv\u00e1\u0159\u00ed bohatou a dob\u0159e vyv\u00e1\u017eenou chu\u0165. Ka\u017ed\u00fd s\u00e1\u010dek, kter\u00fd je nab\u00edzen v tenk\u00e9m form\u00e1tu pro diskr\u00e9tn\u00ed a pohodln\u00e9 pou\u017e\u00edv\u00e1n\u00ed, poskytuje siln\u00fd nikotinov\u00fd n\u00e1boj v mno\u017estv\u00ed 14 mg na gram, co\u017e odpov\u00edd\u00e1 p\u0159ibli\u017en\u011b 7 mg na s\u00e1\u010dek. Tyto s\u00e1\u010dky jsou ide\u00e1ln\u00ed pro zku\u0161en\u00e9 u\u017eivatele, kte\u0159\u00ed maj\u00ed r\u00e1di ovocn\u00e9 i kr\u00e9mov\u00e9 t\u00f3ny, a zachov\u00e1vaj\u00ed si \u010derstvost a z\u00e1rove\u0148 zabra\u0148uj\u00ed zabarven\u00ed zub\u016f. Zna\u010dka vyr\u00e1b\u011bn\u00e1 spole\u010dnost\u00ed VONT AB ve \u0160v\u00e9dsku je zn\u00e1m\u00e1 sv\u00fdm modern\u00edm designem, inovativn\u00edmi p\u0159\u00edchut\u011bmi a st\u00e1lou kvalitou.<\/span><\/p>\n<table>\n<tbody>\n<tr>\n<td><b>Atribut<\/b><\/td>\n<td><b>Podrobnosti na<\/b><\/td>\n<\/tr>\n<tr>\n<td><b>Obsah na plechovku<\/b><\/td>\n<td><span style=\"font-weight: 400;\">10 g (20 s\u00e1\u010dk\u016f)<\/span><\/td>\n<\/tr>\n<tr>\n<td><b>Obsah nikotinu<\/b><\/td>\n<td><span style=\"font-weight: 400;\">14 mg\/g (7 mg na s\u00e1\u010dek)<\/span><\/td>\n<\/tr>\n<tr>\n<td><b>Form\u00e1t pouzdra<\/b><\/td>\n<td><span style=\"font-weight: 400;\">Slim<\/span><\/td>\n<\/tr>\n<tr>\n<td><b>V\u00fdrobce<\/b><\/td>\n<td><span style=\"font-weight: 400;\">VONT AB<\/span><\/td>\n<\/tr>\n<tr>\n<td><b>P\u0159\u00edchu\u0165<\/b><\/td>\n<td><span style=\"font-weight: 400;\">Jahoda &amp; Kr\u00e9m<\/span><\/td>\n<\/tr>\n<tr>\n<td><b>Typ<\/b><\/td>\n<td><span style=\"font-weight: 400;\">Celob\u00edl\u00e9 pouzdro<\/span><\/td>\n<\/tr>\n<\/tbody>\n<\/table>","protected":false},"excerpt":{"rendered":"<p>VONT Creamy Strawberry Siln\u00e9 nikotinov\u00e9 s\u00e1\u010dky poskytuj\u00ed sladkou, hladkou <strong data-start=\"71\" data-end=\"92\">Kr\u00e9mov\u00e1 jahoda<\/strong> chu\u0165 s bohat\u00fdm, dob\u0159e zakulacen\u00fdm profilem. <strong data-start=\"135\" data-end=\"143\">Slim<\/strong> form\u00e1t pro diskr\u00e9tn\u00ed a pohodln\u00e9 pou\u017e\u00edv\u00e1n\u00ed; siln\u00fd kopanec ide\u00e1ln\u00ed pro zku\u0161en\u00e9 u\u017eivatele a nezanech\u00e1v\u00e1 skvrny na zubech. Ka\u017ed\u00fd s\u00e1\u010dek obsahuje <strong data-start=\"265\" data-end=\"282\">7 mg nikotinu<\/strong> (14 mg\/g). Vyrobeno ve \u0160v\u00e9dsku spole\u010dnost\u00ed VONT AB s modern\u00edm designem a st\u00e1lou kvalitou.<\/p>","protected":false},"featured_media":26595,"comment_status":"open","ping_status":"closed","template":"","format":[206],"meta":{"_acf_changed":false},"product_brand":[],"product_cat":[238],"product_tag":[16640],"flavours":[196],"nicotine":[211,236],"class_list":{"0":"post-26591","1":"product","2":"type-product","3":"status-publish","4":"has-post-thumbnail","6":"product_cat-vont","7":"product_tag-7-mg-pouch","8":"pa_quantity-1-pack","9":"pa_quantity-10-pack","10":"pa_quantity-3-pack","11":"pa_quantity-30-pack","12":"pa_quantity-5-pack","13":"pa_quantity-60-pack","14":"flavours-fruits-berries","15":"format-slim","16":"nicotine-14-mg-g","17":"nicotine-strong","19":"first","20":"instock","21":"taxable","22":"shipping-taxable","23":"purchasable","24":"product-type-variable","25":"has-default-attributes"},"acf":[],"_links":{"self":[{"href":"https:\/\/whitelip.com\/cs\/wp-json\/wp\/v2\/product\/26591","targetHints":{"allow":["GET"]}}],"collection":[{"href":"https:\/\/whitelip.com\/cs\/wp-json\/wp\/v2\/product"}],"about":[{"href":"https:\/\/whitelip.com\/cs\/wp-json\/wp\/v2\/types\/product"}],"replies":[{"embeddable":true,"href":"https:\/\/whitelip.com\/cs\/wp-json\/wp\/v2\/comments?post=26591"}],"wp:featuredmedia":[{"embeddable":true,"href":"https:\/\/whitelip.com\/cs\/wp-json\/wp\/v2\/media\/26595"}],"wp:attachment":[{"href":"https:\/\/whitelip.com\/cs\/wp-json\/wp\/v2\/media?parent=26591"}],"wp:term":[{"taxonomy":"product_brand","embeddable":true,"href":"https:\/\/whitelip.com\/cs\/wp-json\/wp\/v2\/product_brand?post=26591"},{"taxonomy":"product_cat","embeddable":true,"href":"https:\/\/whitelip.com\/cs\/wp-json\/wp\/v2\/product_cat?post=26591"},{"taxonomy":"product_tag","embeddable":true,"href":"https:\/\/whitelip.com\/cs\/wp-json\/wp\/v2\/product_tag?post=26591"},{"taxonomy":"flavours","embeddable":true,"href":"https:\/\/whitelip.com\/cs\/wp-json\/wp\/v2\/flavours?post=26591"},{"taxonomy":"format","embeddable":true,"href":"https:\/\/whitelip.com\/cs\/wp-json\/wp\/v2\/format?post=26591"},{"taxonomy":"nicotine","embeddable":true,"href":"https:\/\/whitelip.com\/cs\/wp-json\/wp\/v2\/nicotine?post=26591"}],"curies":[{"name":"wp","href":"https:\/\/api.w.org\/{rel}","templated":true}]}}