{"id":26585,"date":"2025-09-24T11:03:15","date_gmt":"2025-09-24T11:03:15","guid":{"rendered":"https:\/\/whitelip.com\/?post_type=product&#038;p=26585"},"modified":"2026-04-14T09:09:27","modified_gmt":"2026-04-14T09:09:27","slug":"vont-banana-strong","status":"publish","type":"product","link":"https:\/\/whitelip.com\/cs\/vont\/vont-banana-strong\/","title":{"rendered":"VONT Banana Strong"},"content":{"rendered":"<h2><strong>VONT Banana Strong<\/strong><\/h2>\n<p><span style=\"font-weight: 400;\">VONT Banana Siln\u00e9 nikotinov\u00e9 s\u00e1\u010dky p\u0159in\u00e1\u0161ej\u00ed bohatou a sladkou ban\u00e1novou p\u0159\u00edchu\u0165 s hladk\u00fdm, p\u0159\u00edrodn\u00edm charakterem. Ka\u017ed\u00fd s\u00e1\u010dek je navr\u017een v tenk\u00e9m form\u00e1tu pro diskr\u00e9tn\u00ed a pohodln\u00e9 pou\u017e\u00edv\u00e1n\u00ed a poskytuje siln\u011bj\u0161\u00ed nikotinov\u00fd z\u00e1\u017eitek v mno\u017estv\u00ed 16 mg na gram, co\u017e odpov\u00edd\u00e1 p\u0159ibli\u017en\u011b 8 mg na s\u00e1\u010dek. VONT Banana Strong je ide\u00e1ln\u00ed pro zku\u0161en\u00e9 u\u017eivatele, kte\u0159\u00ed hledaj\u00ed jak chu\u0165, tak intenzitu, a udr\u017euje si sv\u011b\u017eest bez zabarven\u00ed zub\u016f. Zna\u010dka vyr\u00e1b\u011bn\u00e1 spole\u010dnost\u00ed VONT AB ve \u0160v\u00e9dsku je uzn\u00e1van\u00e1 pro sv\u016fj \u010dist\u00fd design, modern\u00ed p\u0159\u00edstup a konzistentn\u00ed standardy kvality.<\/span><\/p>\n<table>\n<tbody>\n<tr>\n<td><b>Atribut<\/b><\/td>\n<td><b>Podrobnosti na<\/b><\/td>\n<\/tr>\n<tr>\n<td><b>Obsah na plechovku<\/b><\/td>\n<td><span style=\"font-weight: 400;\">10 g (20 s\u00e1\u010dk\u016f)<\/span><\/td>\n<\/tr>\n<tr>\n<td><b>Obsah nikotinu<\/b><\/td>\n<td><span style=\"font-weight: 400;\">14 mg\/g (7 mg na s\u00e1\u010dek)<\/span><\/td>\n<\/tr>\n<tr>\n<td><b>Form\u00e1t pouzdra<\/b><\/td>\n<td><span style=\"font-weight: 400;\">Slim<\/span><\/td>\n<\/tr>\n<tr>\n<td><b>V\u00fdrobce<\/b><\/td>\n<td><span style=\"font-weight: 400;\">VONT AB<\/span><\/td>\n<\/tr>\n<tr>\n<td><b>P\u0159\u00edchu\u0165<\/b><\/td>\n<td><span style=\"font-weight: 400;\">Ban\u00e1n<\/span><\/td>\n<\/tr>\n<tr>\n<td><b>Typ<\/b><\/td>\n<td><span style=\"font-weight: 400;\">Celob\u00edl\u00e9 pouzdro<\/span><\/td>\n<\/tr>\n<\/tbody>\n<\/table>","protected":false},"excerpt":{"rendered":"<p>VONT Banana Siln\u00e9 nikotinov\u00e9 s\u00e1\u010dky poskytuj\u00ed bohatou, sladkou <strong data-start=\"58\" data-end=\"68\">Ban\u00e1n<\/strong> chu\u0165 s jemn\u00fdm, p\u0159irozen\u00fdm profilem. <strong data-start=\"108\" data-end=\"116\">Slim<\/strong> pro diskr\u00e9tn\u00ed a pohodln\u00e9 pou\u017eit\u00ed a siln\u011bj\u0161\u00ed pocit (16 mg\/g). Ka\u017ed\u00fd s\u00e1\u010dek obsahuje <strong data-start=\"205\" data-end=\"222\">8 mg nikotinu<\/strong>. Ide\u00e1ln\u00ed pro zku\u0161en\u00e9 u\u017eivatele; z\u016fst\u00e1v\u00e1 sv\u011b\u017e\u00ed bez zabarven\u00ed zub\u016f. Vyr\u00e1b\u00ed VONT AB ve \u0160v\u00e9dsku, zn\u00e1m\u00fd \u010dist\u00fdm designem a st\u00e1lou kvalitou.<\/p>","protected":false},"featured_media":26590,"comment_status":"open","ping_status":"closed","template":"","format":[206],"meta":{"_acf_changed":false},"product_brand":[],"product_cat":[238],"product_tag":[16640],"flavours":[196],"nicotine":[211,236],"class_list":{"0":"post-26585","1":"product","2":"type-product","3":"status-publish","4":"has-post-thumbnail","6":"product_cat-vont","7":"product_tag-7-mg-pouch","8":"pa_quantity-1-pack","9":"pa_quantity-10-pack","10":"pa_quantity-3-pack","11":"pa_quantity-30-pack","12":"pa_quantity-5-pack","13":"pa_quantity-60-pack","14":"flavours-fruits-berries","15":"format-slim","16":"nicotine-14-mg-g","17":"nicotine-strong","19":"first","20":"instock","21":"taxable","22":"shipping-taxable","23":"purchasable","24":"product-type-variable"},"acf":[],"_links":{"self":[{"href":"https:\/\/whitelip.com\/cs\/wp-json\/wp\/v2\/product\/26585","targetHints":{"allow":["GET"]}}],"collection":[{"href":"https:\/\/whitelip.com\/cs\/wp-json\/wp\/v2\/product"}],"about":[{"href":"https:\/\/whitelip.com\/cs\/wp-json\/wp\/v2\/types\/product"}],"replies":[{"embeddable":true,"href":"https:\/\/whitelip.com\/cs\/wp-json\/wp\/v2\/comments?post=26585"}],"wp:featuredmedia":[{"embeddable":true,"href":"https:\/\/whitelip.com\/cs\/wp-json\/wp\/v2\/media\/26590"}],"wp:attachment":[{"href":"https:\/\/whitelip.com\/cs\/wp-json\/wp\/v2\/media?parent=26585"}],"wp:term":[{"taxonomy":"product_brand","embeddable":true,"href":"https:\/\/whitelip.com\/cs\/wp-json\/wp\/v2\/product_brand?post=26585"},{"taxonomy":"product_cat","embeddable":true,"href":"https:\/\/whitelip.com\/cs\/wp-json\/wp\/v2\/product_cat?post=26585"},{"taxonomy":"product_tag","embeddable":true,"href":"https:\/\/whitelip.com\/cs\/wp-json\/wp\/v2\/product_tag?post=26585"},{"taxonomy":"flavours","embeddable":true,"href":"https:\/\/whitelip.com\/cs\/wp-json\/wp\/v2\/flavours?post=26585"},{"taxonomy":"format","embeddable":true,"href":"https:\/\/whitelip.com\/cs\/wp-json\/wp\/v2\/format?post=26585"},{"taxonomy":"nicotine","embeddable":true,"href":"https:\/\/whitelip.com\/cs\/wp-json\/wp\/v2\/nicotine?post=26585"}],"curies":[{"name":"wp","href":"https:\/\/api.w.org\/{rel}","templated":true}]}}