{"id":14231,"date":"2025-08-20T11:05:20","date_gmt":"2025-08-20T11:05:20","guid":{"rendered":"https:\/\/whitelip.com\/?post_type=product&#038;p=14231"},"modified":"2026-04-14T08:31:51","modified_gmt":"2026-04-14T08:31:51","slug":"nois-extreme-blueberry-50mg","status":"publish","type":"product","link":"https:\/\/whitelip.com\/cs\/nois\/nois-extreme-blueberry-50mg\/","title":{"rendered":"NOIS Extreme Blueberry 50 mg"},"content":{"rendered":"<h2><strong>NOIS Extreme Blueberry 50 mg<\/strong><\/h2>\n<p><span style=\"font-weight: 400;\">NOIS Extreme Blueberry 50 mg kombinuje <\/span><b>bohat\u00e1, \u0161\u0165avnat\u00e1 bor\u016fvkov\u00e1 p\u0159\u00edchu\u0165 s ledov\u00fdm mentolov\u00fdm n\u00e1dechem.<\/b><span style=\"font-weight: 400;\"> a vytv\u00e1\u0159\u00ed tak jedine\u010dn\u011b intenzivn\u00ed z\u00e1\u017eitek z pouche. Tento s\u00e1\u010dek je ur\u010den pro zku\u0161en\u00e9 u\u017eivatele a p\u0159in\u00e1\u0161\u00ed neuv\u011b\u0159iteln\u011b siln\u00fd nikotinov\u00fd z\u00e1sah. <\/span><b>25 mg v jednom s\u00e1\u010dku<\/b><span style=\"font-weight: 400;\"> (50 mg\/g), ur\u010den\u00fd pro ty, kte\u0159\u00ed tou\u017e\u00ed po chuti a maxim\u00e1ln\u00ed s\u00edle v jedn\u00e9 siln\u00e9 kombinaci.<\/span><\/p>\n<p><span style=\"font-weight: 400;\">Tenk\u00e1 beztab\u00e1kov\u00e1 pouzdra se pohodln\u011b a diskr\u00e9tn\u011b vejdou pod rty a nab\u00edzej\u00ed \u010dist\u00fd z\u00e1\u017eitek z pou\u017e\u00edv\u00e1n\u00ed bez zabarven\u00ed zub\u016f. D\u00edky sv\u00e9 hlubok\u00e9 chuti lesn\u00edch plod\u016f a ledov\u011b chladiv\u00e9mu \u00fa\u010dinku je NOIS Extreme Blueberry 50 mg dokonalou volbou pro pokro\u010dil\u00e9 u\u017eivatele, kte\u0159\u00ed cht\u011bj\u00ed v\u00fdraznou chu\u0165 a vysok\u00fd \u00fa\u010dinek.<\/span><\/p>\n<table>\n<tbody>\n<tr>\n<td><b>Atribut<\/b><\/td>\n<td><b>Podrobnosti na<\/b><\/td>\n<\/tr>\n<tr>\n<td><b>Zna\u010dka<\/b><\/td>\n<td><span style=\"font-weight: 400;\">NOIS<\/span><\/td>\n<\/tr>\n<tr>\n<td><b>Typ v\u00fdrobku<\/b><\/td>\n<td><span style=\"font-weight: 400;\">V\u0161echny b\u00edl\u00e9 nikotinov\u00e9 s\u00e1\u010dky<\/span><\/td>\n<\/tr>\n<tr>\n<td><b>Form\u00e1t<\/b><\/td>\n<td><span style=\"font-weight: 400;\">Slim<\/span><\/td>\n<\/tr>\n<tr>\n<td><b>P\u0159\u00edchu\u0165<\/b><\/td>\n<td><span style=\"font-weight: 400;\">Bor\u016fvka, mentol<\/span><\/td>\n<\/tr>\n<tr>\n<td><b>S\u00edla nikotinu<\/b><\/td>\n<td><span style=\"font-weight: 400;\">25 mg na s\u00e1\u010dek (50 mg\/g)<\/span><\/td>\n<\/tr>\n<tr>\n<td><b>Hmotnost porce<\/b><\/td>\n<td><span style=\"font-weight: 400;\">0,5 gramu<\/span><\/td>\n<\/tr>\n<tr>\n<td><b>Po\u010det porc\u00ed<\/b><\/td>\n<td><span style=\"font-weight: 400;\">27 na plechovku<\/span><\/td>\n<\/tr>\n<tr>\n<td><b>Celkov\u00e1 hmotnost plechovky<\/b><\/td>\n<td><span style=\"font-weight: 400;\">11 gram\u016f<\/span><\/td>\n<\/tr>\n<tr>\n<td><b>V\u00fdrobce<\/b><\/td>\n<td><span style=\"font-weight: 400;\">HRJ Production O\u00dc<\/span><\/td>\n<\/tr>\n<tr>\n<td><b>Pozoruhodn\u00e9 funkce<\/b><\/td>\n<td><span style=\"font-weight: 400;\">Bez tab\u00e1ku, tenk\u00fd form\u00e1t, intenzivn\u00ed p\u0159\u00edchu\u0165 bor\u016fvky se zmrazuj\u00edc\u00edm mentholem a extr\u00e9mn\u011b vysok\u00fdm nikoinem<\/span><\/td>\n<\/tr>\n<\/tbody>\n<\/table>","protected":false},"excerpt":{"rendered":"<p><span style=\"font-weight: 400;\">NOIS Extreme Blueberry 50 mg kombinuje <\/span><b>bohat\u00e1, \u0161\u0165avnat\u00e1 bor\u016fvkov\u00e1 p\u0159\u00edchu\u0165 s ledov\u00fdm mentolov\u00fdm n\u00e1dechem.<\/b><span style=\"font-weight: 400;\"> a vytv\u00e1\u0159\u00ed tak jedine\u010dn\u011b intenzivn\u00ed z\u00e1\u017eitek z pouche. Tento s\u00e1\u010dek je ur\u010den pro zku\u0161en\u00e9 u\u017eivatele a p\u0159in\u00e1\u0161\u00ed neuv\u011b\u0159iteln\u011b siln\u00fd nikotinov\u00fd z\u00e1sah. <\/span><b>25 mg v jednom s\u00e1\u010dku<\/b><span style=\"font-weight: 400;\"> (50 mg\/g), ur\u010den\u00fd pro ty, kte\u0159\u00ed tou\u017e\u00ed po chuti a maxim\u00e1ln\u00ed s\u00edle v jedn\u00e9 siln\u00e9 kombinaci.<\/span><\/p>","protected":false},"featured_media":14235,"comment_status":"open","ping_status":"closed","template":"","format":[206],"meta":{"_acf_changed":false},"product_brand":[],"product_cat":[127],"product_tag":[16510,16589],"flavours":[196],"nicotine":[219,233],"class_list":{"0":"post-14231","1":"product","2":"type-product","3":"status-publish","4":"has-post-thumbnail","6":"product_cat-nois","7":"product_tag-12-off","8":"product_tag-25-mg-pouch","9":"pa_quantity-1-pack","10":"pa_quantity-10-pack","11":"pa_quantity-3-pack","12":"pa_quantity-30-pack","13":"pa_quantity-5-pack","14":"pa_quantity-60-pack","15":"flavours-fruits-berries","16":"format-slim","17":"nicotine-25-mg-g","18":"nicotine-extreme","20":"first","21":"instock","22":"sale","23":"taxable","24":"shipping-taxable","25":"purchasable","26":"product-type-variable","27":"has-default-attributes"},"acf":[],"_links":{"self":[{"href":"https:\/\/whitelip.com\/cs\/wp-json\/wp\/v2\/product\/14231","targetHints":{"allow":["GET"]}}],"collection":[{"href":"https:\/\/whitelip.com\/cs\/wp-json\/wp\/v2\/product"}],"about":[{"href":"https:\/\/whitelip.com\/cs\/wp-json\/wp\/v2\/types\/product"}],"replies":[{"embeddable":true,"href":"https:\/\/whitelip.com\/cs\/wp-json\/wp\/v2\/comments?post=14231"}],"wp:featuredmedia":[{"embeddable":true,"href":"https:\/\/whitelip.com\/cs\/wp-json\/wp\/v2\/media\/14235"}],"wp:attachment":[{"href":"https:\/\/whitelip.com\/cs\/wp-json\/wp\/v2\/media?parent=14231"}],"wp:term":[{"taxonomy":"product_brand","embeddable":true,"href":"https:\/\/whitelip.com\/cs\/wp-json\/wp\/v2\/product_brand?post=14231"},{"taxonomy":"product_cat","embeddable":true,"href":"https:\/\/whitelip.com\/cs\/wp-json\/wp\/v2\/product_cat?post=14231"},{"taxonomy":"product_tag","embeddable":true,"href":"https:\/\/whitelip.com\/cs\/wp-json\/wp\/v2\/product_tag?post=14231"},{"taxonomy":"flavours","embeddable":true,"href":"https:\/\/whitelip.com\/cs\/wp-json\/wp\/v2\/flavours?post=14231"},{"taxonomy":"format","embeddable":true,"href":"https:\/\/whitelip.com\/cs\/wp-json\/wp\/v2\/format?post=14231"},{"taxonomy":"nicotine","embeddable":true,"href":"https:\/\/whitelip.com\/cs\/wp-json\/wp\/v2\/nicotine?post=14231"}],"curies":[{"name":"wp","href":"https:\/\/api.w.org\/{rel}","templated":true}]}}