{"id":14221,"date":"2025-08-20T11:05:21","date_gmt":"2025-08-20T11:05:21","guid":{"rendered":"https:\/\/whitelip.com\/?post_type=product&#038;p=14221"},"modified":"2026-04-14T00:45:19","modified_gmt":"2026-04-14T00:45:19","slug":"nois-cool-strong-mini-35mg","status":"publish","type":"product","link":"https:\/\/whitelip.com\/cs\/nois\/nois-cool-strong-mini-35mg\/","title":{"rendered":"NOIS Cool Strong Mini 35mg"},"content":{"rendered":"<h2><strong>NOIS Cool Strong Mini 35mg<\/strong><\/h2>\n<p><span style=\"font-weight: 400;\">NOIS Cool Strong Mini 35 mg nab\u00edz\u00ed <\/span><b>ostr\u00fd a ledov\u00fd pocit m\u00e1ty<\/b><span style=\"font-weight: 400;\"> zabalen\u00e9 v diskr\u00e9tn\u00edm miniaturn\u00edm pouzd\u0159e, ide\u00e1ln\u00ed pro u\u017eivatele, kte\u0159\u00ed hledaj\u00ed maxim\u00e1ln\u00ed s\u00edlu bez omezen\u00ed pohodl\u00ed. Toto pouzdro poskytuje <\/span><b>povzbuzuj\u00edc\u00ed chladiv\u00fd \u00fa\u010dinek s 12,5 mg nikotinu<\/b><span style=\"font-weight: 400;\"> (35 mg\/g), p\u0159izp\u016fsoben\u00fd pokro\u010dil\u00fdm u\u017eivatel\u016fm, kte\u0159\u00ed pot\u0159ebuj\u00ed dlouhotrvaj\u00edc\u00ed intenzitu v mal\u00e9m form\u00e1tu.<\/span><\/p>\n<p><span style=\"font-weight: 400;\">Zcela b\u00edl\u00e9 mini s\u00e1\u010dky jsou bez tab\u00e1ku a ur\u010deny pro \u010dist\u00e9 pou\u017e\u00edv\u00e1n\u00ed, kter\u00e9 nesp\u00e1l\u00ed zuby. Se 33 portov\u00fdmi kusy na plechovku a kompaktn\u00ed velikost\u00ed pod rtancem je NOIS Cool Strong Mini ide\u00e1ln\u00ed pro u\u017eivatele hledaj\u00edc\u00ed vysok\u00fd v\u00fdkon, diskr\u00e9tnost a siln\u00fd mentolov\u00fd v\u00fdbuch kdykoli.<\/span><\/p>\n<table>\n<tbody>\n<tr>\n<td><b>Atribut<\/b><\/td>\n<td><b>Podrobnosti na<\/b><\/td>\n<\/tr>\n<tr>\n<td><b>Zna\u010dka<\/b><\/td>\n<td><span style=\"font-weight: 400;\">NOIS<\/span><\/td>\n<\/tr>\n<tr>\n<td><b>Typ v\u00fdrobku<\/b><\/td>\n<td><span style=\"font-weight: 400;\">V\u0161echny b\u00edl\u00e9 nikotinov\u00e9 s\u00e1\u010dky<\/span><\/td>\n<\/tr>\n<tr>\n<td><b>Form\u00e1t<\/b><\/td>\n<td><span style=\"font-weight: 400;\">Mini<\/span><\/td>\n<\/tr>\n<tr>\n<td><b>P\u0159\u00edchu\u0165<\/b><\/td>\n<td><span style=\"font-weight: 400;\">M\u00e1tov\u00fd<\/span><\/td>\n<\/tr>\n<tr>\n<td><b>S\u00edla nikotinu<\/b><\/td>\n<td><span style=\"font-weight: 400;\">12,5 mg na s\u00e1\u010dek (35 mg\/g)<\/span><\/td>\n<\/tr>\n<tr>\n<td><b>Hmotnost porce<\/b><\/td>\n<td><span style=\"font-weight: 400;\">0,36 gram\u016f<\/span><\/td>\n<\/tr>\n<tr>\n<td><b>Po\u010det porc\u00ed<\/b><\/td>\n<td><span style=\"font-weight: 400;\">33 na plechovku<\/span><\/td>\n<\/tr>\n<tr>\n<td><b>Celkov\u00e1 hmotnost plechovky<\/b><\/td>\n<td><span style=\"font-weight: 400;\">11,9 gram\u016f<\/span><\/td>\n<\/tr>\n<tr>\n<td><b>V\u00fdrobce<\/b><\/td>\n<td><span style=\"font-weight: 400;\">HRJ Production O\u00dc<\/span><\/td>\n<\/tr>\n<tr>\n<td><b>Pozoruhodn\u00e9 funkce<\/b><\/td>\n<td><span style=\"font-weight: 400;\">Bez tab\u00e1ku, mini form\u00e1t, extra siln\u00e1 m\u00e1ta s kompaktn\u00edm a diskr\u00e9tn\u00edm pod\u00e1n\u00edm<\/span><\/td>\n<\/tr>\n<\/tbody>\n<\/table>","protected":false},"excerpt":{"rendered":"<p><span style=\"font-weight: 400;\">NOIS Cool Strong Mini 35 mg nab\u00edz\u00ed <\/span><b>ostr\u00fd a ledov\u00fd pocit m\u00e1ty<\/b><span style=\"font-weight: 400;\"> zabalen\u00e9 v diskr\u00e9tn\u00edm miniaturn\u00edm pouzd\u0159e, ide\u00e1ln\u00ed pro u\u017eivatele, kte\u0159\u00ed hledaj\u00ed maxim\u00e1ln\u00ed s\u00edlu bez omezen\u00ed pohodl\u00ed. Toto pouzdro poskytuje <\/span><b>povzbuzuj\u00edc\u00ed chladiv\u00fd \u00fa\u010dinek s 12,5 mg nikotinu<\/b><span style=\"font-weight: 400;\"> (35 mg\/g), p\u0159izp\u016fsoben\u00fd pokro\u010dil\u00fdm u\u017eivatel\u016fm, kte\u0159\u00ed pot\u0159ebuj\u00ed dlouhotrvaj\u00edc\u00ed intenzitu v mal\u00e9m form\u00e1tu.<\/span><\/p>","protected":false},"featured_media":14225,"comment_status":"open","ping_status":"closed","template":"","format":[205],"meta":{"_acf_changed":false},"product_brand":[],"product_cat":[127],"product_tag":[16775,16510],"flavours":[199],"nicotine":[223,233],"class_list":{"0":"post-14221","1":"product","2":"type-product","3":"status-publish","4":"has-post-thumbnail","6":"product_cat-nois","7":"product_tag-12-5-mg-pouch","8":"product_tag-12-off","9":"pa_quantity-1-pack","10":"pa_quantity-10-pack","11":"pa_quantity-3-pack","12":"pa_quantity-30-pack","13":"pa_quantity-5-pack","14":"pa_quantity-60-pack","15":"flavours-mint","16":"format-mini","17":"nicotine-35-mg-g","18":"nicotine-extreme","20":"first","21":"instock","22":"sale","23":"taxable","24":"shipping-taxable","25":"purchasable","26":"product-type-variable","27":"has-default-attributes"},"acf":[],"_links":{"self":[{"href":"https:\/\/whitelip.com\/cs\/wp-json\/wp\/v2\/product\/14221","targetHints":{"allow":["GET"]}}],"collection":[{"href":"https:\/\/whitelip.com\/cs\/wp-json\/wp\/v2\/product"}],"about":[{"href":"https:\/\/whitelip.com\/cs\/wp-json\/wp\/v2\/types\/product"}],"replies":[{"embeddable":true,"href":"https:\/\/whitelip.com\/cs\/wp-json\/wp\/v2\/comments?post=14221"}],"wp:featuredmedia":[{"embeddable":true,"href":"https:\/\/whitelip.com\/cs\/wp-json\/wp\/v2\/media\/14225"}],"wp:attachment":[{"href":"https:\/\/whitelip.com\/cs\/wp-json\/wp\/v2\/media?parent=14221"}],"wp:term":[{"taxonomy":"product_brand","embeddable":true,"href":"https:\/\/whitelip.com\/cs\/wp-json\/wp\/v2\/product_brand?post=14221"},{"taxonomy":"product_cat","embeddable":true,"href":"https:\/\/whitelip.com\/cs\/wp-json\/wp\/v2\/product_cat?post=14221"},{"taxonomy":"product_tag","embeddable":true,"href":"https:\/\/whitelip.com\/cs\/wp-json\/wp\/v2\/product_tag?post=14221"},{"taxonomy":"flavours","embeddable":true,"href":"https:\/\/whitelip.com\/cs\/wp-json\/wp\/v2\/flavours?post=14221"},{"taxonomy":"format","embeddable":true,"href":"https:\/\/whitelip.com\/cs\/wp-json\/wp\/v2\/format?post=14221"},{"taxonomy":"nicotine","embeddable":true,"href":"https:\/\/whitelip.com\/cs\/wp-json\/wp\/v2\/nicotine?post=14221"}],"curies":[{"name":"wp","href":"https:\/\/api.w.org\/{rel}","templated":true}]}}