{"id":14210,"date":"2025-08-20T11:05:21","date_gmt":"2025-08-20T11:05:21","guid":{"rendered":"https:\/\/whitelip.com\/?post_type=product&#038;p=14210"},"modified":"2026-05-06T10:11:25","modified_gmt":"2026-05-06T10:11:25","slug":"nois-mint-20mg","status":"publish","type":"product","link":"https:\/\/whitelip.com\/cs\/nois\/nois-mint-20mg\/","title":{"rendered":"NOIS Mint 20 mg"},"content":{"rendered":"<h2><strong>NOIS Mint 20 mg<\/strong><\/h2>\n<p><span style=\"font-weight: 400;\">NOIS Mint 20 mg p\u0159in\u00e1\u0161\u00ed <\/span><b>intenzivn\u011b sv\u011b\u017e\u00ed a chladiv\u00e1 m\u00e1tov\u00e1 p\u0159\u00edchu\u0165<\/b><span style=\"font-weight: 400;\">, navr\u017een\u00e1 tak, aby probudila va\u0161e smysly sv\u011b\u017e\u00ed a \u010distou v\u016fn\u00ed. Ka\u017ed\u00fd tenk\u00fd s\u00e1\u010dek je ide\u00e1ln\u00ed pro u\u017eivatele, kte\u0159\u00ed maj\u00ed r\u00e1di klasick\u00e9 m\u00e1tov\u00e9 s\u00e1\u010dky s extra siln\u00fdm nikotinov\u00fdm n\u00e1dechem, a nab\u00edz\u00ed rychl\u00fd a uspokojiv\u00fd z\u00e1\u017eitek. S <\/span><b>10 mg nikotinu v jednom s\u00e1\u010dku<\/b><span style=\"font-weight: 400;\"> (20 mg\/g) je ur\u010den pro zku\u0161en\u00e9 u\u017eivatele, kte\u0159\u00ed hledaj\u00ed vysok\u00fd v\u00fdkon a ledov\u00e9 osv\u011b\u017een\u00ed.<\/span><\/p>\n<p><span style=\"font-weight: 400;\">Tyto zcela b\u00edl\u00e9 s\u00e1\u010dky se nen\u00e1padn\u011b vkl\u00e1daj\u00ed pod ret a jsou vyrobeny tak, aby nedoch\u00e1zelo k zabarven\u00ed zub\u016f nebo nepohodl\u00ed. NOIS Mint 20 mg neobsahuje tab\u00e1k a je vyroben z prvot\u0159\u00eddn\u00edch rostlinn\u00fdch ingredienc\u00ed a je vhodnou volbou pro ka\u017ed\u00e9ho, kdo hled\u00e1 \u010distou, silnou a povzbuzuj\u00edc\u00ed nikotinovou alternativu.<\/span><\/p>\n<p><b>Specifikace<\/b><\/p>\n<table>\n<tbody>\n<tr>\n<td><b>Atribut<\/b><\/td>\n<td><b>Podrobnosti na<\/b><\/td>\n<\/tr>\n<tr>\n<td><b>Zna\u010dka<\/b><\/td>\n<td><span style=\"font-weight: 400;\">NOIS<\/span><\/td>\n<\/tr>\n<tr>\n<td><b>Typ v\u00fdrobku<\/b><\/td>\n<td><span style=\"font-weight: 400;\">V\u0161echny b\u00edl\u00e9 nikotinov\u00e9 s\u00e1\u010dky<\/span><\/td>\n<\/tr>\n<tr>\n<td><b>Form\u00e1t<\/b><\/td>\n<td><span style=\"font-weight: 400;\">Slim<\/span><\/td>\n<\/tr>\n<tr>\n<td><b>P\u0159\u00edchu\u0165<\/b><\/td>\n<td><span style=\"font-weight: 400;\">M\u00e1tov\u00fd<\/span><\/td>\n<\/tr>\n<tr>\n<td><b>S\u00edla nikotinu<\/b><\/td>\n<td><span style=\"font-weight: 400;\">10 mg na s\u00e1\u010dek (20 mg\/g)<\/span><\/td>\n<\/tr>\n<tr>\n<td><b>Hmotnost porce<\/b><\/td>\n<td><span style=\"font-weight: 400;\">0,5 gramu<\/span><\/td>\n<\/tr>\n<tr>\n<td><b>Po\u010det porc\u00ed<\/b><\/td>\n<td><span style=\"font-weight: 400;\">22 na plechovku<\/span><\/td>\n<\/tr>\n<tr>\n<td><b>Celkov\u00e1 hmotnost plechovky<\/b><\/td>\n<td><span style=\"font-weight: 400;\">11 gram\u016f<\/span><\/td>\n<\/tr>\n<tr>\n<td><b>V\u00fdrobce<\/b><\/td>\n<td><span style=\"font-weight: 400;\">HRJ Production O\u00dc<\/span><\/td>\n<\/tr>\n<tr>\n<td><b>Pozoruhodn\u00e9 funkce<\/b><\/td>\n<td><span style=\"font-weight: 400;\">Bez tab\u00e1ku, tenk\u00fd form\u00e1t, ultra osv\u011b\u017euj\u00edc\u00ed mintov\u00e1 p\u0159\u00edchu\u0165 s extra siln\u00fdm nikoinem<\/span><\/td>\n<\/tr>\n<\/tbody>\n<\/table>","protected":false},"excerpt":{"rendered":"<p><span style=\"font-weight: 400;\">NOIS Mint 20 mg p\u0159in\u00e1\u0161\u00ed <\/span><b>intenzivn\u011b sv\u011b\u017e\u00ed a chladiv\u00e1 m\u00e1tov\u00e1 p\u0159\u00edchu\u0165<\/b><span style=\"font-weight: 400;\">, navr\u017een\u00e1 tak, aby probudila va\u0161e smysly sv\u011b\u017e\u00ed a \u010distou v\u016fn\u00ed. Ka\u017ed\u00fd tenk\u00fd s\u00e1\u010dek je ide\u00e1ln\u00ed pro u\u017eivatele, kte\u0159\u00ed maj\u00ed r\u00e1di klasick\u00e9 m\u00e1tov\u00e9 s\u00e1\u010dky s extra siln\u00fdm nikotinov\u00fdm n\u00e1dechem, a nab\u00edz\u00ed rychl\u00fd a uspokojiv\u00fd z\u00e1\u017eitek. S <\/span><b>10 mg nikotinu v jednom s\u00e1\u010dku<\/b><span style=\"font-weight: 400;\"> (20 mg\/g) je ur\u010den pro zku\u0161en\u00e9 u\u017eivatele, kte\u0159\u00ed hledaj\u00ed vysok\u00fd v\u00fdkon a ledov\u00e9 osv\u011b\u017een\u00ed.<\/span><\/p>","protected":false},"featured_media":14214,"comment_status":"open","ping_status":"closed","template":"","format":[206],"meta":{"_acf_changed":false},"product_brand":[],"product_cat":[127],"product_tag":[16587,16510],"flavours":[199],"nicotine":[218,232],"class_list":{"0":"post-14210","1":"product","2":"type-product","3":"status-publish","4":"has-post-thumbnail","6":"product_cat-nois","7":"product_tag-10-mg-pouch","8":"product_tag-12-off","9":"pa_quantity-1-pack","10":"pa_quantity-10-pack","11":"pa_quantity-3-pack","12":"pa_quantity-30-pack","13":"pa_quantity-5-pack","14":"pa_quantity-60-pack","15":"flavours-mint","16":"format-slim","17":"nicotine-20-mg-g","18":"nicotine-extra-strong","20":"first","21":"outofstock","22":"sale","23":"taxable","24":"shipping-taxable","25":"purchasable","26":"product-type-variable","27":"has-default-attributes"},"acf":[],"_links":{"self":[{"href":"https:\/\/whitelip.com\/cs\/wp-json\/wp\/v2\/product\/14210","targetHints":{"allow":["GET"]}}],"collection":[{"href":"https:\/\/whitelip.com\/cs\/wp-json\/wp\/v2\/product"}],"about":[{"href":"https:\/\/whitelip.com\/cs\/wp-json\/wp\/v2\/types\/product"}],"replies":[{"embeddable":true,"href":"https:\/\/whitelip.com\/cs\/wp-json\/wp\/v2\/comments?post=14210"}],"wp:featuredmedia":[{"embeddable":true,"href":"https:\/\/whitelip.com\/cs\/wp-json\/wp\/v2\/media\/14214"}],"wp:attachment":[{"href":"https:\/\/whitelip.com\/cs\/wp-json\/wp\/v2\/media?parent=14210"}],"wp:term":[{"taxonomy":"product_brand","embeddable":true,"href":"https:\/\/whitelip.com\/cs\/wp-json\/wp\/v2\/product_brand?post=14210"},{"taxonomy":"product_cat","embeddable":true,"href":"https:\/\/whitelip.com\/cs\/wp-json\/wp\/v2\/product_cat?post=14210"},{"taxonomy":"product_tag","embeddable":true,"href":"https:\/\/whitelip.com\/cs\/wp-json\/wp\/v2\/product_tag?post=14210"},{"taxonomy":"flavours","embeddable":true,"href":"https:\/\/whitelip.com\/cs\/wp-json\/wp\/v2\/flavours?post=14210"},{"taxonomy":"format","embeddable":true,"href":"https:\/\/whitelip.com\/cs\/wp-json\/wp\/v2\/format?post=14210"},{"taxonomy":"nicotine","embeddable":true,"href":"https:\/\/whitelip.com\/cs\/wp-json\/wp\/v2\/nicotine?post=14210"}],"curies":[{"name":"wp","href":"https:\/\/api.w.org\/{rel}","templated":true}]}}