{"id":14204,"date":"2025-08-20T11:05:22","date_gmt":"2025-08-20T11:05:22","guid":{"rendered":"https:\/\/whitelip.com\/?post_type=product&#038;p=14204"},"modified":"2026-05-06T10:11:25","modified_gmt":"2026-05-06T10:11:25","slug":"nois-blackcurrant-16mg","status":"publish","type":"product","link":"https:\/\/whitelip.com\/cs\/nois\/nois-blackcurrant-16mg\/","title":{"rendered":"NOIS \u010cern\u00fd ryb\u00edz 16mg"},"content":{"rendered":"<h2><strong>NOIS \u010cern\u00fd ryb\u00edz 16mg<\/strong><\/h2>\n<p><span style=\"font-weight: 400;\">NOIS Blackcurrant 16 mg poskytuje <\/span><b>v\u00fdrazn\u00e1 a \u0161\u0165avnat\u00e1 chu\u0165 \u010dern\u00e9ho ryb\u00edzu<\/b><span style=\"font-weight: 400;\">, kter\u00e9 nab\u00edz\u00ed bohat\u00fd z\u00e1\u017eitek z bobulov\u00e9ho ovoce s trpk\u00fdm, ale sladk\u00fdm z\u00e1v\u011brem. Ka\u017ed\u00fd s\u00e1\u010dek je vytvo\u0159en pro u\u017eivatele, kte\u0159\u00ed maj\u00ed r\u00e1di intenzivn\u00ed ovocn\u00e9 profily, a poskytuje konzistentn\u00ed a siln\u00fd p\u0159\u00edsun nikotinu. S <\/span><b>8 mg nikotinu v jednom s\u00e1\u010dku<\/b><span style=\"font-weight: 400;\"> (16 mg\/g), je ur\u010den pro ty, kte\u0159\u00ed hledaj\u00ed siln\u00fd a trval\u00fd \u00fa\u010dinek.<\/span><\/p>\n<p><span style=\"font-weight: 400;\">Tato tenk\u00e1, zcela b\u00edl\u00e1 pouzdra jsou vyrobena pro diskr\u00e9tn\u00ed a pohodln\u00e9 pou\u017e\u00edv\u00e1n\u00ed, snadno se usad\u00ed pod rty, ani\u017e by zabarvila zuby nebo zp\u016fsobila podr\u00e1\u017ed\u011bn\u00ed. S\u00e1\u010dky NOIS, kter\u00e9 vyr\u00e1b\u00ed spole\u010dnost HRJ Production O\u00dc, odr\u00e1\u017eej\u00ed vysok\u00fd standard kvality a pou\u017e\u00edvaj\u00ed materi\u00e1ly bez tab\u00e1ku na rostlinn\u00e9 b\u00e1zi, kter\u00e9 p\u0159edstavuj\u00ed \u010distou a uspokojivou modern\u00ed alternativu.<\/span><\/p>\n<table>\n<tbody>\n<tr>\n<td><b>Atribut<\/b><\/td>\n<td><b>Podrobnosti na<\/b><\/td>\n<\/tr>\n<tr>\n<td><b>Zna\u010dka<\/b><\/td>\n<td><span style=\"font-weight: 400;\">NOIS<\/span><\/td>\n<\/tr>\n<tr>\n<td><b>Typ v\u00fdrobku<\/b><\/td>\n<td><span style=\"font-weight: 400;\">V\u0161echny b\u00edl\u00e9 nikotinov\u00e9 s\u00e1\u010dky<\/span><\/td>\n<\/tr>\n<tr>\n<td><b>Form\u00e1t<\/b><\/td>\n<td><span style=\"font-weight: 400;\">Slim<\/span><\/td>\n<\/tr>\n<tr>\n<td><b>P\u0159\u00edchu\u0165<\/b><\/td>\n<td><span style=\"font-weight: 400;\">\u010cern\u00fd ryb\u00edz<\/span><\/td>\n<\/tr>\n<tr>\n<td><b>S\u00edla nikotinu<\/b><\/td>\n<td><span style=\"font-weight: 400;\">8 mg na s\u00e1\u010dek (16 mg\/g)<\/span><\/td>\n<\/tr>\n<tr>\n<td><b>Hmotnost porce<\/b><\/td>\n<td><span style=\"font-weight: 400;\">0,5 gramu<\/span><\/td>\n<\/tr>\n<tr>\n<td><b>Po\u010det porc\u00ed<\/b><\/td>\n<td><span style=\"font-weight: 400;\">22 na plechovku<\/span><\/td>\n<\/tr>\n<tr>\n<td><b>Celkov\u00e1 hmotnost plechovky<\/b><\/td>\n<td><span style=\"font-weight: 400;\">11 gram\u016f<\/span><\/td>\n<\/tr>\n<tr>\n<td><b>V\u00fdrobce<\/b><\/td>\n<td><span style=\"font-weight: 400;\">HRJ Production O\u00dc<\/span><\/td>\n<\/tr>\n<tr>\n<td><b>Pozoruhodn\u00e9 funkce<\/b><\/td>\n<td><span style=\"font-weight: 400;\">Bez tab\u00e1ku, tenk\u00fd form\u00e1t, bohat\u00e1 chut \u010dern\u00e9ho ryb\u00edzu se siln\u00fdm \u00fa\u010dinkem nikotinu<\/span><\/td>\n<\/tr>\n<\/tbody>\n<\/table>","protected":false},"excerpt":{"rendered":"<p><span style=\"font-weight: 400;\">NOIS Blackcurrant 16 mg poskytuje <\/span><b>v\u00fdrazn\u00e1 a \u0161\u0165avnat\u00e1 chu\u0165 \u010dern\u00e9ho ryb\u00edzu<\/b><span style=\"font-weight: 400;\">, kter\u00e9 nab\u00edz\u00ed bohat\u00fd z\u00e1\u017eitek z bobulov\u00e9ho ovoce s trpk\u00fdm, ale sladk\u00fdm z\u00e1v\u011brem. Ka\u017ed\u00fd s\u00e1\u010dek je vytvo\u0159en pro u\u017eivatele, kte\u0159\u00ed maj\u00ed r\u00e1di intenzivn\u00ed ovocn\u00e9 profily, a poskytuje konzistentn\u00ed a siln\u00fd p\u0159\u00edsun nikotinu. S <\/span><b>8 mg nikotinu v jednom s\u00e1\u010dku<\/b><span style=\"font-weight: 400;\"> (16 mg\/g), je ur\u010den pro ty, kte\u0159\u00ed hledaj\u00ed siln\u00fd a trval\u00fd \u00fa\u010dinek.<\/span><\/p>","protected":false},"featured_media":14208,"comment_status":"open","ping_status":"closed","template":"","format":[206],"meta":{"_acf_changed":false},"product_brand":[],"product_cat":[127],"product_tag":[16510,16583],"flavours":[196],"nicotine":[213,232],"class_list":{"0":"post-14204","1":"product","2":"type-product","3":"status-publish","4":"has-post-thumbnail","6":"product_cat-nois","7":"product_tag-12-off","8":"product_tag-8-mg-pouch","9":"pa_quantity-1-pack","10":"pa_quantity-10-pack","11":"pa_quantity-3-pack","12":"pa_quantity-30-pack","13":"pa_quantity-5-pack","14":"pa_quantity-60-pack","15":"flavours-fruits-berries","16":"format-slim","17":"nicotine-16-mg-g","18":"nicotine-extra-strong","20":"first","21":"instock","22":"sale","23":"taxable","24":"shipping-taxable","25":"purchasable","26":"product-type-variable","27":"has-default-attributes"},"acf":[],"_links":{"self":[{"href":"https:\/\/whitelip.com\/cs\/wp-json\/wp\/v2\/product\/14204","targetHints":{"allow":["GET"]}}],"collection":[{"href":"https:\/\/whitelip.com\/cs\/wp-json\/wp\/v2\/product"}],"about":[{"href":"https:\/\/whitelip.com\/cs\/wp-json\/wp\/v2\/types\/product"}],"replies":[{"embeddable":true,"href":"https:\/\/whitelip.com\/cs\/wp-json\/wp\/v2\/comments?post=14204"}],"wp:featuredmedia":[{"embeddable":true,"href":"https:\/\/whitelip.com\/cs\/wp-json\/wp\/v2\/media\/14208"}],"wp:attachment":[{"href":"https:\/\/whitelip.com\/cs\/wp-json\/wp\/v2\/media?parent=14204"}],"wp:term":[{"taxonomy":"product_brand","embeddable":true,"href":"https:\/\/whitelip.com\/cs\/wp-json\/wp\/v2\/product_brand?post=14204"},{"taxonomy":"product_cat","embeddable":true,"href":"https:\/\/whitelip.com\/cs\/wp-json\/wp\/v2\/product_cat?post=14204"},{"taxonomy":"product_tag","embeddable":true,"href":"https:\/\/whitelip.com\/cs\/wp-json\/wp\/v2\/product_tag?post=14204"},{"taxonomy":"flavours","embeddable":true,"href":"https:\/\/whitelip.com\/cs\/wp-json\/wp\/v2\/flavours?post=14204"},{"taxonomy":"format","embeddable":true,"href":"https:\/\/whitelip.com\/cs\/wp-json\/wp\/v2\/format?post=14204"},{"taxonomy":"nicotine","embeddable":true,"href":"https:\/\/whitelip.com\/cs\/wp-json\/wp\/v2\/nicotine?post=14204"}],"curies":[{"name":"wp","href":"https:\/\/api.w.org\/{rel}","templated":true}]}}