{"id":10785,"date":"2025-06-24T10:38:11","date_gmt":"2025-06-24T10:38:11","guid":{"rendered":"https:\/\/whitelip.com\/apres-blueberry-hyper-strong\/"},"modified":"2026-04-13T17:48:08","modified_gmt":"2026-04-13T17:48:08","slug":"apres-blueberry-hyper-strong","status":"publish","type":"product","link":"https:\/\/whitelip.com\/cs\/apres\/apres-blueberry-hyper-strong\/","title":{"rendered":"APR\u00c8S Blueberry Hyp\u00e8r Strong"},"content":{"rendered":"<h2><strong>APR\u00c8S Blueberry Hyp\u00e8r Strong<\/strong><\/h2>\n<p><span style=\"font-weight: 400;\">APR\u00c8S Blueberry Hyp\u00e8r Siln\u00e9 nikotinov\u00e9 s\u00e1\u010dky p\u0159in\u00e1\u0161ej\u00ed intenzivn\u00ed p\u0159\u00edval sladk\u00e9 a pikantn\u00ed bor\u016fvkov\u00e9 chuti, ur\u010den\u00e9 pro ty, kte\u0159\u00ed tou\u017e\u00ed po odv\u00e1\u017en\u00e9m z\u00e1\u017eitku z bobul\u00ed. Ka\u017ed\u00fd tenk\u00fd, celob\u00edl\u00fd s\u00e1\u010dek obsahuje 11 mg nikotinu a nab\u00edz\u00ed siln\u00fd a konzistentn\u00ed \u00fa\u010dinek ide\u00e1ln\u00ed pro zku\u0161en\u00e9 u\u017eivatele. Diskr\u00e9tn\u00ed form\u00e1t zaji\u0161\u0165uje pohodl\u00ed a snadn\u00e9 pou\u017eit\u00ed pod rtem, a to v\u0161e p\u0159i zamezen\u00ed zabarven\u00ed zub\u016f. Tyto s\u00e1\u010dky, vyr\u00e1b\u011bn\u00e9 spole\u010dnost\u00ed APR\u00c8S Nicotine AB, kombinuj\u00ed \u017eivou ovocnou chu\u0165 s vysoce siln\u00fdm nikotinem v \u010dist\u00e9m form\u00e1tu bez tab\u00e1ku.<\/span><\/p>\n<table>\n<tbody>\n<tr>\n<td><b>Atribut<\/b><\/td>\n<td><b>Podrobnosti na<\/b><\/td>\n<\/tr>\n<tr>\n<td><b>Obsah na plechovku<\/b><\/td>\n<td><span style=\"font-weight: 400;\">11 g (20 s\u00e1\u010dk\u016f)<\/span><\/td>\n<\/tr>\n<tr>\n<td><b>Obsah nikotinu<\/b><\/td>\n<td><span style=\"font-weight: 400;\">20 mg\/g (11 mg na s\u00e1\u010dek)<\/span><\/td>\n<\/tr>\n<tr>\n<td><b>Form\u00e1t pouzdra<\/b><\/td>\n<td><span style=\"font-weight: 400;\">Slim<\/span><\/td>\n<\/tr>\n<tr>\n<td><b>V\u00fdrobce<\/b><\/td>\n<td><span style=\"font-weight: 400;\">APR\u00c8S Nicotine AB<\/span><\/td>\n<\/tr>\n<tr>\n<td><b>P\u0159\u00edchu\u0165<\/b><\/td>\n<td><span style=\"font-weight: 400;\">Bor\u016fvky<\/span><\/td>\n<\/tr>\n<tr>\n<td><b>Typ<\/b><\/td>\n<td><span style=\"font-weight: 400;\">Celob\u00edl\u00e9 pouzdro<\/span><\/td>\n<\/tr>\n<\/tbody>\n<\/table>","protected":false},"excerpt":{"rendered":"<p>Intenzivn\u00ed, sladk\u00fd a pikantn\u00ed <strong data-start=\"25\" data-end=\"38\">bor\u016fvky<\/strong> pro v\u00fdrazn\u00fd bobulov\u00fd n\u00e1dech. Na <strong data-start=\"65\" data-end=\"84\">\u0161t\u00edhl\u00fd, <\/strong>celob\u00edl\u00e9 s\u00e1\u010dky diskr\u00e9tn\u011b a pohodln\u011b sed\u00ed pod rty pro \u010dist\u00e9 ka\u017edodenn\u00ed pou\u017eit\u00ed. Ka\u017ed\u00fd s\u00e1\u010dek obsahuje <strong data-start=\"183\" data-end=\"201\">11 mg nikotinu<\/strong>, kter\u00e1 p\u0159in\u00e1\u0161\u00ed siln\u00fd a stabiln\u00ed \u00fa\u010dinek ide\u00e1ln\u00ed pro zku\u0161en\u00e9 u\u017eivatele ve form\u00e1tu bez tab\u00e1ku od spole\u010dnosti APR\u00c8S Nicotine AB.<\/p>","protected":false},"featured_media":10786,"comment_status":"open","ping_status":"closed","template":"","format":[206],"meta":{"_acf_changed":false},"product_brand":[],"product_cat":[41],"product_tag":[16551],"flavours":[196],"nicotine":[218,232],"class_list":{"0":"post-10785","1":"product","2":"type-product","3":"status-publish","4":"has-post-thumbnail","6":"product_cat-apres","7":"product_tag-11-mg-pouch","8":"pa_quantity-1-pack","9":"pa_quantity-10-pack","10":"pa_quantity-3-pack","11":"pa_quantity-30-pack","12":"pa_quantity-5-pack","13":"pa_quantity-60-pack","14":"flavours-fruits-berries","15":"format-slim","16":"nicotine-20-mg-g","17":"nicotine-extra-strong","19":"first","20":"instock","21":"taxable","22":"shipping-taxable","23":"purchasable","24":"product-type-variable","25":"has-default-attributes"},"acf":[],"_links":{"self":[{"href":"https:\/\/whitelip.com\/cs\/wp-json\/wp\/v2\/product\/10785","targetHints":{"allow":["GET"]}}],"collection":[{"href":"https:\/\/whitelip.com\/cs\/wp-json\/wp\/v2\/product"}],"about":[{"href":"https:\/\/whitelip.com\/cs\/wp-json\/wp\/v2\/types\/product"}],"replies":[{"embeddable":true,"href":"https:\/\/whitelip.com\/cs\/wp-json\/wp\/v2\/comments?post=10785"}],"wp:featuredmedia":[{"embeddable":true,"href":"https:\/\/whitelip.com\/cs\/wp-json\/wp\/v2\/media\/10786"}],"wp:attachment":[{"href":"https:\/\/whitelip.com\/cs\/wp-json\/wp\/v2\/media?parent=10785"}],"wp:term":[{"taxonomy":"product_brand","embeddable":true,"href":"https:\/\/whitelip.com\/cs\/wp-json\/wp\/v2\/product_brand?post=10785"},{"taxonomy":"product_cat","embeddable":true,"href":"https:\/\/whitelip.com\/cs\/wp-json\/wp\/v2\/product_cat?post=10785"},{"taxonomy":"product_tag","embeddable":true,"href":"https:\/\/whitelip.com\/cs\/wp-json\/wp\/v2\/product_tag?post=10785"},{"taxonomy":"flavours","embeddable":true,"href":"https:\/\/whitelip.com\/cs\/wp-json\/wp\/v2\/flavours?post=10785"},{"taxonomy":"format","embeddable":true,"href":"https:\/\/whitelip.com\/cs\/wp-json\/wp\/v2\/format?post=10785"},{"taxonomy":"nicotine","embeddable":true,"href":"https:\/\/whitelip.com\/cs\/wp-json\/wp\/v2\/nicotine?post=10785"}],"curies":[{"name":"wp","href":"https:\/\/api.w.org\/{rel}","templated":true}]}}