{"id":10780,"date":"2025-06-24T10:38:11","date_gmt":"2025-06-24T10:38:11","guid":{"rendered":"https:\/\/whitelip.com\/apres-blueberry\/"},"modified":"2026-05-06T10:11:25","modified_gmt":"2026-05-06T10:11:25","slug":"apres-blueberry","status":"publish","type":"product","link":"https:\/\/whitelip.com\/cs\/apres\/apres-blueberry\/","title":{"rendered":"APR\u00c8S Blueberry"},"content":{"rendered":"<h2><b>APR\u00c8S Blueberry<\/b><\/h2>\n<p><span style=\"font-weight: 400;\">Nikotinov\u00e9 s\u00e1\u010dky APR\u00c8S Blueberry p\u0159in\u00e1\u0161ej\u00ed jemnou a \u0161\u0165avnatou p\u0159\u00edchu\u0165 lesn\u00edch plod\u016f a zachycuj\u00ed p\u0159irozenou sladkost \u010derstv\u00fdch bor\u016fvek v ka\u017ed\u00e9m s\u00e1\u010dku. Hladk\u00e1, vyv\u00e1\u017een\u00e1 a lehce pikantn\u00ed p\u0159\u00edchu\u0165 nab\u00edz\u00ed uspokojivou a p\u0159\u00edstupnou mo\u017enost pro ka\u017edodenn\u00ed pou\u017eit\u00ed. Ka\u017ed\u00fd tenk\u00fd, celob\u00edl\u00fd s\u00e1\u010dek obsahuje 4,4 mg nikotinu, tak\u017ee je ide\u00e1ln\u00ed pro ty, kte\u0159\u00ed d\u00e1vaj\u00ed p\u0159ednost jemn\u00e9mu, ale konzistentn\u00edmu uvol\u0148ov\u00e1n\u00ed. Tyto beztab\u00e1kov\u00e9 s\u00e1\u010dky, vyroben\u00e9 spole\u010dnost\u00ed APR\u00c8S Nicotine AB, kombinuj\u00ed inovativn\u00ed design p\u0159\u00edchut\u00ed se \u0161v\u00e9dskou kvalitou a diskr\u00e9tnost\u00ed.<\/span><\/p>\n<table>\n<tbody>\n<tr>\n<td><b>Atribut<\/b><\/td>\n<td><b>Podrobnosti na<\/b><\/td>\n<\/tr>\n<tr>\n<td><b>Obsah na plechovku<\/b><\/td>\n<td><span style=\"font-weight: 400;\">11 g (20 s\u00e1\u010dk\u016f)<\/span><\/td>\n<\/tr>\n<tr>\n<td><b>Obsah nikotinu<\/b><\/td>\n<td><span style=\"font-weight: 400;\">8 mg\/g (4,4 mg na s\u00e1\u010dek)<\/span><\/td>\n<\/tr>\n<tr>\n<td><b>Form\u00e1t pouzdra<\/b><\/td>\n<td><span style=\"font-weight: 400;\">Slim<\/span><\/td>\n<\/tr>\n<tr>\n<td><b>V\u00fdrobce<\/b><\/td>\n<td><span style=\"font-weight: 400;\">APR\u00c8S Nicotine AB<\/span><\/td>\n<\/tr>\n<tr>\n<td><b>P\u0159\u00edchu\u0165<\/b><\/td>\n<td><span style=\"font-weight: 400;\">Bor\u016fvky<\/span><\/td>\n<\/tr>\n<tr>\n<td><b>Typ<\/b><\/td>\n<td><span style=\"font-weight: 400;\">Celob\u00edl\u00e9 pouzdro<\/span><\/td>\n<\/tr>\n<\/tbody>\n<\/table>","protected":false},"excerpt":{"rendered":"<p>M\u011bkk\u00e9, \u0161\u0165avnat\u00e9 <strong data-start=\"12\" data-end=\"25\">bor\u016fvky<\/strong> s jemnou chut\u00ed pro ka\u017edodenn\u00ed pou\u017eit\u00ed. Na <strong data-start=\"77\" data-end=\"96\">\u0161t\u00edhl\u00fd, <\/strong>celob\u00edl\u00e9 s\u00e1\u010dky diskr\u00e9tn\u011b a pohodln\u011b sed\u00ed pod rtem a m\u016f\u017eete je kdykoli pou\u017e\u00edt v \u010distot\u011b. Ka\u017ed\u00fd s\u00e1\u010dek obsahuje <strong data-start=\"193\" data-end=\"212\">4,4 mg nikotinu<\/strong>, kter\u00e1 nab\u00edz\u00ed lehk\u00e9 a konzistentn\u00ed uvol\u0148ov\u00e1n\u00ed od spole\u010dnosti APR\u00c8S Nicotine AB.<\/p>","protected":false},"featured_media":10781,"comment_status":"open","ping_status":"closed","template":"","format":[205],"meta":{"_acf_changed":false},"product_brand":[],"product_cat":[41],"product_tag":[16549],"flavours":[196],"nicotine":[230,236],"class_list":{"0":"post-10780","1":"product","2":"type-product","3":"status-publish","4":"has-post-thumbnail","6":"product_cat-apres","7":"product_tag-4-4-mg-pouch","8":"pa_quantity-1-pack","9":"pa_quantity-10-pack","10":"pa_quantity-3-pack","11":"pa_quantity-30-pack","12":"pa_quantity-5-pack","13":"pa_quantity-60-pack","14":"flavours-fruits-berries","15":"format-mini","16":"nicotine-8-mg-g","17":"nicotine-strong","19":"first","20":"outofstock","21":"taxable","22":"shipping-taxable","23":"purchasable","24":"product-type-variable","25":"has-default-attributes"},"acf":[],"_links":{"self":[{"href":"https:\/\/whitelip.com\/cs\/wp-json\/wp\/v2\/product\/10780","targetHints":{"allow":["GET"]}}],"collection":[{"href":"https:\/\/whitelip.com\/cs\/wp-json\/wp\/v2\/product"}],"about":[{"href":"https:\/\/whitelip.com\/cs\/wp-json\/wp\/v2\/types\/product"}],"replies":[{"embeddable":true,"href":"https:\/\/whitelip.com\/cs\/wp-json\/wp\/v2\/comments?post=10780"}],"wp:featuredmedia":[{"embeddable":true,"href":"https:\/\/whitelip.com\/cs\/wp-json\/wp\/v2\/media\/10781"}],"wp:attachment":[{"href":"https:\/\/whitelip.com\/cs\/wp-json\/wp\/v2\/media?parent=10780"}],"wp:term":[{"taxonomy":"product_brand","embeddable":true,"href":"https:\/\/whitelip.com\/cs\/wp-json\/wp\/v2\/product_brand?post=10780"},{"taxonomy":"product_cat","embeddable":true,"href":"https:\/\/whitelip.com\/cs\/wp-json\/wp\/v2\/product_cat?post=10780"},{"taxonomy":"product_tag","embeddable":true,"href":"https:\/\/whitelip.com\/cs\/wp-json\/wp\/v2\/product_tag?post=10780"},{"taxonomy":"flavours","embeddable":true,"href":"https:\/\/whitelip.com\/cs\/wp-json\/wp\/v2\/flavours?post=10780"},{"taxonomy":"format","embeddable":true,"href":"https:\/\/whitelip.com\/cs\/wp-json\/wp\/v2\/format?post=10780"},{"taxonomy":"nicotine","embeddable":true,"href":"https:\/\/whitelip.com\/cs\/wp-json\/wp\/v2\/nicotine?post=10780"}],"curies":[{"name":"wp","href":"https:\/\/api.w.org\/{rel}","templated":true}]}}