{"id":10765,"date":"2025-06-24T10:38:12","date_gmt":"2025-06-24T10:38:12","guid":{"rendered":"https:\/\/whitelip.com\/apres-bananas-mini\/"},"modified":"2026-05-14T10:11:32","modified_gmt":"2026-05-14T10:11:32","slug":"apres-bananas-mini","status":"publish","type":"product","link":"https:\/\/whitelip.com\/cs\/apres\/apres-bananas-mini\/","title":{"rendered":"APR\u00c8S Bananas Mini"},"content":{"rendered":"<h2><strong>APR\u00c8S Bananas Mini<\/strong><\/h2>\n<p><span style=\"font-weight: 400;\">APR\u00c8S Bananas Mini nikotinov\u00e9 s\u00e1\u010dky p\u0159in\u00e1\u0161ej\u00ed jemnou a kr\u00e9movou ban\u00e1novou p\u0159\u00edchu\u0165, kter\u00e1 p\u0159ipom\u00edn\u00e1 zral\u00e9 tropick\u00e9 ovoce a sladk\u00e9 ban\u00e1nov\u00e9 bonb\u00f3ny. Tyto miniaturn\u00ed, zcela b\u00edl\u00e9 s\u00e1\u010dky s m\u00edrn\u00fdm nikotinov\u00fdm n\u00e1dechem poskytuj\u00ed diskr\u00e9tn\u00ed a p\u0159\u00edjemn\u00fd z\u00e1\u017eitek u\u017eivatel\u016fm, kte\u0159\u00ed hledaj\u00ed jemnou, ale p\u0159esto aromatickou variantu. Jsou navr\u017eeny pro pohodl\u00ed a komfort, sed\u00ed elegantn\u011b pod rty a nezabarvuj\u00ed zuby. Tyto s\u00e1\u010dky, vyr\u00e1b\u011bn\u00e9 spole\u010dnost\u00ed APR\u00c8S Nicotine AB ve \u0160v\u00e9dsku, odr\u00e1\u017eej\u00ed oddanost zna\u010dky v\u00fdrazn\u00fdm p\u0159\u00edchut\u00edm a prvot\u0159\u00eddn\u00ed kvalit\u011b.<\/span><\/p>\n<table>\n<tbody>\n<tr>\n<td><b>Atribut<\/b><\/td>\n<td><b>Podrobnosti na<\/b><\/td>\n<\/tr>\n<tr>\n<td><b>Obsah na plechovku<\/b><\/td>\n<td><span style=\"font-weight: 400;\">11 g (20 s\u00e1\u010dk\u016f)<\/span><\/td>\n<\/tr>\n<tr>\n<td><b>Obsah nikotinu<\/b><\/td>\n<td><span style=\"font-weight: 400;\">8 mg\/g (3,2 mg na s\u00e1\u010dek)<\/span><\/td>\n<\/tr>\n<tr>\n<td><b>Form\u00e1t pouzdra<\/b><\/td>\n<td><span style=\"font-weight: 400;\">Mini<\/span><\/td>\n<\/tr>\n<tr>\n<td><b>V\u00fdrobce<\/b><\/td>\n<td><span style=\"font-weight: 400;\">APR\u00c8S Nicotine AB<\/span><\/td>\n<\/tr>\n<tr>\n<td><b>P\u0159\u00edchu\u0165<\/b><\/td>\n<td><span style=\"font-weight: 400;\">Ban\u00e1n<\/span><\/td>\n<\/tr>\n<tr>\n<td><b>Typ<\/b><\/td>\n<td><span style=\"font-weight: 400;\">Celob\u00edl\u00e9 pouzdro<\/span><\/td>\n<\/tr>\n<\/tbody>\n<\/table>","protected":false},"excerpt":{"rendered":"<p>Hladk\u00fd, kr\u00e9mov\u00fd <strong data-start=\"15\" data-end=\"25\">ban\u00e1n<\/strong> p\u0159ipom\u00ednaj\u00edc\u00ed zral\u00e9 tropick\u00e9 ovoce a sladk\u00e9 bonb\u00f3ny. Na <strong data-start=\"82\" data-end=\"101\">mini, <\/strong>celob\u00edl\u00e9 s\u00e1\u010dky diskr\u00e9tn\u011b a pohodln\u011b sed\u00ed pod rty a umo\u017e\u0148uj\u00ed \u010dist\u00e9 a kdykoli pou\u017eiteln\u00e9 pou\u017eit\u00ed. Ka\u017ed\u00fd s\u00e1\u010dek dod\u00e1v\u00e1 m\u00edrn\u00fd nikotinov\u00fd n\u00e1boj s <strong>3,2 mg na s\u00e1\u010dek<\/strong>, kter\u00e1 nab\u00edz\u00ed jemn\u00fd a p\u0159itom aromatick\u00fd z\u00e1\u017eitek od \u0161v\u00e9dsk\u00e9 spole\u010dnosti APR\u00c8S Nicotine AB.<\/p>","protected":false},"featured_media":10766,"comment_status":"open","ping_status":"closed","template":"","format":[205],"meta":{"_acf_changed":false},"product_brand":[],"product_cat":[41],"product_tag":[16555],"flavours":[196],"nicotine":[230,236],"class_list":{"0":"post-10765","1":"product","2":"type-product","3":"status-publish","4":"has-post-thumbnail","6":"product_cat-apres","7":"product_tag-3-2-mg-pouch","8":"pa_quantity-1-pack","9":"pa_quantity-10-pack","10":"pa_quantity-3-pack","11":"pa_quantity-30-pack","12":"pa_quantity-5-pack","13":"pa_quantity-60-pack","14":"flavours-fruits-berries","15":"format-mini","16":"nicotine-8-mg-g","17":"nicotine-strong","19":"first","20":"instock","21":"taxable","22":"shipping-taxable","23":"purchasable","24":"product-type-variable"},"acf":[],"_links":{"self":[{"href":"https:\/\/whitelip.com\/cs\/wp-json\/wp\/v2\/product\/10765","targetHints":{"allow":["GET"]}}],"collection":[{"href":"https:\/\/whitelip.com\/cs\/wp-json\/wp\/v2\/product"}],"about":[{"href":"https:\/\/whitelip.com\/cs\/wp-json\/wp\/v2\/types\/product"}],"replies":[{"embeddable":true,"href":"https:\/\/whitelip.com\/cs\/wp-json\/wp\/v2\/comments?post=10765"}],"wp:featuredmedia":[{"embeddable":true,"href":"https:\/\/whitelip.com\/cs\/wp-json\/wp\/v2\/media\/10766"}],"wp:attachment":[{"href":"https:\/\/whitelip.com\/cs\/wp-json\/wp\/v2\/media?parent=10765"}],"wp:term":[{"taxonomy":"product_brand","embeddable":true,"href":"https:\/\/whitelip.com\/cs\/wp-json\/wp\/v2\/product_brand?post=10765"},{"taxonomy":"product_cat","embeddable":true,"href":"https:\/\/whitelip.com\/cs\/wp-json\/wp\/v2\/product_cat?post=10765"},{"taxonomy":"product_tag","embeddable":true,"href":"https:\/\/whitelip.com\/cs\/wp-json\/wp\/v2\/product_tag?post=10765"},{"taxonomy":"flavours","embeddable":true,"href":"https:\/\/whitelip.com\/cs\/wp-json\/wp\/v2\/flavours?post=10765"},{"taxonomy":"format","embeddable":true,"href":"https:\/\/whitelip.com\/cs\/wp-json\/wp\/v2\/format?post=10765"},{"taxonomy":"nicotine","embeddable":true,"href":"https:\/\/whitelip.com\/cs\/wp-json\/wp\/v2\/nicotine?post=10765"}],"curies":[{"name":"wp","href":"https:\/\/api.w.org\/{rel}","templated":true}]}}