{"id":10760,"date":"2025-06-23T10:40:16","date_gmt":"2025-06-23T10:40:16","guid":{"rendered":"https:\/\/whitelip.com\/pablo-gold-edition-grape-ice\/"},"modified":"2026-05-09T10:11:12","modified_gmt":"2026-05-09T10:11:12","slug":"pablo-gold-edition-grape-ice","status":"publish","type":"product","link":"https:\/\/whitelip.com\/cs\/pablo\/pablo-gold-edition-grape-ice\/","title":{"rendered":"PABLO Gold Edition Grape Ice"},"content":{"rendered":"<h2><strong>PABLO Gold Edition Grape Ice<\/strong><\/h2>\n<p class=\"\" data-start=\"100\" data-end=\"587\">Nikotinov\u00e9 s\u00e1\u010dky PABLO Gold Edition Grape Ice kombinuj\u00ed v\u00fdraznou sladkost zral\u00fdch hrozn\u016f s ostr\u00fdm, ledov\u00fdm mentolov\u00fdm z\u00e1v\u011brem. Toto intenzivn\u00ed spojen\u00ed vytv\u00e1\u0159\u00ed chladiv\u00fd a z\u00e1rove\u0148 ovocn\u00fd z\u00e1\u017eitek, kter\u00fd vynikne s ka\u017ed\u00fdm s\u00e1\u010dkem. Tato varianta s mimo\u0159\u00e1dn\u011b siln\u00fdm obsahem 17 mg nikotinu v jednom s\u00e1\u010dku je p\u0159izp\u016fsobena zku\u0161en\u00fdm u\u017eivatel\u016fm, kte\u0159\u00ed hledaj\u00ed maxim\u00e1ln\u00ed s\u00edlu a chu\u0165. Tenk\u00fd form\u00e1t bez tab\u00e1ku zaji\u0161\u0165uje diskr\u00e9tnost, pohodl\u00ed a \u010dist\u00fd pocit po celou dobu pou\u017e\u00edv\u00e1n\u00ed.<\/p>\n<table>\n<tbody>\n<tr>\n<td><b>Atribut<\/b><\/td>\n<td><b>Podrobnosti na<\/b><\/td>\n<\/tr>\n<tr>\n<td><b>Obsah na plechovku<\/b><\/td>\n<td><span style=\"font-weight: 400;\">15 g (20 s\u00e1\u010dk\u016f)<\/span><\/td>\n<\/tr>\n<tr>\n<td><b>Obsah nikotinu<\/b><\/td>\n<td><span style=\"font-weight: 400;\">28 mg\/g (17 mg na s\u00e1\u010dek)<\/span><\/td>\n<\/tr>\n<tr>\n<td><b>Form\u00e1t pouzdra<\/b><\/td>\n<td><span style=\"font-weight: 400;\">Slim<\/span><\/td>\n<\/tr>\n<tr>\n<td><b>V\u00fdrobce<\/b><\/td>\n<td><span style=\"font-weight: 400;\">\u0158\u00ed\u0161e N.G.P<\/span><\/td>\n<\/tr>\n<tr>\n<td><b>P\u0159\u00edchu\u0165<\/b><\/td>\n<td><span style=\"font-weight: 400;\">Hrozn\u016f a mentol<\/span><\/td>\n<\/tr>\n<tr>\n<td><b>Typ<\/b><\/td>\n<td><span style=\"font-weight: 400;\">Celob\u00edl\u00fd s\u00e1\u010dek, bez tab\u00e1ku<\/span><\/td>\n<\/tr>\n<\/tbody>\n<\/table>","protected":false},"excerpt":{"rendered":"<p>Nikotinov\u00e9 s\u00e1\u010dky PABLO Gold Edition Grape Ice p\u0159in\u00e1\u0161ej\u00ed v\u00fdraznou, ovocnou chu\u0165. <strong data-start=\"69\" data-end=\"82\">Hroznov\u00fd led<\/strong> s ostrou, ledovou chut\u00ed. <strong data-start=\"116\" data-end=\"124\">Slim<\/strong>, beztab\u00e1kov\u00fd form\u00e1t pro diskr\u00e9tn\u00ed a pohodln\u00e9 pou\u017e\u00edv\u00e1n\u00ed a \u010dist\u00fd pocit. Ka\u017ed\u00fd s\u00e1\u010dek obsahuje <strong data-start=\"214\" data-end=\"232\">17 mg nikotinu<\/strong>.<\/p>","protected":false},"featured_media":10761,"comment_status":"open","ping_status":"closed","template":"","format":[206],"meta":{"_acf_changed":false},"product_brand":[],"product_cat":[44],"product_tag":[16996],"flavours":[196],"nicotine":[220,232],"class_list":{"0":"post-10760","1":"product","2":"type-product","3":"status-publish","4":"has-post-thumbnail","6":"product_cat-pablo","7":"product_tag-17-mg-pouch","8":"pa_quantity-1-pack","9":"pa_quantity-10-pack","10":"pa_quantity-3-pack","11":"pa_quantity-30-pack","12":"pa_quantity-5-pack","13":"pa_quantity-60-pack","14":"flavours-fruits-berries","15":"format-slim","16":"nicotine-28-mg-g","17":"nicotine-extra-strong","19":"first","20":"instock","21":"taxable","22":"shipping-taxable","23":"purchasable","24":"product-type-variable","25":"has-default-attributes"},"acf":[],"_links":{"self":[{"href":"https:\/\/whitelip.com\/cs\/wp-json\/wp\/v2\/product\/10760","targetHints":{"allow":["GET"]}}],"collection":[{"href":"https:\/\/whitelip.com\/cs\/wp-json\/wp\/v2\/product"}],"about":[{"href":"https:\/\/whitelip.com\/cs\/wp-json\/wp\/v2\/types\/product"}],"replies":[{"embeddable":true,"href":"https:\/\/whitelip.com\/cs\/wp-json\/wp\/v2\/comments?post=10760"}],"wp:featuredmedia":[{"embeddable":true,"href":"https:\/\/whitelip.com\/cs\/wp-json\/wp\/v2\/media\/10761"}],"wp:attachment":[{"href":"https:\/\/whitelip.com\/cs\/wp-json\/wp\/v2\/media?parent=10760"}],"wp:term":[{"taxonomy":"product_brand","embeddable":true,"href":"https:\/\/whitelip.com\/cs\/wp-json\/wp\/v2\/product_brand?post=10760"},{"taxonomy":"product_cat","embeddable":true,"href":"https:\/\/whitelip.com\/cs\/wp-json\/wp\/v2\/product_cat?post=10760"},{"taxonomy":"product_tag","embeddable":true,"href":"https:\/\/whitelip.com\/cs\/wp-json\/wp\/v2\/product_tag?post=10760"},{"taxonomy":"flavours","embeddable":true,"href":"https:\/\/whitelip.com\/cs\/wp-json\/wp\/v2\/flavours?post=10760"},{"taxonomy":"format","embeddable":true,"href":"https:\/\/whitelip.com\/cs\/wp-json\/wp\/v2\/format?post=10760"},{"taxonomy":"nicotine","embeddable":true,"href":"https:\/\/whitelip.com\/cs\/wp-json\/wp\/v2\/nicotine?post=10760"}],"curies":[{"name":"wp","href":"https:\/\/api.w.org\/{rel}","templated":true}]}}