{"id":10750,"date":"2025-06-23T10:40:17","date_gmt":"2025-06-23T10:40:17","guid":{"rendered":"https:\/\/whitelip.com\/pablo-gold-edition-passion-fruit\/"},"modified":"2026-04-15T11:58:31","modified_gmt":"2026-04-15T11:58:31","slug":"pablo-gold-edition-passion-fruit","status":"publish","type":"product","link":"https:\/\/whitelip.com\/cs\/pablo\/pablo-gold-edition-passion-fruit\/","title":{"rendered":"PABLO Gold Edition Passion Fruit"},"content":{"rendered":"<h2><strong>PABLO Gold Edition Passion Fruit<\/strong><\/h2>\n<p class=\"\" data-start=\"100\" data-end=\"587\">Nikotinov\u00e9 s\u00e1\u010dky PABLO Gold Edition Passion Fruit vnesou do va\u0161\u00ed rutiny exotick\u00fd n\u00e1dech d\u00edky sv\u00e9 \u017eiv\u00e9 tropick\u00e9 p\u0159\u00edchuti. Sladkokysel\u00e1 esence zral\u00e9 mu\u010denky se snoub\u00ed s mraziv\u00fdm n\u00e1dechem a siln\u00fdmi 17 mg nikotinu v jednom s\u00e1\u010dku, co\u017e p\u0159in\u00e1\u0161\u00ed odv\u00e1\u017en\u00fd z\u00e1\u017eitek pro zku\u0161en\u00e9 u\u017eivatele. Tyto tenk\u00e9 s\u00e1\u010dky bez tab\u00e1ku jsou vyrobeny pro diskr\u00e9tn\u00ed a siln\u00fd po\u017eitek, a\u0165 jste kdekoli.<\/p>\n<table>\n<tbody>\n<tr>\n<td><b>Atribut<\/b><\/td>\n<td><b>Podrobnosti na<\/b><\/td>\n<\/tr>\n<tr>\n<td><b>Obsah na plechovku<\/b><\/td>\n<td><span style=\"font-weight: 400;\">15 g (20 s\u00e1\u010dk\u016f)<\/span><\/td>\n<\/tr>\n<tr>\n<td><b>Obsah nikotinu<\/b><\/td>\n<td><span style=\"font-weight: 400;\">28 mg\/g (17 mg na s\u00e1\u010dek)<\/span><\/td>\n<\/tr>\n<tr>\n<td><b>Form\u00e1t pouzdra<\/b><\/td>\n<td><span style=\"font-weight: 400;\">Slim<\/span><\/td>\n<\/tr>\n<tr>\n<td><b>V\u00fdrobce<\/b><\/td>\n<td><span style=\"font-weight: 400;\">\u0158\u00ed\u0161e N.G.P<\/span><\/td>\n<\/tr>\n<tr>\n<td><b>P\u0159\u00edchu\u0165<\/b><\/td>\n<td><span style=\"font-weight: 400;\">Mu\u010denka<\/span><\/td>\n<\/tr>\n<tr>\n<td><b>Typ<\/b><\/td>\n<td><span style=\"font-weight: 400;\">Celob\u00edl\u00fd s\u00e1\u010dek, bez tab\u00e1ku<\/span><\/td>\n<\/tr>\n<\/tbody>\n<\/table>","protected":false},"excerpt":{"rendered":"<p>Nikotinov\u00e9 s\u00e1\u010dky PABLO Gold Edition Passion Fruit p\u0159in\u00e1\u0161ej\u00ed z\u00e1\u0159ivou tropickou v\u016fni. <strong data-start=\"78\" data-end=\"95\">Mu\u010denka<\/strong> chu\u0165 s mraziv\u00fdm n\u00e1dechem. <strong data-start=\"123\" data-end=\"131\">Slim<\/strong>, beztab\u00e1kov\u00fd form\u00e1t pro diskr\u00e9tn\u00ed a siln\u00fd po\u017eitek. Ka\u017ed\u00fd s\u00e1\u010dek obsahuje <strong data-start=\"207\" data-end=\"225\">17 mg nikotinu<\/strong>.<\/p>","protected":false},"featured_media":10751,"comment_status":"open","ping_status":"closed","template":"","format":[206],"meta":{"_acf_changed":false},"product_brand":[],"product_cat":[44],"product_tag":[16996],"flavours":[196],"nicotine":[220,232],"class_list":{"0":"post-10750","1":"product","2":"type-product","3":"status-publish","4":"has-post-thumbnail","6":"product_cat-pablo","7":"product_tag-17-mg-pouch","8":"pa_quantity-1-pack","9":"pa_quantity-10-pack","10":"pa_quantity-3-pack","11":"pa_quantity-30-pack","12":"pa_quantity-5-pack","13":"pa_quantity-60-pack","14":"flavours-fruits-berries","15":"format-slim","16":"nicotine-28-mg-g","17":"nicotine-extra-strong","19":"first","20":"outofstock","21":"taxable","22":"shipping-taxable","23":"purchasable","24":"product-type-variable","25":"has-default-attributes"},"acf":[],"_links":{"self":[{"href":"https:\/\/whitelip.com\/cs\/wp-json\/wp\/v2\/product\/10750","targetHints":{"allow":["GET"]}}],"collection":[{"href":"https:\/\/whitelip.com\/cs\/wp-json\/wp\/v2\/product"}],"about":[{"href":"https:\/\/whitelip.com\/cs\/wp-json\/wp\/v2\/types\/product"}],"replies":[{"embeddable":true,"href":"https:\/\/whitelip.com\/cs\/wp-json\/wp\/v2\/comments?post=10750"}],"wp:featuredmedia":[{"embeddable":true,"href":"https:\/\/whitelip.com\/cs\/wp-json\/wp\/v2\/media\/10751"}],"wp:attachment":[{"href":"https:\/\/whitelip.com\/cs\/wp-json\/wp\/v2\/media?parent=10750"}],"wp:term":[{"taxonomy":"product_brand","embeddable":true,"href":"https:\/\/whitelip.com\/cs\/wp-json\/wp\/v2\/product_brand?post=10750"},{"taxonomy":"product_cat","embeddable":true,"href":"https:\/\/whitelip.com\/cs\/wp-json\/wp\/v2\/product_cat?post=10750"},{"taxonomy":"product_tag","embeddable":true,"href":"https:\/\/whitelip.com\/cs\/wp-json\/wp\/v2\/product_tag?post=10750"},{"taxonomy":"flavours","embeddable":true,"href":"https:\/\/whitelip.com\/cs\/wp-json\/wp\/v2\/flavours?post=10750"},{"taxonomy":"format","embeddable":true,"href":"https:\/\/whitelip.com\/cs\/wp-json\/wp\/v2\/format?post=10750"},{"taxonomy":"nicotine","embeddable":true,"href":"https:\/\/whitelip.com\/cs\/wp-json\/wp\/v2\/nicotine?post=10750"}],"curies":[{"name":"wp","href":"https:\/\/api.w.org\/{rel}","templated":true}]}}