{"id":10715,"date":"2025-06-11T12:26:12","date_gmt":"2025-06-11T12:26:12","guid":{"rendered":"https:\/\/whitelip.com\/helwit-raspberry-liquorice\/"},"modified":"2026-05-01T14:32:31","modified_gmt":"2026-05-01T14:32:31","slug":"helwit-raspberry-liquorice","status":"publish","type":"product","link":"https:\/\/whitelip.com\/cs\/helwit\/helwit-raspberry-liquorice\/","title":{"rendered":"HELWIT Malinov\u00e1 l\u00e9ko\u0159ice"},"content":{"rendered":"<h2><b>HELWIT Malinov\u00e1 l\u00e9ko\u0159ice<\/b><\/h2>\n<p><span style=\"font-weight: 400;\">Nikotinov\u00e9 s\u00e1\u010dky HELWIT Raspberry Liquorice kombinuj\u00ed sladkou a pikantn\u00ed chu\u0165 zral\u00fdch malin s bohatou slanou chut\u00ed klasick\u00e9 seversk\u00e9 l\u00e9ko\u0159ice. Tato odv\u00e1\u017en\u00e1 a vyv\u00e1\u017een\u00e1 sm\u011bs vytv\u00e1\u0159\u00ed jedine\u010dn\u00fd skandin\u00e1vsk\u00fd chu\u0165ov\u00fd z\u00e1\u017eitek - ovocn\u00fd, slan\u00fd a uspokojuj\u00edc\u00ed. Ka\u017ed\u00fd s\u00e1\u010dek tenk\u00e9ho form\u00e1tu obsahuje 7 mg nikotinu na gram, co\u017e nab\u00edz\u00ed m\u00edrn\u00e9 a stabiln\u00ed uvol\u0148ov\u00e1n\u00ed ide\u00e1ln\u00ed pro ka\u017edodenn\u00ed pou\u017e\u00edv\u00e1n\u00ed. Tyto s\u00e1\u010dky, vyroben\u00e9 spole\u010dnost\u00ed YOIK AB ve \u0160v\u00e9dsku, jsou navr\u017eeny tak, aby byly diskr\u00e9tn\u00ed, nezanech\u00e1valy skvrny a byly pohodln\u00e9 pod rty, co\u017e odr\u00e1\u017e\u00ed z\u00e1vazek spole\u010dnosti HELWIT k \u010dist\u00fdm, chu\u0165ov\u011b v\u00fdrazn\u00fdm nikotinov\u00fdm alternativ\u00e1m.<\/span><\/p>\n<table>\n<tbody>\n<tr>\n<td><b>Atribut<\/b><\/td>\n<td><b>Podrobnosti na<\/b><\/td>\n<\/tr>\n<tr>\n<td><b>Obsah na plechovku<\/b><\/td>\n<td><span style=\"font-weight: 400;\">10 g (20 s\u00e1\u010dk\u016f)<\/span><\/td>\n<\/tr>\n<tr>\n<td><b>Obsah nikotinu<\/b><\/td>\n<td><span style=\"font-weight: 400;\">7 mg\/g (3,5 mg na s\u00e1\u010dek)<\/span><\/td>\n<\/tr>\n<tr>\n<td><b>Form\u00e1t pouzdra<\/b><\/td>\n<td><span style=\"font-weight: 400;\">Slim<\/span><\/td>\n<\/tr>\n<tr>\n<td><b>V\u00fdrobce<\/b><\/td>\n<td><span style=\"font-weight: 400;\">YOIK AB<\/span><\/td>\n<\/tr>\n<tr>\n<td><b>P\u0159\u00edchu\u0165<\/b><\/td>\n<td><span style=\"font-weight: 400;\">Maliny a l\u00e9ko\u0159ice<\/span><\/td>\n<\/tr>\n<tr>\n<td><b>Typ<\/b><\/td>\n<td><span style=\"font-weight: 400;\">Celob\u00edl\u00e9 pouzdro<\/span><\/td>\n<\/tr>\n<\/tbody>\n<\/table>","protected":false},"excerpt":{"rendered":"<p>Sladkokysel\u00fd <strong data-start=\"12\" data-end=\"35\">malinov\u00e1 l\u00e9ko\u0159ice<\/strong> m\u00eds\u00ed se v n\u011bm zral\u00e9 maliny s bohatou slanou severskou l\u00e9ko\u0159ic\u00ed. <strong data-start=\"94\" data-end=\"102\">Slim<\/strong>, beztab\u00e1kov\u00e9 s\u00e1\u010dky beze skvrn diskr\u00e9tn\u011b sed\u00ed pod rtem a umo\u017e\u0148uj\u00ed pohodln\u00e9 a modern\u00ed pou\u017e\u00edv\u00e1n\u00ed. Ka\u017ed\u00fd s\u00e1\u010dek obsahuje <strong data-start=\"215\" data-end=\"234\">7 mg\/g nikotinu<\/strong>, kter\u00fd p\u0159in\u00e1\u0161\u00ed m\u00edrn\u00e9 a rovnom\u011brn\u00e9 uvol\u0148ov\u00e1n\u00ed.<\/p>","protected":false},"featured_media":10716,"comment_status":"open","ping_status":"closed","template":"","format":[206],"meta":{"_acf_changed":false},"product_brand":[],"product_cat":[52],"product_tag":[16597],"flavours":[196],"nicotine":[229,235],"class_list":{"0":"post-10715","1":"product","2":"type-product","3":"status-publish","4":"has-post-thumbnail","6":"product_cat-helwit","7":"product_tag-3-5-mg-pouch","8":"pa_quantity-1-pack","9":"pa_quantity-10-pack","10":"pa_quantity-3-pack","11":"pa_quantity-30-pack","12":"pa_quantity-5-pack","13":"pa_quantity-60-pack","14":"flavours-fruits-berries","15":"format-slim","16":"nicotine-7-mg-g","17":"nicotine-normal","19":"first","20":"instock","21":"taxable","22":"shipping-taxable","23":"purchasable","24":"product-type-variable","25":"has-default-attributes"},"acf":[],"_links":{"self":[{"href":"https:\/\/whitelip.com\/cs\/wp-json\/wp\/v2\/product\/10715","targetHints":{"allow":["GET"]}}],"collection":[{"href":"https:\/\/whitelip.com\/cs\/wp-json\/wp\/v2\/product"}],"about":[{"href":"https:\/\/whitelip.com\/cs\/wp-json\/wp\/v2\/types\/product"}],"replies":[{"embeddable":true,"href":"https:\/\/whitelip.com\/cs\/wp-json\/wp\/v2\/comments?post=10715"}],"wp:featuredmedia":[{"embeddable":true,"href":"https:\/\/whitelip.com\/cs\/wp-json\/wp\/v2\/media\/10716"}],"wp:attachment":[{"href":"https:\/\/whitelip.com\/cs\/wp-json\/wp\/v2\/media?parent=10715"}],"wp:term":[{"taxonomy":"product_brand","embeddable":true,"href":"https:\/\/whitelip.com\/cs\/wp-json\/wp\/v2\/product_brand?post=10715"},{"taxonomy":"product_cat","embeddable":true,"href":"https:\/\/whitelip.com\/cs\/wp-json\/wp\/v2\/product_cat?post=10715"},{"taxonomy":"product_tag","embeddable":true,"href":"https:\/\/whitelip.com\/cs\/wp-json\/wp\/v2\/product_tag?post=10715"},{"taxonomy":"flavours","embeddable":true,"href":"https:\/\/whitelip.com\/cs\/wp-json\/wp\/v2\/flavours?post=10715"},{"taxonomy":"format","embeddable":true,"href":"https:\/\/whitelip.com\/cs\/wp-json\/wp\/v2\/format?post=10715"},{"taxonomy":"nicotine","embeddable":true,"href":"https:\/\/whitelip.com\/cs\/wp-json\/wp\/v2\/nicotine?post=10715"}],"curies":[{"name":"wp","href":"https:\/\/api.w.org\/{rel}","templated":true}]}}