{"id":10710,"date":"2025-06-11T12:32:01","date_gmt":"2025-06-11T12:32:01","guid":{"rendered":"https:\/\/whitelip.com\/denssi-cold-mint-16mg\/"},"modified":"2026-03-24T14:16:25","modified_gmt":"2026-03-24T14:16:25","slug":"denssi-cold-mint-16mg","status":"publish","type":"product","link":"https:\/\/whitelip.com\/cs\/denssi\/denssi-cold-mint-16mg\/","title":{"rendered":"DENSSI Cold Mint 16mg"},"content":{"rendered":"<h2><strong>DENSSI Cold Mint 16mg<\/strong><\/h2>\n<p><span style=\"font-weight: 400;\">DENSSI Cold Mint 16 mg p\u0159in\u00e1\u0161\u00ed ostr\u00fd a osv\u011b\u017euj\u00edc\u00ed p\u0159\u00edval \u010dist\u00e9 m\u00e1tov\u00e9 chuti, podpo\u0159en\u00fd siln\u00fdm nikotinem 11,2 mg v jednom s\u00e1\u010dku. Tento s\u00e1\u010dek je ur\u010den pro ty, kte\u0159\u00ed d\u00e1vaj\u00ed p\u0159ednost \u010dist\u00e9mu, ledov\u00e9mu n\u00e1dechu bez ru\u0161iv\u00fdch vliv\u016f, a nab\u00edz\u00ed trvale siln\u00fd a osv\u011b\u017euj\u00edc\u00ed z\u00e1\u017eitek.<\/span><\/p>\n<p><span style=\"font-weight: 400;\">Vytvo\u0159eno v tenk\u00e9, zcela b\u00edl\u00e9 form\u011b, DENSSI Cold Mint je diskr\u00e9tn\u00ed, pohodln\u00fd pod rtancem a zcela bez tab\u00e1ku. A\u0165 jste v pohybu nebo odpo\u010d\u00edv\u00e1te, tento s\u00e1\u010dek p\u0159in\u00e1\u0161\u00ed okam\u017eitou sv\u011b\u017eest a dlouhotrvaj\u00edc\u00ed spokojenost v ka\u017ed\u00e9m okam\u017eiku.<\/span><\/p>\n<table>\n<tbody>\n<tr>\n<td><b>Atribut<\/b><\/td>\n<td><b>Podrobnosti na<\/b><\/td>\n<\/tr>\n<tr>\n<td><span style=\"font-weight: 400;\">Obsah na plechovku<\/span><\/td>\n<td><span style=\"font-weight: 400;\">10 g (20 s\u00e1\u010dk\u016f)<\/span><\/td>\n<\/tr>\n<tr>\n<td><span style=\"font-weight: 400;\">Obsah nikotinu<\/span><\/td>\n<td><span style=\"font-weight: 400;\">16 mg\/g (11,2 mg na s\u00e1\u010dek)<\/span><\/td>\n<\/tr>\n<tr>\n<td><span style=\"font-weight: 400;\">Form\u00e1t pouzdra<\/span><\/td>\n<td><span style=\"font-weight: 400;\">Slim<\/span><\/td>\n<\/tr>\n<tr>\n<td><span style=\"font-weight: 400;\">V\u00fdrobce<\/span><\/td>\n<td><span style=\"font-weight: 400;\">DENSSI<\/span><\/td>\n<\/tr>\n<tr>\n<td><span style=\"font-weight: 400;\">P\u0159\u00edchu\u0165<\/span><\/td>\n<td><span style=\"font-weight: 400;\">Studen\u00e1 m\u00e1ta<\/span><\/td>\n<\/tr>\n<tr>\n<td><span style=\"font-weight: 400;\">Typ<\/span><\/td>\n<td><span style=\"font-weight: 400;\">Celob\u00edl\u00fd s\u00e1\u010dek, bez tab\u00e1ku<\/span><\/td>\n<\/tr>\n<\/tbody>\n<\/table>","protected":false},"excerpt":{"rendered":"<p>Ostr\u00fd, osv\u011b\u017euj\u00edc\u00ed <strong data-start=\"20\" data-end=\"28\">m\u00e1ta<\/strong> pro \u010dist\u00fd, ledov\u00fd n\u00e1boj. Na <strong data-start=\"55\" data-end=\"63\">slim<\/strong> s\u00e1\u010dky se diskr\u00e9tn\u011b nach\u00e1zej\u00ed pod rty a p\u016fsob\u00ed \u010dist\u011b a osv\u011b\u017euj\u00edc\u00edm dojmem. Ka\u017ed\u00fd s\u00e1\u010dek obsahuje <strong data-start=\"151\" data-end=\"181\">11,2 mg nikotinu v jednom s\u00e1\u010dku<\/strong>, kter\u00e1 p\u0159in\u00e1\u0161\u00ed siln\u00fd a konzistentn\u00ed p\u0159\u00edval sv\u011b\u017eesti.<\/p>","protected":false},"featured_media":10711,"comment_status":"open","ping_status":"closed","template":"","format":[206],"meta":{"_acf_changed":false},"product_brand":[],"product_cat":[115],"product_tag":[16577],"flavours":[199],"nicotine":[213,232],"class_list":{"0":"post-10710","1":"product","2":"type-product","3":"status-publish","4":"has-post-thumbnail","6":"product_cat-denssi","7":"product_tag-11-2-mg-pouch","8":"pa_quantity-1-pack","9":"pa_quantity-10-pack","10":"pa_quantity-3-pack","11":"pa_quantity-30-pack","12":"pa_quantity-5-pack","13":"pa_quantity-60-pack","14":"flavours-mint","15":"format-slim","16":"nicotine-16-mg-g","17":"nicotine-extra-strong","19":"first","20":"instock","21":"taxable","22":"shipping-taxable","23":"purchasable","24":"product-type-variable","25":"has-default-attributes"},"acf":[],"_links":{"self":[{"href":"https:\/\/whitelip.com\/cs\/wp-json\/wp\/v2\/product\/10710","targetHints":{"allow":["GET"]}}],"collection":[{"href":"https:\/\/whitelip.com\/cs\/wp-json\/wp\/v2\/product"}],"about":[{"href":"https:\/\/whitelip.com\/cs\/wp-json\/wp\/v2\/types\/product"}],"replies":[{"embeddable":true,"href":"https:\/\/whitelip.com\/cs\/wp-json\/wp\/v2\/comments?post=10710"}],"wp:featuredmedia":[{"embeddable":true,"href":"https:\/\/whitelip.com\/cs\/wp-json\/wp\/v2\/media\/10711"}],"wp:attachment":[{"href":"https:\/\/whitelip.com\/cs\/wp-json\/wp\/v2\/media?parent=10710"}],"wp:term":[{"taxonomy":"product_brand","embeddable":true,"href":"https:\/\/whitelip.com\/cs\/wp-json\/wp\/v2\/product_brand?post=10710"},{"taxonomy":"product_cat","embeddable":true,"href":"https:\/\/whitelip.com\/cs\/wp-json\/wp\/v2\/product_cat?post=10710"},{"taxonomy":"product_tag","embeddable":true,"href":"https:\/\/whitelip.com\/cs\/wp-json\/wp\/v2\/product_tag?post=10710"},{"taxonomy":"flavours","embeddable":true,"href":"https:\/\/whitelip.com\/cs\/wp-json\/wp\/v2\/flavours?post=10710"},{"taxonomy":"format","embeddable":true,"href":"https:\/\/whitelip.com\/cs\/wp-json\/wp\/v2\/format?post=10710"},{"taxonomy":"nicotine","embeddable":true,"href":"https:\/\/whitelip.com\/cs\/wp-json\/wp\/v2\/nicotine?post=10710"}],"curies":[{"name":"wp","href":"https:\/\/api.w.org\/{rel}","templated":true}]}}