{"id":10700,"date":"2025-06-11T12:32:02","date_gmt":"2025-06-11T12:32:02","guid":{"rendered":"https:\/\/whitelip.com\/denssi-watermelon-freeze-16mg\/"},"modified":"2026-05-01T12:48:16","modified_gmt":"2026-05-01T12:48:16","slug":"denssi-watermelon-freeze-16mg","status":"publish","type":"product","link":"https:\/\/whitelip.com\/cs\/denssi\/denssi-watermelon-freeze-16mg\/","title":{"rendered":"DENSSI Watermelon Freeze 16mg"},"content":{"rendered":"<h2><strong>DENSSI Watermelon Freeze 16mg<\/strong><\/h2>\n<p><span style=\"font-weight: 400;\">DENSSI Watermelon Freeze 16 mg p\u0159in\u00e1\u0161\u00ed \u0161\u0165avnatou p\u0159\u00edchu\u0165 vodn\u00edho melounu spojenou s ledov\u00fdm mentolov\u00fdm n\u00e1dechem. Ka\u017ed\u00fd tenk\u00fd s\u00e1\u010dek dod\u00e1v\u00e1 11,2 mg nikotinu, co\u017e nab\u00edz\u00ed siln\u00fd a uspokojiv\u00fd n\u00e1boj pro zku\u0161en\u00e9 u\u017eivatele. Sladk\u00e1 a osv\u011b\u017euj\u00edc\u00ed chu\u0165 vodn\u00edho melounu je dokonale vyv\u00e1\u017een\u00e1 s v\u00fdrazn\u00fdm chladiv\u00fdm \u00fa\u010dinkem, co\u017e vytv\u00e1\u0159\u00ed \u017eiv\u00fd a energizuj\u00edc\u00ed z\u00e1\u017eitek.<\/span><\/p>\n<p><span style=\"font-weight: 400;\">B\u00edl\u00e9 beztab\u00e1kov\u00e9 s\u00e1\u010dky jsou navr\u017eeny pro diskr\u00e9tn\u00ed pou\u017eit\u00ed, pohodln\u011b se vejdou pod ret a nezabarv\u00ed zuby. A\u0165 u\u017e tou\u017e\u00edte po ovocn\u00e9 sv\u011b\u017eesti, nebo po intenzivn\u00ed s\u00edle, DENSSI Watermelon Freeze 16 mg je vhodnou volbou pro chu\u0165ov\u011b v\u00fdrazn\u00e9 a povzbuzuj\u00edc\u00ed nikotinov\u00e9 sezen\u00ed.<\/span><\/p>\n<table>\n<tbody>\n<tr>\n<td><b>Atribut<\/b><\/td>\n<td><b>Podrobnosti na<\/b><\/td>\n<\/tr>\n<tr>\n<td><span style=\"font-weight: 400;\">Obsah na plechovku<\/span><\/td>\n<td><span style=\"font-weight: 400;\">10 g (20 s\u00e1\u010dk\u016f)<\/span><\/td>\n<\/tr>\n<tr>\n<td><span style=\"font-weight: 400;\">Obsah nikotinu<\/span><\/td>\n<td><span style=\"font-weight: 400;\">16 mg\/g (11,2 mg na s\u00e1\u010dek)<\/span><\/td>\n<\/tr>\n<tr>\n<td><span style=\"font-weight: 400;\">Form\u00e1t pouzdra<\/span><\/td>\n<td><span style=\"font-weight: 400;\">Slim<\/span><\/td>\n<\/tr>\n<tr>\n<td><span style=\"font-weight: 400;\">V\u00fdrobce<\/span><\/td>\n<td><span style=\"font-weight: 400;\">DENSSI<\/span><\/td>\n<\/tr>\n<tr>\n<td><span style=\"font-weight: 400;\">P\u0159\u00edchu\u0165<\/span><\/td>\n<td><span style=\"font-weight: 400;\">Meloun a mentol<\/span><\/td>\n<\/tr>\n<tr>\n<td><span style=\"font-weight: 400;\">Typ<\/span><\/td>\n<td><span style=\"font-weight: 400;\">Celob\u00edl\u00fd s\u00e1\u010dek, bez tab\u00e1ku<\/span><\/td>\n<\/tr>\n<\/tbody>\n<\/table>","protected":false},"excerpt":{"rendered":"<p>\u0160\u0165avnat\u00e9 <strong data-start=\"6\" data-end=\"37\">meloun a mentol<\/strong> pro sladk\u00e9, osv\u011b\u017euj\u00edc\u00ed ochlazen\u00ed. Na <strong data-start=\"73\" data-end=\"81\">slim<\/strong> s\u00e1\u010dky jsou diskr\u00e9tn\u011b um\u00edst\u011bny pod rtem, tak\u017ee p\u016fsob\u00ed \u010dist\u011b a pohodln\u011b. Ka\u017ed\u00fd s\u00e1\u010dek obsahuje <strong data-start=\"170\" data-end=\"200\">11,2 mg nikotinu v jednom s\u00e1\u010dku<\/strong>, kter\u00e1 p\u0159in\u00e1\u0161\u00ed siln\u00fd, vyv\u00e1\u017een\u00fd n\u00e1boj s \u017eiv\u00fdm, chladiv\u00fdm z\u00e1v\u011brem.<\/p>","protected":false},"featured_media":10701,"comment_status":"open","ping_status":"closed","template":"","format":[206],"meta":{"_acf_changed":false},"product_brand":[],"product_cat":[115],"product_tag":[16577],"flavours":[196,199],"nicotine":[213,232],"class_list":{"0":"post-10700","1":"product","2":"type-product","3":"status-publish","4":"has-post-thumbnail","6":"product_cat-denssi","7":"product_tag-11-2-mg-pouch","8":"pa_quantity-1-pack","9":"pa_quantity-10-pack","10":"pa_quantity-3-pack","11":"pa_quantity-30-pack","12":"pa_quantity-5-pack","13":"pa_quantity-60-pack","14":"flavours-fruits-berries","15":"flavours-mint","16":"format-slim","17":"nicotine-16-mg-g","18":"nicotine-extra-strong","20":"first","21":"instock","22":"taxable","23":"shipping-taxable","24":"purchasable","25":"product-type-variable","26":"has-default-attributes"},"acf":[],"_links":{"self":[{"href":"https:\/\/whitelip.com\/cs\/wp-json\/wp\/v2\/product\/10700","targetHints":{"allow":["GET"]}}],"collection":[{"href":"https:\/\/whitelip.com\/cs\/wp-json\/wp\/v2\/product"}],"about":[{"href":"https:\/\/whitelip.com\/cs\/wp-json\/wp\/v2\/types\/product"}],"replies":[{"embeddable":true,"href":"https:\/\/whitelip.com\/cs\/wp-json\/wp\/v2\/comments?post=10700"}],"wp:featuredmedia":[{"embeddable":true,"href":"https:\/\/whitelip.com\/cs\/wp-json\/wp\/v2\/media\/10701"}],"wp:attachment":[{"href":"https:\/\/whitelip.com\/cs\/wp-json\/wp\/v2\/media?parent=10700"}],"wp:term":[{"taxonomy":"product_brand","embeddable":true,"href":"https:\/\/whitelip.com\/cs\/wp-json\/wp\/v2\/product_brand?post=10700"},{"taxonomy":"product_cat","embeddable":true,"href":"https:\/\/whitelip.com\/cs\/wp-json\/wp\/v2\/product_cat?post=10700"},{"taxonomy":"product_tag","embeddable":true,"href":"https:\/\/whitelip.com\/cs\/wp-json\/wp\/v2\/product_tag?post=10700"},{"taxonomy":"flavours","embeddable":true,"href":"https:\/\/whitelip.com\/cs\/wp-json\/wp\/v2\/flavours?post=10700"},{"taxonomy":"format","embeddable":true,"href":"https:\/\/whitelip.com\/cs\/wp-json\/wp\/v2\/format?post=10700"},{"taxonomy":"nicotine","embeddable":true,"href":"https:\/\/whitelip.com\/cs\/wp-json\/wp\/v2\/nicotine?post=10700"}],"curies":[{"name":"wp","href":"https:\/\/api.w.org\/{rel}","templated":true}]}}