{"id":10695,"date":"2025-06-11T12:32:02","date_gmt":"2025-06-11T12:32:02","guid":{"rendered":"https:\/\/whitelip.com\/denssi-brain-freeze-16mg\/"},"modified":"2026-04-29T10:11:19","modified_gmt":"2026-04-29T10:11:19","slug":"denssi-brain-freeze-16mg","status":"publish","type":"product","link":"https:\/\/whitelip.com\/cs\/denssi\/denssi-brain-freeze-16mg\/","title":{"rendered":"DENSSI Brain Freeze 16 mg"},"content":{"rendered":"<h2><strong>DENSSI Brain Freeze 16 mg<\/strong><\/h2>\n<p><span style=\"font-weight: 400;\">DENSSI Brain Freeze 16 mg p\u0159in\u00e1\u0161\u00ed elektrizuj\u00edc\u00ed sm\u011bs intenzivn\u00ed m\u00e1ty a mentolu, kter\u00e1 je vytvo\u0159ena tak, aby probudila va\u0161e smysly arktick\u00fdm v\u00fdbuchem. Se siln\u00fdmi 11,2 mg nikotinu v jednom tenk\u00e9m s\u00e1\u010dku je ur\u010den pro u\u017eivatele, kte\u0159\u00ed tou\u017e\u00ed po siln\u00e9m z\u00e1\u017eitku. Extr\u00e9mn\u00ed chladiv\u00fd \u00fa\u010dinek dostoj\u00ed sv\u00e9mu n\u00e1zvu a nab\u00edz\u00ed vzru\u0161uj\u00edc\u00ed a ostr\u00e9 mrazen\u00ed, kter\u00e9 p\u0159etrv\u00e1v\u00e1 p\u0159i ka\u017ed\u00e9m pou\u017eit\u00ed.<\/span><\/p>\n<p><span style=\"font-weight: 400;\">\u0160t\u00edhl\u00e9, \u010dist\u011b b\u00edl\u00e9 s\u00e1\u010dky jsou diskr\u00e9tn\u00ed, pohodln\u00e9 pod rtem a zcela beznikotinov\u00e9. A\u0165 u\u017e se vyd\u00e1te po mocn\u00e9 d\u00e1vce \u010derstvosti nebo fyzick\u00e9 sil\u011b, DENSSI Brain Freeze 16mg je nejvy\u0161\u0161\u00ed volbou pro zku\u0161en\u00e9 u\u017eivatele, kte\u0159\u00ed hledaj\u00ed odv\u00e1\u017enou chu\u0165 a v\u00e1\u017enou intenzitu.<\/span><\/p>\n<table>\n<tbody>\n<tr>\n<td><b>Atribut<\/b><\/td>\n<td><b>Podrobnosti na<\/b><\/td>\n<\/tr>\n<tr>\n<td><span style=\"font-weight: 400;\">Obsah na plechovku<\/span><\/td>\n<td><span style=\"font-weight: 400;\">10 g (20 s\u00e1\u010dk\u016f)<\/span><\/td>\n<\/tr>\n<tr>\n<td><span style=\"font-weight: 400;\">Obsah nikotinu<\/span><\/td>\n<td><span style=\"font-weight: 400;\">16 mg\/g (11,2 mg na s\u00e1\u010dek)<\/span><\/td>\n<\/tr>\n<tr>\n<td><span style=\"font-weight: 400;\">Form\u00e1t pouzdra<\/span><\/td>\n<td><span style=\"font-weight: 400;\">Slim<\/span><\/td>\n<\/tr>\n<tr>\n<td><span style=\"font-weight: 400;\">V\u00fdrobce<\/span><\/td>\n<td><span style=\"font-weight: 400;\">DENSSI<\/span><\/td>\n<\/tr>\n<tr>\n<td><span style=\"font-weight: 400;\">P\u0159\u00edchu\u0165<\/span><\/td>\n<td><span style=\"font-weight: 400;\">Intenzivn\u00ed m\u00e1ta a mentol<\/span><\/td>\n<\/tr>\n<tr>\n<td><span style=\"font-weight: 400;\">Typ<\/span><\/td>\n<td><span style=\"font-weight: 400;\">Celob\u00edl\u00fd s\u00e1\u010dek, bez tab\u00e1ku<\/span><\/td>\n<\/tr>\n<\/tbody>\n<\/table>","protected":false},"excerpt":{"rendered":"<p>Intenzivn\u00ed <strong data-start=\"8\" data-end=\"28\">m\u00e1ta a mentol<\/strong> pro arktick\u00fd chladn\u00fd, elektrizuj\u00edc\u00ed kopanec. Na <strong data-start=\"72\" data-end=\"80\">slim<\/strong> s\u00e1\u010dky jsou nen\u00e1padn\u011b um\u00edst\u011bny pod rty a p\u016fsob\u00ed \u010dist\u011b a siln\u011b. Ka\u017ed\u00fd s\u00e1\u010dek obsahuje <strong data-start=\"166\" data-end=\"196\">11,2 mg nikotinu v jednom s\u00e1\u010dku<\/strong>, kter\u00fd poskytuje ostr\u00e9 a dlouhotrvaj\u00edc\u00ed zmrazen\u00ed pro u\u017eivatele, kte\u0159\u00ed tou\u017e\u00ed po maxim\u00e1ln\u00ed intenzit\u011b.<\/p>","protected":false},"featured_media":10696,"comment_status":"open","ping_status":"closed","template":"","format":[206],"meta":{"_acf_changed":false},"product_brand":[],"product_cat":[115],"product_tag":[16577],"flavours":[199],"nicotine":[213,232],"class_list":{"0":"post-10695","1":"product","2":"type-product","3":"status-publish","4":"has-post-thumbnail","6":"product_cat-denssi","7":"product_tag-11-2-mg-pouch","8":"pa_quantity-1-pack","9":"pa_quantity-10-pack","10":"pa_quantity-3-pack","11":"pa_quantity-30-pack","12":"pa_quantity-5-pack","13":"pa_quantity-60-pack","14":"flavours-mint","15":"format-slim","16":"nicotine-16-mg-g","17":"nicotine-extra-strong","19":"first","20":"instock","21":"taxable","22":"shipping-taxable","23":"purchasable","24":"product-type-variable","25":"has-default-attributes"},"acf":[],"_links":{"self":[{"href":"https:\/\/whitelip.com\/cs\/wp-json\/wp\/v2\/product\/10695","targetHints":{"allow":["GET"]}}],"collection":[{"href":"https:\/\/whitelip.com\/cs\/wp-json\/wp\/v2\/product"}],"about":[{"href":"https:\/\/whitelip.com\/cs\/wp-json\/wp\/v2\/types\/product"}],"replies":[{"embeddable":true,"href":"https:\/\/whitelip.com\/cs\/wp-json\/wp\/v2\/comments?post=10695"}],"wp:featuredmedia":[{"embeddable":true,"href":"https:\/\/whitelip.com\/cs\/wp-json\/wp\/v2\/media\/10696"}],"wp:attachment":[{"href":"https:\/\/whitelip.com\/cs\/wp-json\/wp\/v2\/media?parent=10695"}],"wp:term":[{"taxonomy":"product_brand","embeddable":true,"href":"https:\/\/whitelip.com\/cs\/wp-json\/wp\/v2\/product_brand?post=10695"},{"taxonomy":"product_cat","embeddable":true,"href":"https:\/\/whitelip.com\/cs\/wp-json\/wp\/v2\/product_cat?post=10695"},{"taxonomy":"product_tag","embeddable":true,"href":"https:\/\/whitelip.com\/cs\/wp-json\/wp\/v2\/product_tag?post=10695"},{"taxonomy":"flavours","embeddable":true,"href":"https:\/\/whitelip.com\/cs\/wp-json\/wp\/v2\/flavours?post=10695"},{"taxonomy":"format","embeddable":true,"href":"https:\/\/whitelip.com\/cs\/wp-json\/wp\/v2\/format?post=10695"},{"taxonomy":"nicotine","embeddable":true,"href":"https:\/\/whitelip.com\/cs\/wp-json\/wp\/v2\/nicotine?post=10695"}],"curies":[{"name":"wp","href":"https:\/\/api.w.org\/{rel}","templated":true}]}}