{"id":10670,"date":"2025-06-11T12:32:04","date_gmt":"2025-06-11T12:32:04","guid":{"rendered":"https:\/\/whitelip.com\/denssi-mango-freeze-8mg\/"},"modified":"2026-05-11T10:11:40","modified_gmt":"2026-05-11T10:11:40","slug":"denssi-mango-freeze-8mg","status":"publish","type":"product","link":"https:\/\/whitelip.com\/cs\/denssi\/denssi-mango-freeze-8mg\/","title":{"rendered":"DENSSI Mango Freeze 8mg"},"content":{"rendered":"<h2><strong>DENSSI Mango Freeze 8mg<\/strong><\/h2>\n<p><span style=\"font-weight: 400;\">S\u00e1\u010dky DENSSI Mango Freeze 8 mg nikotinu nab\u00edzej\u00ed tropickou p\u0159\u00edchu\u0165 sladk\u00e9ho manga, zakon\u010denou ostr\u00fdm mentolov\u00fdm chladem pro odv\u00e1\u017en\u00fd a osv\u011b\u017euj\u00edc\u00ed z\u00e1\u017eitek. Z\u00e1\u0159iv\u00e9 ovocn\u00e9 t\u00f3ny jsou dokonale vyv\u00e1\u017eeny chladiv\u00fdm efektem a vytv\u00e1\u0159ej\u00ed chu\u0165ov\u011b v\u00fdrazn\u00fd a uspokojiv\u00fd nikotinov\u00fd s\u00e1\u010dek pro ty, kte\u0159\u00ed maj\u00ed r\u00e1di exotick\u00e9 kombinace chut\u00ed. S 5,6 mg nikotinu v jednom s\u00e1\u010dku je tato tenk\u00e1 beztab\u00e1kov\u00e1 varianta ide\u00e1ln\u00ed pro u\u017eivatele, kte\u0159\u00ed hledaj\u00ed st\u0159edn\u00ed s\u00edlu v diskr\u00e9tn\u00edm a \u010dist\u00e9m form\u00e1tu, kter\u00fd nezanech\u00e1v\u00e1 skvrny na zubech.<\/span><\/p>\n<table>\n<tbody>\n<tr>\n<td><b>Atribut<\/b><\/td>\n<td><b>Podrobnosti na<\/b><\/td>\n<\/tr>\n<tr>\n<td><span style=\"font-weight: 400;\">Obsah na plechovku<\/span><\/td>\n<td><span style=\"font-weight: 400;\">10 g (20 s\u00e1\u010dk\u016f)<\/span><\/td>\n<\/tr>\n<tr>\n<td><span style=\"font-weight: 400;\">Obsah nikotinu<\/span><\/td>\n<td><span style=\"font-weight: 400;\">8 mg\/g (5,6 mg na s\u00e1\u010dek)<\/span><\/td>\n<\/tr>\n<tr>\n<td><span style=\"font-weight: 400;\">Form\u00e1t pouzdra<\/span><\/td>\n<td><span style=\"font-weight: 400;\">Slim<\/span><\/td>\n<\/tr>\n<tr>\n<td><span style=\"font-weight: 400;\">V\u00fdrobce<\/span><\/td>\n<td><span style=\"font-weight: 400;\">DENSSI<\/span><\/td>\n<\/tr>\n<tr>\n<td><span style=\"font-weight: 400;\">P\u0159\u00edchu\u0165<\/span><\/td>\n<td><span style=\"font-weight: 400;\">Mango a mentol<\/span><\/td>\n<\/tr>\n<tr>\n<td><span style=\"font-weight: 400;\">Typ<\/span><\/td>\n<td><span style=\"font-weight: 400;\">Celob\u00edl\u00fd s\u00e1\u010dek, bez tab\u00e1ku<\/span><\/td>\n<\/tr>\n<\/tbody>\n<\/table>","protected":false},"excerpt":{"rendered":"<p>Tropick\u00e9 <strong data-start=\"9\" data-end=\"37\">mango a mentol <\/strong>pro odv\u00e1\u017en\u00fd a osv\u011b\u017euj\u00edc\u00ed zvrat. Na <strong data-start=\"72\" data-end=\"94\">\u0161t\u00edhl\u00fd,<\/strong> beztab\u00e1kov\u00e1 pouzdra jsou diskr\u00e9tn\u011b um\u00edst\u011bna pod rty, co\u017e zaji\u0161\u0165uje \u010dist\u00fd a pohodln\u00fd pocit. Ka\u017ed\u00fd s\u00e1\u010dek obsahuje <strong data-start=\"183\" data-end=\"212\">5,6 mg nikotinu v jednom s\u00e1\u010dku<\/strong>, kter\u00e1 p\u0159in\u00e1\u0161\u00ed chu\u0165ov\u011b v\u00fdrazn\u00fd, st\u0159edn\u011b siln\u00fd z\u00e1\u017eitek s exotick\u00fdm n\u00e1dechem.<\/p>","protected":false},"featured_media":10671,"comment_status":"open","ping_status":"closed","template":"","format":[206],"meta":{"_acf_changed":false},"product_brand":[],"product_cat":[115],"product_tag":[16575],"flavours":[196,199],"nicotine":[230,236],"class_list":{"0":"post-10670","1":"product","2":"type-product","3":"status-publish","4":"has-post-thumbnail","6":"product_cat-denssi","7":"product_tag-5-6-mg-pouch","8":"pa_quantity-1-pack","9":"pa_quantity-10-pack","10":"pa_quantity-3-pack","11":"pa_quantity-30-pack","12":"pa_quantity-5-pack","13":"pa_quantity-60-pack","14":"flavours-fruits-berries","15":"flavours-mint","16":"format-slim","17":"nicotine-8-mg-g","18":"nicotine-strong","20":"first","21":"instock","22":"taxable","23":"shipping-taxable","24":"purchasable","25":"product-type-variable","26":"has-default-attributes"},"acf":[],"_links":{"self":[{"href":"https:\/\/whitelip.com\/cs\/wp-json\/wp\/v2\/product\/10670","targetHints":{"allow":["GET"]}}],"collection":[{"href":"https:\/\/whitelip.com\/cs\/wp-json\/wp\/v2\/product"}],"about":[{"href":"https:\/\/whitelip.com\/cs\/wp-json\/wp\/v2\/types\/product"}],"replies":[{"embeddable":true,"href":"https:\/\/whitelip.com\/cs\/wp-json\/wp\/v2\/comments?post=10670"}],"wp:featuredmedia":[{"embeddable":true,"href":"https:\/\/whitelip.com\/cs\/wp-json\/wp\/v2\/media\/10671"}],"wp:attachment":[{"href":"https:\/\/whitelip.com\/cs\/wp-json\/wp\/v2\/media?parent=10670"}],"wp:term":[{"taxonomy":"product_brand","embeddable":true,"href":"https:\/\/whitelip.com\/cs\/wp-json\/wp\/v2\/product_brand?post=10670"},{"taxonomy":"product_cat","embeddable":true,"href":"https:\/\/whitelip.com\/cs\/wp-json\/wp\/v2\/product_cat?post=10670"},{"taxonomy":"product_tag","embeddable":true,"href":"https:\/\/whitelip.com\/cs\/wp-json\/wp\/v2\/product_tag?post=10670"},{"taxonomy":"flavours","embeddable":true,"href":"https:\/\/whitelip.com\/cs\/wp-json\/wp\/v2\/flavours?post=10670"},{"taxonomy":"format","embeddable":true,"href":"https:\/\/whitelip.com\/cs\/wp-json\/wp\/v2\/format?post=10670"},{"taxonomy":"nicotine","embeddable":true,"href":"https:\/\/whitelip.com\/cs\/wp-json\/wp\/v2\/nicotine?post=10670"}],"curies":[{"name":"wp","href":"https:\/\/api.w.org\/{rel}","templated":true}]}}