{"id":10665,"date":"2025-06-11T12:32:04","date_gmt":"2025-06-11T12:32:04","guid":{"rendered":"https:\/\/whitelip.com\/denssi-watermelon-freeze-8mg\/"},"modified":"2026-04-30T10:11:06","modified_gmt":"2026-04-30T10:11:06","slug":"denssi-watermelon-freeze-8mg","status":"publish","type":"product","link":"https:\/\/whitelip.com\/cs\/denssi\/denssi-watermelon-freeze-8mg\/","title":{"rendered":"DENSSI Watermelon Freeze 8mg"},"content":{"rendered":"<h2><strong>DENSSI Watermelon Freeze 8mg<\/strong><\/h2>\n<p class=\"translation-block\">DENSSI Watermelon Freeze 8mg nikotinov\u00e9 s\u00e1\u010dky kombinuj\u00ed \u0161\u0165avnatou sladkost zral\u00e9ho melounu se studen\u00fd mentolov\u00fd fin\u00e1le pro osv\u011b\u017euj\u00edc\u00ed a ovocn\u00fd n\u00e1dech. Tato jedine\u010dn\u00e1 f\u00faze chut\u00ed poskytuje \u010dist\u00fd, chladn\u00fd vjem s ka\u017ed\u00fdm s\u00e1\u010dkem, co\u017e jej \u010din\u00ed skv\u011blou mo\u017enost\u00ed pro ty, kte\u0159\u00ed si u\u017e\u00edvaj\u00ed sladk\u00e9 profily se zmrazovac\u00edm zvratem. Ka\u017ed\u00fd \u0161t\u00edhl\u00fd s\u00e1\u010dek bez tab\u00e1ku obsahuje 5,6 mg nikotinu a nab\u00edz\u00ed hladk\u00fd a uspokojuj\u00edc\u00ed z\u00e1\u017eitek v diskr\u00e9tn\u00edm a pohodln\u00e9m form\u00e1tu, kter\u00fd nezanech\u00e1 skvrny na va\u0161ich zubech.<\/p>\n<table>\n<tbody>\n<tr>\n<td><b>Atribut<\/b><\/td>\n<td><b>Podrobnosti na<\/b><\/td>\n<\/tr>\n<tr>\n<td><span style=\"font-weight: 400;\">Obsah na plechovku<\/span><\/td>\n<td><span style=\"font-weight: 400;\">10 g (20 s\u00e1\u010dk\u016f)<\/span><\/td>\n<\/tr>\n<tr>\n<td><span style=\"font-weight: 400;\">Obsah nikotinu<\/span><\/td>\n<td><span style=\"font-weight: 400;\">8 mg\/g (5,6 mg na s\u00e1\u010dek)<\/span><\/td>\n<\/tr>\n<tr>\n<td><span style=\"font-weight: 400;\">Form\u00e1t pouzdra<\/span><\/td>\n<td><span style=\"font-weight: 400;\">Slim<\/span><\/td>\n<\/tr>\n<tr>\n<td><span style=\"font-weight: 400;\">V\u00fdrobce<\/span><\/td>\n<td><span style=\"font-weight: 400;\">DENSSI<\/span><\/td>\n<\/tr>\n<tr>\n<td><span style=\"font-weight: 400;\">P\u0159\u00edchu\u0165<\/span><\/td>\n<td><span style=\"font-weight: 400;\">Meloun a mentol<\/span><\/td>\n<\/tr>\n<tr>\n<td><span style=\"font-weight: 400;\">Typ<\/span><\/td>\n<td><span style=\"font-weight: 400;\">Celob\u00edl\u00fd s\u00e1\u010dek, bez tab\u00e1ku<\/span><\/td>\n<\/tr>\n<\/tbody>\n<\/table>","protected":false},"excerpt":{"rendered":"<p>\u0160\u0165avnat\u00e9 <strong data-start=\"6\" data-end=\"37\">meloun s ledov\u00fdm mentolem<\/strong> pro sladk\u00fd, osv\u011b\u017euj\u00edc\u00ed n\u00e1dech. Na <strong data-start=\"72\" data-end=\"94\">\u0161t\u00edhl\u00fd, <\/strong>beztab\u00e1kov\u00e1 pouzdra se diskr\u00e9tn\u011b umis\u0165uj\u00ed pod rty a zaji\u0161\u0165uj\u00ed \u010dist\u00fd a pohodln\u00fd z\u00e1\u017eitek. Ka\u017ed\u00fd s\u00e1\u010dek obsahuje <strong data-start=\"189\" data-end=\"218\">5,6 mg nikotinu v jednom s\u00e1\u010dku<\/strong>, kter\u00fd p\u0159in\u00e1\u0161\u00ed hladk\u00fd, chladiv\u00fd a uspokojiv\u00fd pocit.<\/p>","protected":false},"featured_media":10666,"comment_status":"open","ping_status":"closed","template":"","format":[206],"meta":{"_acf_changed":false},"product_brand":[],"product_cat":[115],"product_tag":[16575],"flavours":[196,199],"nicotine":[230,236],"class_list":{"0":"post-10665","1":"product","2":"type-product","3":"status-publish","4":"has-post-thumbnail","6":"product_cat-denssi","7":"product_tag-5-6-mg-pouch","8":"pa_quantity-1-pack","9":"pa_quantity-10-pack","10":"pa_quantity-3-pack","11":"pa_quantity-30-pack","12":"pa_quantity-5-pack","13":"pa_quantity-60-pack","14":"flavours-fruits-berries","15":"flavours-mint","16":"format-slim","17":"nicotine-8-mg-g","18":"nicotine-strong","20":"first","21":"instock","22":"taxable","23":"shipping-taxable","24":"purchasable","25":"product-type-variable","26":"has-default-attributes"},"acf":[],"_links":{"self":[{"href":"https:\/\/whitelip.com\/cs\/wp-json\/wp\/v2\/product\/10665","targetHints":{"allow":["GET"]}}],"collection":[{"href":"https:\/\/whitelip.com\/cs\/wp-json\/wp\/v2\/product"}],"about":[{"href":"https:\/\/whitelip.com\/cs\/wp-json\/wp\/v2\/types\/product"}],"replies":[{"embeddable":true,"href":"https:\/\/whitelip.com\/cs\/wp-json\/wp\/v2\/comments?post=10665"}],"wp:featuredmedia":[{"embeddable":true,"href":"https:\/\/whitelip.com\/cs\/wp-json\/wp\/v2\/media\/10666"}],"wp:attachment":[{"href":"https:\/\/whitelip.com\/cs\/wp-json\/wp\/v2\/media?parent=10665"}],"wp:term":[{"taxonomy":"product_brand","embeddable":true,"href":"https:\/\/whitelip.com\/cs\/wp-json\/wp\/v2\/product_brand?post=10665"},{"taxonomy":"product_cat","embeddable":true,"href":"https:\/\/whitelip.com\/cs\/wp-json\/wp\/v2\/product_cat?post=10665"},{"taxonomy":"product_tag","embeddable":true,"href":"https:\/\/whitelip.com\/cs\/wp-json\/wp\/v2\/product_tag?post=10665"},{"taxonomy":"flavours","embeddable":true,"href":"https:\/\/whitelip.com\/cs\/wp-json\/wp\/v2\/flavours?post=10665"},{"taxonomy":"format","embeddable":true,"href":"https:\/\/whitelip.com\/cs\/wp-json\/wp\/v2\/format?post=10665"},{"taxonomy":"nicotine","embeddable":true,"href":"https:\/\/whitelip.com\/cs\/wp-json\/wp\/v2\/nicotine?post=10665"}],"curies":[{"name":"wp","href":"https:\/\/api.w.org\/{rel}","templated":true}]}}