{"id":10655,"date":"2025-06-11T12:32:04","date_gmt":"2025-06-11T12:32:04","guid":{"rendered":"https:\/\/whitelip.com\/denssi-blueberry-freeze-8mg\/"},"modified":"2026-05-09T10:11:11","modified_gmt":"2026-05-09T10:11:11","slug":"denssi-blueberry-freeze-8mg","status":"publish","type":"product","link":"https:\/\/whitelip.com\/cs\/denssi\/denssi-blueberry-freeze-8mg\/","title":{"rendered":"DENSSI Blueberry Freeze 8mg"},"content":{"rendered":"<h2><strong>DENSSI Blueberry Freeze 8mg<\/strong><\/h2>\n<p><span style=\"font-weight: 400;\">Nikotinov\u00e9 s\u00e1\u010dky DENSSI Blueberry Freeze 8 mg nab\u00edzej\u00ed ovocn\u00fd a chladiv\u00fd z\u00e1\u017eitek, kter\u00fd kombinuje sladkou, \u0161\u0165avnatou chu\u0165 bor\u016fvek se sv\u011b\u017e\u00edm m\u00e1tov\u00fdm chladem. Tato osv\u011b\u017euj\u00edc\u00ed sm\u011bs p\u0159in\u00e1\u0161\u00ed hladk\u00fd a z\u00e1rove\u0148 osv\u011b\u017euj\u00edc\u00ed pocit, ide\u00e1ln\u00ed pro u\u017eivatele, kte\u0159\u00ed maj\u00ed r\u00e1di p\u0159\u00edval ovoce s ledov\u00fdm n\u00e1dechem. Tenk\u00e9 beztab\u00e1kov\u00e9 s\u00e1\u010dky jsou diskr\u00e9tn\u00ed a pohodln\u00e9 pod rty a jsou navr\u017eeny tak, aby poskytovaly \u010dist\u00fd a p\u0159\u00edjemn\u00fd p\u0159\u00edsun nikotinu bez zabarven\u00ed zub\u016f. Ka\u017ed\u00fd s\u00e1\u010dek obsahuje 5,6 mg nikotinu, co\u017e z n\u011bj \u010din\u00ed uspokojivou volbu pro pravideln\u00e9 u\u017eivatele.<\/span><\/p>\n<table>\n<tbody>\n<tr>\n<td><b>Atribut<\/b><\/td>\n<td><b>Podrobnosti na<\/b><\/td>\n<\/tr>\n<tr>\n<td><span style=\"font-weight: 400;\">Obsah na plechovku<\/span><\/td>\n<td><span style=\"font-weight: 400;\">10 g (20 s\u00e1\u010dk\u016f)<\/span><\/td>\n<\/tr>\n<tr>\n<td><span style=\"font-weight: 400;\">Obsah nikotinu<\/span><\/td>\n<td><span style=\"font-weight: 400;\">8 mg\/g (5,6 mg na s\u00e1\u010dek)<\/span><\/td>\n<\/tr>\n<tr>\n<td><span style=\"font-weight: 400;\">Form\u00e1t pouzdra<\/span><\/td>\n<td><span style=\"font-weight: 400;\">Slim<\/span><\/td>\n<\/tr>\n<tr>\n<td><span style=\"font-weight: 400;\">V\u00fdrobce<\/span><\/td>\n<td><span style=\"font-weight: 400;\">DENSSI<\/span><\/td>\n<\/tr>\n<tr>\n<td><span style=\"font-weight: 400;\">P\u0159\u00edchu\u0165<\/span><\/td>\n<td><span style=\"font-weight: 400;\">Bor\u016fvka a chladiv\u00e1 m\u00e1ta<\/span><\/td>\n<\/tr>\n<tr>\n<td><span style=\"font-weight: 400;\">Typ<\/span><\/td>\n<td><span style=\"font-weight: 400;\">Celob\u00edl\u00fd s\u00e1\u010dek, bez tab\u00e1ku<\/span><\/td>\n<\/tr>\n<\/tbody>\n<\/table>","protected":false},"excerpt":{"rendered":"<p>Sladk\u00fd, \u0161\u0165avnat\u00fd <strong data-start=\"13\" data-end=\"43\">bor\u016fvky<\/strong> s ledov\u011b chladivou m\u00e1tou pro jemn\u00fd, ale osv\u011b\u017euj\u00edc\u00ed pocit. Na <strong data-start=\"89\" data-end=\"111\">\u0161t\u00edhl\u00fd,<\/strong> beztab\u00e1kov\u00e9 s\u00e1\u010dky se diskr\u00e9tn\u011b um\u00edst\u00ed pod rty a zajist\u00ed \u010distotu a \u0161etrnost k zub\u016fm. Ka\u017ed\u00fd s\u00e1\u010dek obsahuje <strong data-start=\"209\" data-end=\"238\">5,6 mg nikotinu v jednom s\u00e1\u010dku<\/strong>, kter\u00e1 pravideln\u00fdm u\u017eivatel\u016fm p\u0159in\u00e1\u0161\u00ed uspokojivou a osv\u011b\u017euj\u00edc\u00ed sm\u011bs.<\/p>","protected":false},"featured_media":10656,"comment_status":"open","ping_status":"closed","template":"","format":[206],"meta":{"_acf_changed":false},"product_brand":[],"product_cat":[115],"product_tag":[16575],"flavours":[196,199],"nicotine":[230,236],"class_list":{"0":"post-10655","1":"product","2":"type-product","3":"status-publish","4":"has-post-thumbnail","6":"product_cat-denssi","7":"product_tag-5-6-mg-pouch","8":"pa_quantity-1-pack","9":"pa_quantity-10-pack","10":"pa_quantity-3-pack","11":"pa_quantity-30-pack","12":"pa_quantity-5-pack","13":"pa_quantity-60-pack","14":"flavours-fruits-berries","15":"flavours-mint","16":"format-slim","17":"nicotine-8-mg-g","18":"nicotine-strong","20":"first","21":"instock","22":"taxable","23":"shipping-taxable","24":"purchasable","25":"product-type-variable","26":"has-default-attributes"},"acf":[],"_links":{"self":[{"href":"https:\/\/whitelip.com\/cs\/wp-json\/wp\/v2\/product\/10655","targetHints":{"allow":["GET"]}}],"collection":[{"href":"https:\/\/whitelip.com\/cs\/wp-json\/wp\/v2\/product"}],"about":[{"href":"https:\/\/whitelip.com\/cs\/wp-json\/wp\/v2\/types\/product"}],"replies":[{"embeddable":true,"href":"https:\/\/whitelip.com\/cs\/wp-json\/wp\/v2\/comments?post=10655"}],"wp:featuredmedia":[{"embeddable":true,"href":"https:\/\/whitelip.com\/cs\/wp-json\/wp\/v2\/media\/10656"}],"wp:attachment":[{"href":"https:\/\/whitelip.com\/cs\/wp-json\/wp\/v2\/media?parent=10655"}],"wp:term":[{"taxonomy":"product_brand","embeddable":true,"href":"https:\/\/whitelip.com\/cs\/wp-json\/wp\/v2\/product_brand?post=10655"},{"taxonomy":"product_cat","embeddable":true,"href":"https:\/\/whitelip.com\/cs\/wp-json\/wp\/v2\/product_cat?post=10655"},{"taxonomy":"product_tag","embeddable":true,"href":"https:\/\/whitelip.com\/cs\/wp-json\/wp\/v2\/product_tag?post=10655"},{"taxonomy":"flavours","embeddable":true,"href":"https:\/\/whitelip.com\/cs\/wp-json\/wp\/v2\/flavours?post=10655"},{"taxonomy":"format","embeddable":true,"href":"https:\/\/whitelip.com\/cs\/wp-json\/wp\/v2\/format?post=10655"},{"taxonomy":"nicotine","embeddable":true,"href":"https:\/\/whitelip.com\/cs\/wp-json\/wp\/v2\/nicotine?post=10655"}],"curies":[{"name":"wp","href":"https:\/\/api.w.org\/{rel}","templated":true}]}}