{"id":10650,"date":"2025-06-11T12:32:05","date_gmt":"2025-06-11T12:32:05","guid":{"rendered":"https:\/\/whitelip.com\/denssi-strawberry-freeze-8mg\/"},"modified":"2026-04-15T17:17:24","modified_gmt":"2026-04-15T17:17:24","slug":"denssi-strawberry-freeze-8mg","status":"publish","type":"product","link":"https:\/\/whitelip.com\/cs\/denssi\/denssi-strawberry-freeze-8mg\/","title":{"rendered":"DENSSI Strawberry Freeze 8mg"},"content":{"rendered":"<h2><strong>DENSSI Strawberry Freeze 8mg<\/strong><\/h2>\n<p><span style=\"font-weight: 400;\">DENSSI Strawberry Freeze 8 mg nikotinov\u00e9 s\u00e1\u010dky kombinuj\u00ed sladkou, \u0161\u0165avnatou chu\u0165 zral\u00fdch jahod s osv\u011b\u017euj\u00edc\u00edm pocitem ledov\u00e9 m\u00e1ty. V\u00fdsledkem je ovocn\u011b chladiv\u00fd z\u00e1\u017eitek, kter\u00fd p\u0159in\u00e1\u0161\u00ed chu\u0165 i sv\u011b\u017eest v ka\u017ed\u00e9m s\u00e1\u010dku. Tyto s\u00e1\u010dky jsou navr\u017eeny ve \u0161t\u00edhl\u00e9m, zcela b\u00edl\u00e9m form\u00e1tu a nab\u00edzej\u00ed diskr\u00e9tn\u00ed a pohodln\u00e9 pou\u017e\u00edv\u00e1n\u00ed, p\u0159i\u010dem\u017e z\u016fst\u00e1vaj\u00ed \u0161etrn\u00e9 k va\u0161im zub\u016fm. S 5,6 mg nikotinu v jednom s\u00e1\u010dku poskytuj\u00ed vyv\u00e1\u017een\u00fd z\u00e1sah vhodn\u00fd pro pravideln\u00e9 u\u017eivatele, kte\u0159\u00ed maj\u00ed r\u00e1di aromatick\u00e9 sm\u011bsi s chladiv\u00fdm n\u00e1dechem.<\/span><\/p>\n<table>\n<tbody>\n<tr>\n<td><b>Atribut<\/b><\/td>\n<td><b>Podrobnosti na<\/b><\/td>\n<\/tr>\n<tr>\n<td><span style=\"font-weight: 400;\">Obsah na plechovku<\/span><\/td>\n<td><span style=\"font-weight: 400;\">10 g (20 s\u00e1\u010dk\u016f)<\/span><\/td>\n<\/tr>\n<tr>\n<td><span style=\"font-weight: 400;\">Obsah nikotinu<\/span><\/td>\n<td><span style=\"font-weight: 400;\">8 mg\/g (5,6 mg na s\u00e1\u010dek)<\/span><\/td>\n<\/tr>\n<tr>\n<td><span style=\"font-weight: 400;\">Form\u00e1t pouzdra<\/span><\/td>\n<td><span style=\"font-weight: 400;\">Slim<\/span><\/td>\n<\/tr>\n<tr>\n<td><span style=\"font-weight: 400;\">V\u00fdrobce<\/span><\/td>\n<td><span style=\"font-weight: 400;\">DENSSI<\/span><\/td>\n<\/tr>\n<tr>\n<td><span style=\"font-weight: 400;\">P\u0159\u00edchu\u0165<\/span><\/td>\n<td><span style=\"font-weight: 400;\">Jahoda a chladiv\u00e1 m\u00e1ta<\/span><\/td>\n<\/tr>\n<tr>\n<td><span style=\"font-weight: 400;\">Typ<\/span><\/td>\n<td><span style=\"font-weight: 400;\">Celob\u00edl\u00fd s\u00e1\u010dek, bez tab\u00e1ku<\/span><\/td>\n<\/tr>\n<\/tbody>\n<\/table>","protected":false},"excerpt":{"rendered":"<p>Sladk\u00fd, \u0161\u0165avnat\u00fd <strong data-start=\"13\" data-end=\"41\">jahoda a m\u00e1ta<\/strong> pro ovocn\u011b chladiv\u00fd a osv\u011b\u017euj\u00edc\u00ed n\u00e1dech. Na <strong data-start=\"81\" data-end=\"100\">\u0161t\u00edhl\u00fd, <\/strong>zcela b\u00edl\u00e9 s\u00e1\u010dky se diskr\u00e9tn\u011b um\u00edst\u00ed pod rty pro pohodln\u00e9 a \u0161etrn\u00e9 pou\u017e\u00edv\u00e1n\u00ed. Ka\u017ed\u00fd s\u00e1\u010dek obsahuje <strong data-start=\"195\" data-end=\"224\">5,6 mg nikotinu v jednom s\u00e1\u010dku<\/strong>, kter\u00e9 pravideln\u00fdm u\u017eivatel\u016fm p\u0159in\u00e1\u0161ej\u00ed vyv\u00e1\u017een\u00fd a chutn\u00fd z\u00e1\u017eitek.<\/p>","protected":false},"featured_media":10651,"comment_status":"open","ping_status":"closed","template":"","format":[206],"meta":{"_acf_changed":false},"product_brand":[],"product_cat":[115],"product_tag":[16575],"flavours":[196,199],"nicotine":[230,236],"class_list":{"0":"post-10650","1":"product","2":"type-product","3":"status-publish","4":"has-post-thumbnail","6":"product_cat-denssi","7":"product_tag-5-6-mg-pouch","8":"pa_quantity-1-pack","9":"pa_quantity-10-pack","10":"pa_quantity-3-pack","11":"pa_quantity-30-pack","12":"pa_quantity-5-pack","13":"pa_quantity-60-pack","14":"flavours-fruits-berries","15":"flavours-mint","16":"format-slim","17":"nicotine-8-mg-g","18":"nicotine-strong","20":"first","21":"instock","22":"taxable","23":"shipping-taxable","24":"purchasable","25":"product-type-variable","26":"has-default-attributes"},"acf":[],"_links":{"self":[{"href":"https:\/\/whitelip.com\/cs\/wp-json\/wp\/v2\/product\/10650","targetHints":{"allow":["GET"]}}],"collection":[{"href":"https:\/\/whitelip.com\/cs\/wp-json\/wp\/v2\/product"}],"about":[{"href":"https:\/\/whitelip.com\/cs\/wp-json\/wp\/v2\/types\/product"}],"replies":[{"embeddable":true,"href":"https:\/\/whitelip.com\/cs\/wp-json\/wp\/v2\/comments?post=10650"}],"wp:featuredmedia":[{"embeddable":true,"href":"https:\/\/whitelip.com\/cs\/wp-json\/wp\/v2\/media\/10651"}],"wp:attachment":[{"href":"https:\/\/whitelip.com\/cs\/wp-json\/wp\/v2\/media?parent=10650"}],"wp:term":[{"taxonomy":"product_brand","embeddable":true,"href":"https:\/\/whitelip.com\/cs\/wp-json\/wp\/v2\/product_brand?post=10650"},{"taxonomy":"product_cat","embeddable":true,"href":"https:\/\/whitelip.com\/cs\/wp-json\/wp\/v2\/product_cat?post=10650"},{"taxonomy":"product_tag","embeddable":true,"href":"https:\/\/whitelip.com\/cs\/wp-json\/wp\/v2\/product_tag?post=10650"},{"taxonomy":"flavours","embeddable":true,"href":"https:\/\/whitelip.com\/cs\/wp-json\/wp\/v2\/flavours?post=10650"},{"taxonomy":"format","embeddable":true,"href":"https:\/\/whitelip.com\/cs\/wp-json\/wp\/v2\/format?post=10650"},{"taxonomy":"nicotine","embeddable":true,"href":"https:\/\/whitelip.com\/cs\/wp-json\/wp\/v2\/nicotine?post=10650"}],"curies":[{"name":"wp","href":"https:\/\/api.w.org\/{rel}","templated":true}]}}