{"id":10640,"date":"2025-06-09T10:24:13","date_gmt":"2025-06-09T10:24:13","guid":{"rendered":"https:\/\/whitelip.com\/zyn-cool-mint-slim-6mg\/"},"modified":"2026-05-01T10:10:44","modified_gmt":"2026-05-01T10:10:44","slug":"zyn-cool-mint-slim-6mg","status":"publish","type":"product","link":"https:\/\/whitelip.com\/cs\/zyn\/zyn-cool-mint-slim-6mg\/","title":{"rendered":"ZYN Cool Mint Slim 6mg"},"content":{"rendered":"<h2><strong>ZYN Cool Mint Slim 6mg<\/strong><\/h2>\n<p><span style=\"font-weight: 400;\">ZYN Cool Mint Slim 6 mg p\u0159in\u00e1\u0161\u00ed <\/span><b>sv\u011b\u017e\u00ed a osv\u011b\u017euj\u00edc\u00ed m\u00e1tov\u00e1 p\u0159\u00edchu\u0165<\/b><span style=\"font-weight: 400;\">, umocn\u011bn\u00e9 siln\u00fdm <\/span><b>chladic\u00ed \u00fa\u010dinek<\/b><span style=\"font-weight: 400;\">, kter\u00e9 poskytuj\u00ed povzbuzuj\u00edc\u00ed nikotinov\u00fd z\u00e1\u017eitek. \u010cist\u00fd, ledov\u011b m\u00e1tov\u00fd profil nab\u00edz\u00ed hladk\u00fd a osv\u011b\u017euj\u00edc\u00ed pocit, ide\u00e1ln\u00ed pro ty, kte\u0159\u00ed maj\u00ed r\u00e1di \u010distou, chladivou chu\u0165. Ka\u017ed\u00fd tenk\u00fd, zcela b\u00edl\u00fd s\u00e1\u010dek obsahuje <\/span><b>6 mg nikotinu<\/b><span style=\"font-weight: 400;\">, kter\u00e1 poskytuje siln\u00e9 a rovnom\u011brn\u00e9 uvol\u0148ov\u00e1n\u00ed vhodn\u00e9 pro u\u017eivatele, kte\u0159\u00ed hledaj\u00ed pohodln\u011bj\u0161\u00ed nikotinov\u00fd z\u00e1\u017eitek.<\/span><\/p>\n<p><span style=\"font-weight: 400;\">Tenk\u00fd form\u00e1t zaji\u0161\u0165uje diskr\u00e9tn\u00ed a pohodln\u00e9 ulo\u017een\u00ed pod rty a umo\u017e\u0148uje \u010dist\u00e9 pou\u017eit\u00ed beze skvrn kdekoli a kdykoli. ZYN Cool Mint Slim 11 mg, vyroben\u00fd zcela bez tab\u00e1ku a z vysoce kvalitn\u00edch rostlinn\u00fdch materi\u00e1l\u016f, p\u0159edstavuje modern\u00ed a uspokojivou nikotinovou alternativu s v\u00fdrazn\u00fdm, osv\u011b\u017euj\u00edc\u00edm m\u00e1tov\u00fdm pocitem.<\/span><\/p>\n<table>\n<tbody>\n<tr>\n<td><b>Atribut<\/b><\/td>\n<td><b>Podrobnosti na<\/b><\/td>\n<\/tr>\n<tr>\n<td><b>Zna\u010dka<\/b><\/td>\n<td><span style=\"font-weight: 400;\">ZYN<\/span><\/td>\n<\/tr>\n<tr>\n<td><b>Typ v\u00fdrobku<\/b><\/td>\n<td><span style=\"font-weight: 400;\">V\u0161echny b\u00edl\u00e9 nikotinov\u00e9 s\u00e1\u010dky<\/span><\/td>\n<\/tr>\n<tr>\n<td><b>Form\u00e1t<\/b><\/td>\n<td><span style=\"font-weight: 400;\">Slim<\/span><\/td>\n<\/tr>\n<tr>\n<td><b>P\u0159\u00edchu\u0165<\/b><\/td>\n<td><span style=\"font-weight: 400;\">Cool Mint<\/span><\/td>\n<\/tr>\n<tr>\n<td><b>S\u00edla nikotinu<\/b><\/td>\n<td><span style=\"font-weight: 400;\">6 mg na s\u00e1\u010dek<\/span><\/td>\n<\/tr>\n<tr>\n<td><b>Hmotnost porce<\/b><\/td>\n<td><span style=\"font-weight: 400;\">0,6 gramu<\/span><\/td>\n<\/tr>\n<tr>\n<td><b>Po\u010det porc\u00ed<\/b><\/td>\n<td><span style=\"font-weight: 400;\">21 za plechovku<\/span><\/td>\n<\/tr>\n<tr>\n<td><b>Celkov\u00e1 hmotnost plechovky<\/b><\/td>\n<td><span style=\"font-weight: 400;\">12 gram\u016f<\/span><\/td>\n<\/tr>\n<tr>\n<td><b>V\u00fdrobce<\/b><\/td>\n<td><span style=\"font-weight: 400;\">\u0160v\u00e9dsk\u00e1 z\u00e1palka<\/span><\/td>\n<\/tr>\n<tr>\n<td><b>Pozoruhodn\u00e9 funkce<\/b><\/td>\n<td><span style=\"font-weight: 400;\">Bez tab\u00e1ku, tenk\u00fd form\u00e1t, siln\u00e1 m\u00e1tov\u00e1 p\u0159\u00edchu\u0165 s chladiv\u00fdm \u00fa\u010dinkem<\/span><\/td>\n<\/tr>\n<\/tbody>\n<\/table>","protected":false},"excerpt":{"rendered":"<p>ZYN <strong data-start=\"4\" data-end=\"17\">Cool Mint<\/strong> <strong data-start=\"18\" data-end=\"26\">slim<\/strong> p\u0159in\u00e1\u0161\u00ed sv\u011b\u017e\u00ed, osv\u011b\u017euj\u00edc\u00ed m\u00e1tu s v\u00fdrazn\u00fdm chladiv\u00fdm \u00fa\u010dinkem a \u010distou, osv\u011b\u017euj\u00edc\u00ed chut\u00ed. Ka\u017ed\u00fd s\u00e1\u010dek obsahuje <strong data-start=\"141\" data-end=\"158\">6 mg nikotinu<\/strong> pro rovnom\u011brn\u00e9 a pohodln\u00e9 uvoln\u011bn\u00ed.<\/p>","protected":false},"featured_media":10641,"comment_status":"open","ping_status":"closed","template":"","format":[206],"meta":{"_acf_changed":false},"product_brand":[],"product_cat":[37],"product_tag":[16559],"flavours":[199],"nicotine":[208,236],"class_list":{"0":"post-10640","1":"product","2":"type-product","3":"status-publish","4":"has-post-thumbnail","6":"product_cat-zyn","7":"product_tag-6-mg-pouch","8":"pa_quantity-1-pack","9":"pa_quantity-10-pack","10":"pa_quantity-3-pack","11":"pa_quantity-30-pack","12":"pa_quantity-5-pack","13":"pa_quantity-60-pack","14":"flavours-mint","15":"format-slim","16":"nicotine-11-mg-g","17":"nicotine-strong","19":"first","20":"outofstock","21":"purchasable","22":"product-type-variable","23":"has-default-attributes"},"acf":[],"_links":{"self":[{"href":"https:\/\/whitelip.com\/cs\/wp-json\/wp\/v2\/product\/10640","targetHints":{"allow":["GET"]}}],"collection":[{"href":"https:\/\/whitelip.com\/cs\/wp-json\/wp\/v2\/product"}],"about":[{"href":"https:\/\/whitelip.com\/cs\/wp-json\/wp\/v2\/types\/product"}],"replies":[{"embeddable":true,"href":"https:\/\/whitelip.com\/cs\/wp-json\/wp\/v2\/comments?post=10640"}],"wp:featuredmedia":[{"embeddable":true,"href":"https:\/\/whitelip.com\/cs\/wp-json\/wp\/v2\/media\/10641"}],"wp:attachment":[{"href":"https:\/\/whitelip.com\/cs\/wp-json\/wp\/v2\/media?parent=10640"}],"wp:term":[{"taxonomy":"product_brand","embeddable":true,"href":"https:\/\/whitelip.com\/cs\/wp-json\/wp\/v2\/product_brand?post=10640"},{"taxonomy":"product_cat","embeddable":true,"href":"https:\/\/whitelip.com\/cs\/wp-json\/wp\/v2\/product_cat?post=10640"},{"taxonomy":"product_tag","embeddable":true,"href":"https:\/\/whitelip.com\/cs\/wp-json\/wp\/v2\/product_tag?post=10640"},{"taxonomy":"flavours","embeddable":true,"href":"https:\/\/whitelip.com\/cs\/wp-json\/wp\/v2\/flavours?post=10640"},{"taxonomy":"format","embeddable":true,"href":"https:\/\/whitelip.com\/cs\/wp-json\/wp\/v2\/format?post=10640"},{"taxonomy":"nicotine","embeddable":true,"href":"https:\/\/whitelip.com\/cs\/wp-json\/wp\/v2\/nicotine?post=10640"}],"curies":[{"name":"wp","href":"https:\/\/api.w.org\/{rel}","templated":true}]}}