{"id":10635,"date":"2025-06-03T08:28:27","date_gmt":"2025-06-03T08:28:27","guid":{"rendered":"https:\/\/whitelip.com\/xqs-raspberry-blackcurrant-strong\/"},"modified":"2026-04-15T21:48:58","modified_gmt":"2026-04-15T21:48:58","slug":"xqs-raspberry-blackcurrant-strong","status":"publish","type":"product","link":"https:\/\/whitelip.com\/cs\/xqs\/xqs-raspberry-blackcurrant-strong\/","title":{"rendered":"XQS Raspberry Blackcurrant Strong"},"content":{"rendered":"<h2><b>XQS Raspberry Blackcurrant Strong<\/b><\/h2>\n<p><span style=\"font-weight: 400;\">XQS Raspberry Blackcurrant Strong p\u0159in\u00e1\u0161\u00ed <\/span><b>\u017eiv\u00e9 spojen\u00ed sladk\u00fdch malin a bohat\u00e9 chuti \u010dern\u00e9ho ryb\u00edzu<\/b><span style=\"font-weight: 400;\">, a vytv\u00e1\u0159\u00ed tak odv\u00e1\u017en\u00fd a ovocn\u00fd nikotinov\u00fd z\u00e1\u017eitek. Tento s\u00e1\u010dek je ide\u00e1ln\u00ed pro u\u017eivatele, kte\u0159\u00ed maj\u00ed r\u00e1di hlubok\u00e9 bobulov\u00e9 profily se \u0161\u0165avnat\u00fdm, pikantn\u00edm n\u00e1dechem, a spojuje dv\u011b obl\u00edben\u00e9 p\u0159\u00edchut\u011b do uspokojiv\u00e9ho a chu\u0165ov\u011b v\u00fdrazn\u00e9ho pocitu. Ka\u017ed\u00fd tenk\u00fd, zcela b\u00edl\u00fd s\u00e1\u010dek obsahuje <\/span><b>10 mg nikotinu<\/b><span style=\"font-weight: 400;\">, kter\u00e1 poskytuje siln\u00e9 a stabiln\u00ed uvol\u0148ov\u00e1n\u00ed nikotinu pro spolehliv\u00fd po\u017eitek z kou\u0159en\u00ed.<\/span><\/p>\n<p><span style=\"font-weight: 400;\">\u0160t\u00edhl\u00e9 pouzdro je navr\u017eeno pro pohodl\u00ed a diskr\u00e9tnost, hladce se vejde pod rty a nezanech\u00e1v\u00e1 skvrny. XQS Raspberry Blackcurrant Strong je zcela bez tab\u00e1ku a je vyroben z vysoce kvalitn\u00edch rostlinn\u00fdch vl\u00e1ken a p\u0159edstavuje \u010distou, modern\u00ed alternativu pro u\u017eivatele, kte\u0159\u00ed tou\u017e\u00ed po v\u00fdrazn\u00e9 chuti lesn\u00edch plod\u016f v kombinaci se spolehlivou silou nikotinu.<\/span><\/p>\n<table>\n<tbody>\n<tr>\n<td><b>Atribut<\/b><\/td>\n<td><b>Podrobnosti na<\/b><\/td>\n<\/tr>\n<tr>\n<td><b>Zna\u010dka<\/b><\/td>\n<td><span style=\"font-weight: 400;\">XQS<\/span><\/td>\n<\/tr>\n<tr>\n<td><b>Typ v\u00fdrobku<\/b><\/td>\n<td><span style=\"font-weight: 400;\">V\u0161echny b\u00edl\u00e9 nikotinov\u00e9 s\u00e1\u010dky<\/span><\/td>\n<\/tr>\n<tr>\n<td><b>Form\u00e1t<\/b><\/td>\n<td><span style=\"font-weight: 400;\">Slim<\/span><\/td>\n<\/tr>\n<tr>\n<td><b>P\u0159\u00edchu\u0165<\/b><\/td>\n<td><span style=\"font-weight: 400;\">Malina a \u010dern\u00fd ryb\u00edz<\/span><\/td>\n<\/tr>\n<tr>\n<td><b>S\u00edla nikotinu<\/b><\/td>\n<td><span style=\"font-weight: 400;\">10 mg na s\u00e1\u010dek (13 mg\/g)<\/span><\/td>\n<\/tr>\n<tr>\n<td><b>Hmotnost porce<\/b><\/td>\n<td><span style=\"font-weight: 400;\">0,75 gramu<\/span><\/td>\n<\/tr>\n<tr>\n<td><b>Po\u010det porc\u00ed<\/b><\/td>\n<td><span style=\"font-weight: 400;\">20 za plechovku<\/span><\/td>\n<\/tr>\n<tr>\n<td><b>Celkov\u00e1 hmotnost plechovky<\/b><\/td>\n<td><span style=\"font-weight: 400;\">15 gram\u016f<\/span><\/td>\n<\/tr>\n<tr>\n<td><b>V\u00fdrobce<\/b><\/td>\n<td><span style=\"font-weight: 400;\">XQS International<\/span><\/td>\n<\/tr>\n<tr>\n<td><b>Pozoruhodn\u00e9 funkce<\/b><\/td>\n<td><span style=\"font-weight: 400;\">Bez tab\u00e1ku, huben\u00fd form\u00e1t, p\u0159\u00edchu\u0165 malin a \u010dern\u00e9ho ryb\u00edzu se silnou obsahem nikotinu<\/span><\/td>\n<\/tr>\n<\/tbody>\n<\/table>","protected":false},"excerpt":{"rendered":"<p><span style=\"font-weight: 400;\">XQS Raspberry Blackcurrant Strong p\u0159in\u00e1\u0161\u00ed <\/span>\u017eiv\u00e9 spojen\u00ed<b> sladk\u00e9 maliny a bohat\u00fd \u010dern\u00fd ryb\u00edz <\/b>p\u0159\u00edchut\u011b<span style=\"font-weight: 400;\">, a vytv\u00e1\u0159\u00ed tak odv\u00e1\u017en\u00fd a ovocn\u00fd nikotinov\u00fd z\u00e1\u017eitek. Tento s\u00e1\u010dek je ide\u00e1ln\u00ed pro u\u017eivatele, kte\u0159\u00ed maj\u00ed r\u00e1di hlubok\u00e9 bobulov\u00e9 profily se \u0161\u0165avnat\u00fdm, pikantn\u00edm n\u00e1dechem, a spojuje dv\u011b obl\u00edben\u00e9 p\u0159\u00edchut\u011b do uspokojiv\u00e9ho a chu\u0165ov\u011b v\u00fdrazn\u00e9ho pocitu. Ka\u017ed\u00fd <strong>slim<\/strong>, celob\u00edl\u00e9 pouzdro obsahuje <\/span><b>10 mg nikotinu<\/b><span style=\"font-weight: 400;\">, kter\u00e1 poskytuje siln\u00e9 a stabiln\u00ed uvol\u0148ov\u00e1n\u00ed nikotinu pro spolehliv\u00fd po\u017eitek z kou\u0159en\u00ed.<\/span><\/p>","protected":false},"featured_media":63921,"comment_status":"open","ping_status":"closed","template":"","format":[206],"meta":{"_acf_changed":false},"product_brand":[],"product_cat":[27],"product_tag":[16587],"flavours":[196],"nicotine":[213,232],"class_list":{"0":"post-10635","1":"product","2":"type-product","3":"status-publish","4":"has-post-thumbnail","6":"product_cat-xqs","7":"product_tag-10-mg-pouch","8":"pa_quantity-1-pack","9":"pa_quantity-10-pack","10":"pa_quantity-3-pack","11":"pa_quantity-30-pack","12":"pa_quantity-5-pack","13":"pa_quantity-60-pack","14":"flavours-fruits-berries","15":"format-slim","16":"nicotine-16-mg-g","17":"nicotine-extra-strong","19":"first","20":"instock","21":"taxable","22":"shipping-taxable","23":"purchasable","24":"product-type-variable","25":"has-default-attributes"},"acf":[],"_links":{"self":[{"href":"https:\/\/whitelip.com\/cs\/wp-json\/wp\/v2\/product\/10635","targetHints":{"allow":["GET"]}}],"collection":[{"href":"https:\/\/whitelip.com\/cs\/wp-json\/wp\/v2\/product"}],"about":[{"href":"https:\/\/whitelip.com\/cs\/wp-json\/wp\/v2\/types\/product"}],"replies":[{"embeddable":true,"href":"https:\/\/whitelip.com\/cs\/wp-json\/wp\/v2\/comments?post=10635"}],"wp:featuredmedia":[{"embeddable":true,"href":"https:\/\/whitelip.com\/cs\/wp-json\/wp\/v2\/media\/63921"}],"wp:attachment":[{"href":"https:\/\/whitelip.com\/cs\/wp-json\/wp\/v2\/media?parent=10635"}],"wp:term":[{"taxonomy":"product_brand","embeddable":true,"href":"https:\/\/whitelip.com\/cs\/wp-json\/wp\/v2\/product_brand?post=10635"},{"taxonomy":"product_cat","embeddable":true,"href":"https:\/\/whitelip.com\/cs\/wp-json\/wp\/v2\/product_cat?post=10635"},{"taxonomy":"product_tag","embeddable":true,"href":"https:\/\/whitelip.com\/cs\/wp-json\/wp\/v2\/product_tag?post=10635"},{"taxonomy":"flavours","embeddable":true,"href":"https:\/\/whitelip.com\/cs\/wp-json\/wp\/v2\/flavours?post=10635"},{"taxonomy":"format","embeddable":true,"href":"https:\/\/whitelip.com\/cs\/wp-json\/wp\/v2\/format?post=10635"},{"taxonomy":"nicotine","embeddable":true,"href":"https:\/\/whitelip.com\/cs\/wp-json\/wp\/v2\/nicotine?post=10635"}],"curies":[{"name":"wp","href":"https:\/\/api.w.org\/{rel}","templated":true}]}}