{"id":10615,"date":"2025-05-23T12:48:54","date_gmt":"2025-05-23T12:48:54","guid":{"rendered":"https:\/\/whitelip.com\/77-ghost-arctic-berry-vb-mini\/"},"modified":"2026-05-12T10:11:43","modified_gmt":"2026-05-12T10:11:43","slug":"77-ghost-arctic-berry-vb-mini","status":"publish","type":"product","link":"https:\/\/whitelip.com\/cs\/77\/77-ghost-arctic-berry-vb-mini\/","title":{"rendered":"77 Ghost Arctic Berry VB Mini"},"content":{"rendered":"<p><span style=\"font-weight: 400;\">Nikotinov\u00e9 s\u00e1\u010dky 77 Ghost Arctic Berry VB Mini nab\u00edzej\u00ed osv\u011b\u017euj\u00edc\u00ed sm\u011bs seversk\u00fdch lesn\u00edch plod\u016f s chladiv\u00fdm \u00fa\u010dinkem, inspirovanou finsk\u00fdm jezdcem Formule 1 Valtterim Bottasem. Ka\u017ed\u00fd miniaturn\u00ed, celob\u00edl\u00fd s\u00e1\u010dek obsahuje 20 mg nikotinu a poskytuje siln\u00fd pocit vhodn\u00fd pro zku\u0161en\u00e9 u\u017eivatele. Diskr\u00e9tn\u00ed design zaji\u0161\u0165uje pohodln\u00e9 uchycen\u00ed pod rty, co\u017e umo\u017e\u0148uje u\u017e\u00edv\u00e1n\u00ed kdykoli bez zabarven\u00ed zub\u016f. Tyto beztab\u00e1kov\u00e9 s\u00e1\u010dky, vyr\u00e1b\u011bn\u00e9 spole\u010dnost\u00ed 77 Group, jsou p\u0159\u00edkladem vysoce kvalitn\u00edch standard\u016f a inovativn\u00edch kombinac\u00ed p\u0159\u00edchut\u00ed.<\/span><\/p>\n<table>\n<tbody>\n<tr>\n<td><b>Atribut<\/b><\/td>\n<td><b>Podrobnosti na<\/b><\/td>\n<\/tr>\n<tr>\n<td><b>Obsah na plechovku<\/b><\/td>\n<td><span style=\"font-weight: 400;\">10 g (24 s\u00e1\u010dk\u016f)<\/span><\/td>\n<\/tr>\n<tr>\n<td><b>Obsah nikotinu<\/b><\/td>\n<td><span style=\"font-weight: 400;\">40 mg\/g (20 mg na s\u00e1\u010dek)<\/span><\/td>\n<\/tr>\n<tr>\n<td><b>Form\u00e1t pouzdra<\/b><\/td>\n<td><span style=\"font-weight: 400;\">Mini<\/span><\/td>\n<\/tr>\n<tr>\n<td><b>V\u00fdrobce<\/b><\/td>\n<td><span style=\"font-weight: 400;\">77 Skupina<\/span><\/td>\n<\/tr>\n<tr>\n<td><b>P\u0159\u00edchu\u0165<\/b><\/td>\n<td><span style=\"font-weight: 400;\">Arctic Berry<\/span><\/td>\n<\/tr>\n<tr>\n<td><b>Typ<\/b><\/td>\n<td><span style=\"font-weight: 400;\">Celob\u00edl\u00e9 pouzdro<\/span><\/td>\n<\/tr>\n<\/tbody>\n<\/table>","protected":false},"excerpt":{"rendered":"<p>Osv\u011b\u017euj\u00edc\u00ed seversk\u00fd les <strong>bobule<\/strong> s \u010dist\u00fdm chladic\u00edm efektem, vytvo\u0159en\u00fd ve spolupr\u00e1ci s Valtterim Bottasem. <strong>Mini<\/strong>, celob\u00edl\u00e9 s\u00e1\u010dky diskr\u00e9tn\u011b a pohodln\u011b sed\u00ed pod rty a nezanech\u00e1vaj\u00ed skvrny. Ka\u017ed\u00fd s\u00e1\u010dek obsahuje <strong>20 mg nikotinu<\/strong>, co\u017e je siln\u00fd kopanec vhodn\u00fd pro zku\u0161en\u00e9 u\u017eivatele.<\/p>","protected":false},"featured_media":10616,"comment_status":"open","ping_status":"closed","template":"","format":[205],"meta":{"_acf_changed":false},"product_brand":[],"product_cat":[23],"product_tag":[16545],"flavours":[196],"nicotine":[225,233],"class_list":{"0":"post-10615","1":"product","2":"type-product","3":"status-publish","4":"has-post-thumbnail","6":"product_cat-23","7":"product_tag-20-mg-pouch","8":"pa_quantity-1-pack","9":"pa_quantity-10-pack","10":"pa_quantity-3-pack","11":"pa_quantity-30-pack","12":"pa_quantity-5-pack","13":"pa_quantity-60-pack","14":"flavours-fruits-berries","15":"format-mini","16":"nicotine-40-mg-g","17":"nicotine-extreme","19":"first","20":"instock","21":"taxable","22":"shipping-taxable","23":"purchasable","24":"product-type-variable","25":"has-default-attributes"},"acf":[],"_links":{"self":[{"href":"https:\/\/whitelip.com\/cs\/wp-json\/wp\/v2\/product\/10615","targetHints":{"allow":["GET"]}}],"collection":[{"href":"https:\/\/whitelip.com\/cs\/wp-json\/wp\/v2\/product"}],"about":[{"href":"https:\/\/whitelip.com\/cs\/wp-json\/wp\/v2\/types\/product"}],"replies":[{"embeddable":true,"href":"https:\/\/whitelip.com\/cs\/wp-json\/wp\/v2\/comments?post=10615"}],"wp:featuredmedia":[{"embeddable":true,"href":"https:\/\/whitelip.com\/cs\/wp-json\/wp\/v2\/media\/10616"}],"wp:attachment":[{"href":"https:\/\/whitelip.com\/cs\/wp-json\/wp\/v2\/media?parent=10615"}],"wp:term":[{"taxonomy":"product_brand","embeddable":true,"href":"https:\/\/whitelip.com\/cs\/wp-json\/wp\/v2\/product_brand?post=10615"},{"taxonomy":"product_cat","embeddable":true,"href":"https:\/\/whitelip.com\/cs\/wp-json\/wp\/v2\/product_cat?post=10615"},{"taxonomy":"product_tag","embeddable":true,"href":"https:\/\/whitelip.com\/cs\/wp-json\/wp\/v2\/product_tag?post=10615"},{"taxonomy":"flavours","embeddable":true,"href":"https:\/\/whitelip.com\/cs\/wp-json\/wp\/v2\/flavours?post=10615"},{"taxonomy":"format","embeddable":true,"href":"https:\/\/whitelip.com\/cs\/wp-json\/wp\/v2\/format?post=10615"},{"taxonomy":"nicotine","embeddable":true,"href":"https:\/\/whitelip.com\/cs\/wp-json\/wp\/v2\/nicotine?post=10615"}],"curies":[{"name":"wp","href":"https:\/\/api.w.org\/{rel}","templated":true}]}}