{"id":10605,"date":"2025-05-22T10:41:35","date_gmt":"2025-05-22T10:41:35","guid":{"rendered":"https:\/\/whitelip.com\/smogen-stormy-licorice\/"},"modified":"2026-05-06T10:11:23","modified_gmt":"2026-05-06T10:11:23","slug":"smogen-stormy-licorice","status":"publish","type":"product","link":"https:\/\/whitelip.com\/cs\/smogen\/smogen-stormy-licorice\/","title":{"rendered":"SM\u00d6GEN Stormy Licorice"},"content":{"rendered":"<h2><b>SM\u00d6GEN Stormy Licorice<\/b><\/h2>\n<p><span style=\"font-weight: 400;\">Nikotinov\u00e9 s\u00e1\u010dky SM\u00d6GEN Stormy Licorice \u010derpaj\u00ed inspiraci z hlubok\u00e9ho n\u00e1mo\u0159n\u00edho spojen\u00ed l\u00e9ko\u0159ice a mo\u0159e. Od doby, kdy l\u00e9k\u00e1rn\u00edk James Lofthouse za\u010dal koncem 19. stolet\u00ed v Anglii prod\u00e1vat m\u00edstn\u00edm ryb\u00e1\u0159\u016fm l\u00e9ko\u0159ici \u201cFisherman's Friend\u201d, je l\u00e9ko\u0159ice \u00fazce spjata s n\u00e1mo\u0159n\u00edky po cel\u00e9m sv\u011bt\u011b. Tato v\u00fdrazn\u00e1, slan\u00e1 a sladk\u00e1 p\u0159\u00edchu\u0165 vzd\u00e1v\u00e1 hold tomuto odkazu a p\u0159in\u00e1\u0161\u00ed robustn\u00ed chu\u0165 l\u00e9ko\u0159ice s bou\u0159liv\u00fdm n\u00e1dechem. Ka\u017ed\u00fd tenk\u00fd, celob\u00edl\u00fd s\u00e1\u010dek obsahuje 8 mg nikotinu a nab\u00edz\u00ed siln\u00fd a uspokojiv\u00fd z\u00e1\u017eitek pro zku\u0161en\u00e9 u\u017eivatele. SM\u00d6GEN Stormy Licorice je beztab\u00e1kov\u00fd s\u00e1\u010dek vyroben\u00fd ve \u0160v\u00e9dsku, kter\u00fd ct\u00ed tradici a z\u00e1rove\u0148 nab\u00edz\u00ed modern\u00ed rafinovanost.<\/span><\/p>\n<table>\n<tbody>\n<tr>\n<td><b>Atribut<\/b><\/td>\n<td><b>Podrobnosti na<\/b><\/td>\n<\/tr>\n<tr>\n<td><b>Obsah na plechovku<\/b><\/td>\n<td><span style=\"font-weight: 400;\">12 g (20 s\u00e1\u010dk\u016f)<\/span><\/td>\n<\/tr>\n<tr>\n<td><b>Obsah nikotinu<\/b><\/td>\n<td><span style=\"font-weight: 400;\">13 mg\/g (8 mg na s\u00e1\u010dek)<\/span><\/td>\n<\/tr>\n<tr>\n<td><b>Form\u00e1t pouzdra<\/b><\/td>\n<td><span style=\"font-weight: 400;\">Slim<\/span><\/td>\n<\/tr>\n<tr>\n<td><b>V\u00fdrobce<\/b><\/td>\n<td><span style=\"font-weight: 400;\">SM\u00d6GEN<\/span><\/td>\n<\/tr>\n<tr>\n<td><b>P\u0159\u00edchu\u0165<\/b><\/td>\n<td><span style=\"font-weight: 400;\">St\u0159e\u0161ovn\u00edk (bou\u0159liv\u00fd, slan\u011b-sladk\u00fd)<\/span><\/td>\n<\/tr>\n<tr>\n<td><b>Typ<\/b><\/td>\n<td><span style=\"font-weight: 400;\">Celob\u00edl\u00e9 pouzdro<\/span><\/td>\n<\/tr>\n<\/tbody>\n<\/table>","protected":false},"excerpt":{"rendered":"<p>Nikotinov\u00e9 s\u00e1\u010dky SM\u00d6GEN Stormy Licorice p\u0159in\u00e1\u0161ej\u00ed odv\u00e1\u017enou, slanou a sladkou chu\u0165. <strong data-start=\"68\" data-end=\"87\">Bou\u0159liv\u00e1 l\u00e9ko\u0159ice<\/strong> s robustn\u00ed mo\u0159skou p\u0159\u00edchut\u00ed. <strong data-start=\"125\" data-end=\"133\">Slim<\/strong>, zcela b\u00edl\u00fd form\u00e1t pro diskr\u00e9tn\u00ed a pohodln\u00e9 pou\u017e\u00edv\u00e1n\u00ed. Ka\u017ed\u00e9 pouzdro obsahuje <strong data-start=\"203\" data-end=\"220\">8 mg nikotinu<\/strong>. Vyrobeno ve \u0160v\u00e9dsku pro zku\u0161en\u00e9 u\u017eivatele, kte\u0159\u00ed hledaj\u00ed siln\u00fd, rafinovan\u00fd profil l\u00e9ko\u0159ice.<\/p>","protected":false},"featured_media":3423,"comment_status":"open","ping_status":"closed","template":"","format":[206],"meta":{"_acf_changed":false},"product_brand":[],"product_cat":[114],"product_tag":[16583],"flavours":[198],"nicotine":[210,232],"class_list":{"0":"post-10605","1":"product","2":"type-product","3":"status-publish","4":"has-post-thumbnail","6":"product_cat-smogen","7":"product_tag-8-mg-pouch","8":"pa_quantity-1-pack","9":"pa_quantity-10-pack","10":"pa_quantity-3-pack","11":"pa_quantity-30-pack","12":"pa_quantity-5-pack","13":"pa_quantity-60-pack","14":"flavours-licorice","15":"format-slim","16":"nicotine-13-mg-g","17":"nicotine-extra-strong","19":"first","20":"outofstock","21":"taxable","22":"shipping-taxable","23":"purchasable","24":"product-type-variable"},"acf":[],"_links":{"self":[{"href":"https:\/\/whitelip.com\/cs\/wp-json\/wp\/v2\/product\/10605","targetHints":{"allow":["GET"]}}],"collection":[{"href":"https:\/\/whitelip.com\/cs\/wp-json\/wp\/v2\/product"}],"about":[{"href":"https:\/\/whitelip.com\/cs\/wp-json\/wp\/v2\/types\/product"}],"replies":[{"embeddable":true,"href":"https:\/\/whitelip.com\/cs\/wp-json\/wp\/v2\/comments?post=10605"}],"wp:featuredmedia":[{"embeddable":true,"href":"https:\/\/whitelip.com\/cs\/wp-json\/wp\/v2\/media\/3423"}],"wp:attachment":[{"href":"https:\/\/whitelip.com\/cs\/wp-json\/wp\/v2\/media?parent=10605"}],"wp:term":[{"taxonomy":"product_brand","embeddable":true,"href":"https:\/\/whitelip.com\/cs\/wp-json\/wp\/v2\/product_brand?post=10605"},{"taxonomy":"product_cat","embeddable":true,"href":"https:\/\/whitelip.com\/cs\/wp-json\/wp\/v2\/product_cat?post=10605"},{"taxonomy":"product_tag","embeddable":true,"href":"https:\/\/whitelip.com\/cs\/wp-json\/wp\/v2\/product_tag?post=10605"},{"taxonomy":"flavours","embeddable":true,"href":"https:\/\/whitelip.com\/cs\/wp-json\/wp\/v2\/flavours?post=10605"},{"taxonomy":"format","embeddable":true,"href":"https:\/\/whitelip.com\/cs\/wp-json\/wp\/v2\/format?post=10605"},{"taxonomy":"nicotine","embeddable":true,"href":"https:\/\/whitelip.com\/cs\/wp-json\/wp\/v2\/nicotine?post=10605"}],"curies":[{"name":"wp","href":"https:\/\/api.w.org\/{rel}","templated":true}]}}