{"id":10600,"date":"2025-05-22T10:41:37","date_gmt":"2025-05-22T10:41:37","guid":{"rendered":"https:\/\/whitelip.com\/smogen-seabreeze-mint\/"},"modified":"2026-05-01T10:10:44","modified_gmt":"2026-05-01T10:10:44","slug":"smogen-seabreeze-mint","status":"publish","type":"product","link":"https:\/\/whitelip.com\/cs\/smogen\/smogen-seabreeze-mint\/","title":{"rendered":"SM\u00d6GEN Seabreeze Mint"},"content":{"rendered":"<h2><b>SM\u00d6GEN Seabreeze Mint<\/b><\/h2>\n<p><span style=\"font-weight: 400;\">Nikotinov\u00e9 s\u00e1\u010dky SM\u00d6GEN Seabreeze Mint zachycuj\u00ed chladiv\u00fd, osv\u011b\u017euj\u00edc\u00ed pocit pob\u0159e\u017en\u00edho v\u00e1nku za slune\u010dn\u00e9ho letn\u00edho dne. Tato p\u0159\u00edchu\u0165 je inspirov\u00e1na \u201csj\u00f6bris\u201d - zn\u00e1m\u00fdm v\u011btrem na z\u00e1padn\u00edm pob\u0159e\u017e\u00ed \u0160v\u00e9dska - a nab\u00edz\u00ed sv\u011b\u017e\u00ed m\u00e1tov\u00fd profil s \u010distou, vzdu\u0161nou sv\u011b\u017eest\u00ed. Ka\u017ed\u00fd tenk\u00fd, celob\u00edl\u00fd s\u00e1\u010dek obsahuje 8 mg nikotinu, tak\u017ee je vhodn\u00fd pro pravideln\u00e9 u\u017eivatele, kte\u0159\u00ed hledaj\u00ed vyv\u00e1\u017een\u00fd a povzbuzuj\u00edc\u00ed z\u00e1\u017eitek. Diskr\u00e9tn\u00ed form\u00e1t zaji\u0161\u0165uje pohodln\u00e9 ulo\u017een\u00ed pod rty, co\u017e je ide\u00e1ln\u00ed pro pou\u017eit\u00ed b\u011bhem cel\u00e9ho dne bez zabarven\u00ed zub\u016f. Spole\u010dnost SM\u00d6GEN, vyroben\u00e1 ve \u0160v\u00e9dsku, p\u0159in\u00e1\u0161\u00ed beztab\u00e1kov\u00fd s\u00e1\u010dek s ko\u0159eny v mo\u0159sk\u00e9m charakteru a letn\u00ed vitalit\u011b.<\/span><\/p>\n<table>\n<tbody>\n<tr>\n<td><b>Atribut<\/b><\/td>\n<td><b>Podrobnosti na<\/b><\/td>\n<\/tr>\n<tr>\n<td><b>Obsah na plechovku<\/b><\/td>\n<td><span style=\"font-weight: 400;\">12 g (20 s\u00e1\u010dk\u016f)<\/span><\/td>\n<\/tr>\n<tr>\n<td><b>Obsah nikotinu<\/b><\/td>\n<td><span style=\"font-weight: 400;\">13 mg\/g (8 mg na s\u00e1\u010dek)<\/span><\/td>\n<\/tr>\n<tr>\n<td><b>Form\u00e1t pouzdra<\/b><\/td>\n<td><span style=\"font-weight: 400;\">Slim<\/span><\/td>\n<\/tr>\n<tr>\n<td><b>V\u00fdrobce<\/b><\/td>\n<td><span style=\"font-weight: 400;\">SM\u00d6GEN<\/span><\/td>\n<\/tr>\n<tr>\n<td><b>P\u0159\u00edchu\u0165<\/b><\/td>\n<td><span style=\"font-weight: 400;\">M\u00e1ta (inspirovan\u00e1 mo\u0159sk\u00fdm v\u00e1nkem)<\/span><\/td>\n<\/tr>\n<tr>\n<td><b>Typ<\/b><\/td>\n<td><span style=\"font-weight: 400;\">Celob\u00edl\u00e9 pouzdro<\/span><\/td>\n<\/tr>\n<\/tbody>\n<\/table>","protected":false},"excerpt":{"rendered":"<p>Nikotinov\u00e9 s\u00e1\u010dky SM\u00d6GEN Seabreeze Mint p\u0159in\u00e1\u0161ej\u00ed sv\u011b\u017e\u00ed, osv\u011b\u017euj\u00edc\u00ed chu\u0165. <strong data-start=\"67\" data-end=\"85\">Seabreeze Mint<\/strong> chu\u0165 inspirovan\u00e1 z\u00e1padn\u00edm pob\u0159e\u017e\u00edm \u0160v\u00e9dska. <strong data-start=\"126\" data-end=\"134\">Slim<\/strong>, zcela b\u00edl\u00fd form\u00e1t pro diskr\u00e9tn\u00ed a pohodln\u00e9 pou\u017e\u00edv\u00e1n\u00ed s \u010distou a vzdu\u0161nou sv\u011b\u017eest\u00ed. Ka\u017ed\u00fd s\u00e1\u010dek obsahuje <strong data-start=\"231\" data-end=\"248\">8 mg nikotinu<\/strong>. Vyrobeno ve \u0160v\u00e9dsku pro vyv\u00e1\u017een\u00fd a osv\u011b\u017euj\u00edc\u00ed z\u00e1\u017eitek.<\/p>","protected":false},"featured_media":3422,"comment_status":"open","ping_status":"closed","template":"","format":[206],"meta":{"_acf_changed":false},"product_brand":[],"product_cat":[114],"product_tag":[16583],"flavours":[199],"nicotine":[210,232],"class_list":{"0":"post-10600","1":"product","2":"type-product","3":"status-publish","4":"has-post-thumbnail","6":"product_cat-smogen","7":"product_tag-8-mg-pouch","8":"pa_quantity-1-pack","9":"pa_quantity-10-pack","10":"pa_quantity-3-pack","11":"pa_quantity-30-pack","12":"pa_quantity-5-pack","13":"pa_quantity-60-pack","14":"flavours-mint","15":"format-slim","16":"nicotine-13-mg-g","17":"nicotine-extra-strong","19":"first","20":"outofstock","21":"taxable","22":"shipping-taxable","23":"purchasable","24":"product-type-variable"},"acf":[],"_links":{"self":[{"href":"https:\/\/whitelip.com\/cs\/wp-json\/wp\/v2\/product\/10600","targetHints":{"allow":["GET"]}}],"collection":[{"href":"https:\/\/whitelip.com\/cs\/wp-json\/wp\/v2\/product"}],"about":[{"href":"https:\/\/whitelip.com\/cs\/wp-json\/wp\/v2\/types\/product"}],"replies":[{"embeddable":true,"href":"https:\/\/whitelip.com\/cs\/wp-json\/wp\/v2\/comments?post=10600"}],"wp:featuredmedia":[{"embeddable":true,"href":"https:\/\/whitelip.com\/cs\/wp-json\/wp\/v2\/media\/3422"}],"wp:attachment":[{"href":"https:\/\/whitelip.com\/cs\/wp-json\/wp\/v2\/media?parent=10600"}],"wp:term":[{"taxonomy":"product_brand","embeddable":true,"href":"https:\/\/whitelip.com\/cs\/wp-json\/wp\/v2\/product_brand?post=10600"},{"taxonomy":"product_cat","embeddable":true,"href":"https:\/\/whitelip.com\/cs\/wp-json\/wp\/v2\/product_cat?post=10600"},{"taxonomy":"product_tag","embeddable":true,"href":"https:\/\/whitelip.com\/cs\/wp-json\/wp\/v2\/product_tag?post=10600"},{"taxonomy":"flavours","embeddable":true,"href":"https:\/\/whitelip.com\/cs\/wp-json\/wp\/v2\/flavours?post=10600"},{"taxonomy":"format","embeddable":true,"href":"https:\/\/whitelip.com\/cs\/wp-json\/wp\/v2\/format?post=10600"},{"taxonomy":"nicotine","embeddable":true,"href":"https:\/\/whitelip.com\/cs\/wp-json\/wp\/v2\/nicotine?post=10600"}],"curies":[{"name":"wp","href":"https:\/\/api.w.org\/{rel}","templated":true}]}}