{"id":10575,"date":"2025-05-21T07:51:43","date_gmt":"2025-05-21T07:51:43","guid":{"rendered":"https:\/\/whitelip.com\/iceberg-key-lime-pie\/"},"modified":"2026-04-29T10:11:18","modified_gmt":"2026-04-29T10:11:18","slug":"iceberg-key-lime-pie","status":"publish","type":"product","link":"https:\/\/whitelip.com\/cs\/iceberg\/iceberg-key-lime-pie\/","title":{"rendered":"ICEBERG Key Lime Pie"},"content":{"rendered":"<h2><strong>ICEBERG Key Lime Pie<\/strong><\/h2>\n<p class=\"\" data-start=\"89\" data-end=\"754\">Nikotinov\u00e9 s\u00e1\u010dky ICEBERG Key Lime Pie p\u0159in\u00e1\u0161ej\u00ed pikantn\u00ed a kr\u00e9movou p\u0159\u00edchu\u0165 inspirovanou dezertem, ve kter\u00e9 se m\u00eds\u00ed pikantn\u00ed limetka s jemn\u00fdm n\u00e1dechem slazen\u00e9 kol\u00e1\u010dov\u00e9 k\u016frky. Tato osv\u011b\u017euj\u00edc\u00ed a po\u017eitk\u00e1\u0159sk\u00e1 kombinace nab\u00edz\u00ed jedine\u010dn\u00fd obrat v tradi\u010dn\u00edch p\u0159\u00edchut\u00edch s\u00e1\u010dk\u016f. S vysok\u00fdm obsahem nikotinu 50 mg na gram - p\u0159ibli\u017en\u011b 35 mg na s\u00e1\u010dek - jsou tyto s\u00e1\u010dky p\u0159izp\u016fsobeny zku\u0161en\u00fdm u\u017eivatel\u016fm, kte\u0159\u00ed hledaj\u00ed v\u00fdraznou chu\u0165 a maxim\u00e1ln\u00ed s\u00edlu. Tenk\u00fd form\u00e1t s\u00e1\u010dk\u016f ve tvaru plechovky obsahuj\u00edc\u00ed 40 kousk\u016f kol\u00e1\u010de poskytuje novinku i pohodl\u00ed a diskr\u00e9tn\u011b se vejde pod ret. ICEBERG Key Lime Pie, vyroben\u00fd spole\u010dnost\u00ed Neoptolem v Polsku, vynik\u00e1 hrav\u00fdm designem a odv\u00e1\u017enou inovativn\u00ed chut\u00ed - v\u0161e bez tab\u00e1ku.<\/p>\n<p><b>Specifikace<\/b><\/p>\n<table>\n<tbody>\n<tr>\n<td><b>Atribut<\/b><\/td>\n<td><b>Podrobnosti na<\/b><\/td>\n<\/tr>\n<tr>\n<td><b>Obsah na plechovku<\/b><\/td>\n<td><span style=\"font-weight: 400;\">13 g (20 s\u00e1\u010dk\u016f)<\/span><\/td>\n<\/tr>\n<tr>\n<td><b>Obsah nikotinu<\/b><\/td>\n<td><span style=\"font-weight: 400;\">50 mg\/g (35 mg na s\u00e1\u010dek)<\/span><\/td>\n<\/tr>\n<tr>\n<td><b>Form\u00e1t pouzdra<\/b><\/td>\n<td><span style=\"font-weight: 400;\">Slim<\/span><\/td>\n<\/tr>\n<tr>\n<td><b>V\u00fdrobce<\/b><\/td>\n<td><span style=\"font-weight: 400;\">Neoptolem<\/span><\/td>\n<\/tr>\n<tr>\n<td><b>P\u0159\u00edchu\u0165<\/b><\/td>\n<td><span style=\"font-weight: 400;\">Key Lime Pie (limetka, smetana, pe\u010divo)<\/span><\/td>\n<\/tr>\n<tr>\n<td><b>Typ<\/b><\/td>\n<td><span style=\"font-weight: 400;\">Celob\u00edl\u00e9 pouzdro<\/span><\/td>\n<\/tr>\n<\/tbody>\n<\/table>","protected":false},"excerpt":{"rendered":"<p>Nikotinov\u00e9 s\u00e1\u010dky ICEBERG Key Lime Pie p\u0159in\u00e1\u0161ej\u00ed pikantn\u00ed a kr\u00e9movou p\u0159\u00edchu\u0165 inspirovanou dezertem, ve kter\u00e9 se m\u00eds\u00ed pikantn\u00ed limetka s jemn\u00fdm n\u00e1dechem slazen\u00e9 kol\u00e1\u010dov\u00e9 k\u016frky. Tato osv\u011b\u017euj\u00edc\u00ed a po\u017eitk\u00e1\u0159sk\u00e1 kombinace nab\u00edz\u00ed jedine\u010dn\u00fd obrat v tradi\u010dn\u00edch p\u0159\u00edchut\u00edch s\u00e1\u010dk\u016f. S vysok\u00fdm obsahem nikotinu 50 mg na gram - p\u0159ibli\u017en\u011b 35 mg na s\u00e1\u010dek - jsou tyto s\u00e1\u010dky p\u0159izp\u016fsobeny zku\u0161en\u00fdm u\u017eivatel\u016fm, kte\u0159\u00ed hledaj\u00ed v\u00fdraznou chu\u0165 a maxim\u00e1ln\u00ed s\u00edlu. Tenk\u00fd form\u00e1t s\u00e1\u010dk\u016f ve tvaru plechovky obsahuj\u00edc\u00ed 40 kousk\u016f kol\u00e1\u010de poskytuje novinku i pohodl\u00ed a diskr\u00e9tn\u011b se vejde pod ret. ICEBERG Key Lime Pie, vyroben\u00fd spole\u010dnost\u00ed Neoptolem v Polsku, vynik\u00e1 hrav\u00fdm designem a odv\u00e1\u017enou inovativn\u00ed chut\u00ed - v\u0161e bez tab\u00e1ku.<\/p>","protected":false},"featured_media":10576,"comment_status":"open","ping_status":"closed","template":"","format":[206],"meta":{"_acf_changed":false},"product_brand":[],"product_cat":[50],"product_tag":[16603],"flavours":[196],"nicotine":[226,233],"class_list":{"0":"post-10575","1":"product","2":"type-product","3":"status-publish","4":"has-post-thumbnail","6":"product_cat-iceberg","7":"product_tag-35-mg-pouch","8":"pa_quantity-1-pack","9":"pa_quantity-10-pack","10":"pa_quantity-2-pack","11":"pa_quantity-3-pack","12":"pa_quantity-30-pack","13":"pa_quantity-5-pack","14":"pa_quantity-60-pack","15":"flavours-fruits-berries","16":"format-slim","17":"nicotine-50-mg-g","18":"nicotine-extreme","20":"first","21":"outofstock","22":"taxable","23":"shipping-taxable","24":"purchasable","25":"product-type-variable","26":"has-default-attributes"},"acf":[],"_links":{"self":[{"href":"https:\/\/whitelip.com\/cs\/wp-json\/wp\/v2\/product\/10575","targetHints":{"allow":["GET"]}}],"collection":[{"href":"https:\/\/whitelip.com\/cs\/wp-json\/wp\/v2\/product"}],"about":[{"href":"https:\/\/whitelip.com\/cs\/wp-json\/wp\/v2\/types\/product"}],"replies":[{"embeddable":true,"href":"https:\/\/whitelip.com\/cs\/wp-json\/wp\/v2\/comments?post=10575"}],"wp:featuredmedia":[{"embeddable":true,"href":"https:\/\/whitelip.com\/cs\/wp-json\/wp\/v2\/media\/10576"}],"wp:attachment":[{"href":"https:\/\/whitelip.com\/cs\/wp-json\/wp\/v2\/media?parent=10575"}],"wp:term":[{"taxonomy":"product_brand","embeddable":true,"href":"https:\/\/whitelip.com\/cs\/wp-json\/wp\/v2\/product_brand?post=10575"},{"taxonomy":"product_cat","embeddable":true,"href":"https:\/\/whitelip.com\/cs\/wp-json\/wp\/v2\/product_cat?post=10575"},{"taxonomy":"product_tag","embeddable":true,"href":"https:\/\/whitelip.com\/cs\/wp-json\/wp\/v2\/product_tag?post=10575"},{"taxonomy":"flavours","embeddable":true,"href":"https:\/\/whitelip.com\/cs\/wp-json\/wp\/v2\/flavours?post=10575"},{"taxonomy":"format","embeddable":true,"href":"https:\/\/whitelip.com\/cs\/wp-json\/wp\/v2\/format?post=10575"},{"taxonomy":"nicotine","embeddable":true,"href":"https:\/\/whitelip.com\/cs\/wp-json\/wp\/v2\/nicotine?post=10575"}],"curies":[{"name":"wp","href":"https:\/\/api.w.org\/{rel}","templated":true}]}}