{"id":10570,"date":"2025-05-21T07:39:02","date_gmt":"2025-05-21T07:39:02","guid":{"rendered":"https:\/\/whitelip.com\/iceberg-apple-pie\/"},"modified":"2026-04-21T10:11:35","modified_gmt":"2026-04-21T10:11:35","slug":"iceberg-apple-pie","status":"publish","type":"product","link":"https:\/\/whitelip.com\/cs\/iceberg\/iceberg-apple-pie\/","title":{"rendered":"Jable\u010dn\u00fd kol\u00e1\u010d ICEBERG"},"content":{"rendered":"<h2><strong>Jable\u010dn\u00fd kol\u00e1\u010d ICEBERG<\/strong><\/h2>\n<p class=\"\" data-start=\"89\" data-end=\"754\">Nikotinov\u00e9 s\u00e1\u010dky ICEBERG Apple Pie p\u0159in\u00e1\u0161ej\u00ed do modern\u00edho nikotinov\u00e9ho po\u017eitku h\u0159ejiv\u00fd a nostalgick\u00fd n\u00e1dech d\u00edky sladk\u00e9 a ko\u0159en\u011bn\u00e9 p\u0159\u00edchuti jable\u010dn\u00e9ho kol\u00e1\u010de. Sm\u011bs pe\u010den\u00e9ho jablka, sko\u0159ice a n\u00e1dechu m\u00e1slov\u00e9ho pe\u010diva p\u0159in\u00e1\u0161\u00ed v ka\u017ed\u00e9m s\u00e1\u010dku z\u00e1\u017eitek inspirovan\u00fd dezertem, kter\u00fd se nepodob\u00e1 \u017e\u00e1dn\u00e9mu jin\u00e9mu. S vysok\u00fdm obsahem nikotinu 50 mg na gram - p\u0159ibli\u017en\u011b 35 mg na s\u00e1\u010dek - jsou tyto s\u00e1\u010dky vytvo\u0159eny pro zku\u0161en\u00e9 u\u017eivatele, kte\u0159\u00ed hledaj\u00ed v\u00fdraznou chu\u0165 i po\u0159\u00e1dnou intenzitu. Jedine\u010dn\u011b tvarovan\u00e9 mohou p\u0159ipom\u00ednat pl\u00e1tek kol\u00e1\u010de obsahuj\u00edc\u00ed 40 kousk\u016f a nab\u00edzej\u00ed v\u00fdrazn\u00fd pocit s tenk\u00fdm, diskr\u00e9tn\u00edm ulo\u017een\u00edm pod rty. ICEBERG Apple Pie, vyroben\u00fd p\u0159edn\u00edm polsk\u00fdm v\u00fdrobcem Neoptolem, je beztab\u00e1kovou inovac\u00ed kombinuj\u00edc\u00ed pohodl\u00ed, s\u00edlu a kreativitu.<\/p>\n<p><b>Specifikace<\/b><\/p>\n<table>\n<tbody>\n<tr>\n<td><b>Atribut<\/b><\/td>\n<td><b>Podrobnosti na<\/b><\/td>\n<\/tr>\n<tr>\n<td><b>Obsah na plechovku<\/b><\/td>\n<td><span style=\"font-weight: 400;\">13 g (20 s\u00e1\u010dk\u016f)<\/span><\/td>\n<\/tr>\n<tr>\n<td><b>Obsah nikotinu<\/b><\/td>\n<td><span style=\"font-weight: 400;\">50 mg\/g (35 mg na s\u00e1\u010dek)<\/span><\/td>\n<\/tr>\n<tr>\n<td><b>Form\u00e1t pouzdra<\/b><\/td>\n<td><span style=\"font-weight: 400;\">Slim<\/span><\/td>\n<\/tr>\n<tr>\n<td><b>V\u00fdrobce<\/b><\/td>\n<td><span style=\"font-weight: 400;\">Neoptolem<\/span><\/td>\n<\/tr>\n<tr>\n<td><b>P\u0159\u00edchu\u0165<\/b><\/td>\n<td><span style=\"font-weight: 400;\">Jable\u010dn\u00fd kol\u00e1\u010d (pe\u010den\u00e9 jablko, sko\u0159ice, pe\u010divo)<\/span><\/td>\n<\/tr>\n<tr>\n<td><b>Typ<\/b><\/td>\n<td><span style=\"font-weight: 400;\">Celob\u00edl\u00e9 pouzdro<\/span><\/td>\n<\/tr>\n<\/tbody>\n<\/table>","protected":false},"excerpt":{"rendered":"<p>Nikotinov\u00e9 s\u00e1\u010dky ICEBERG Apple Pie p\u0159in\u00e1\u0161ej\u00ed do modern\u00edho nikotinov\u00e9ho po\u017eitku h\u0159ejiv\u00fd a nostalgick\u00fd n\u00e1dech d\u00edky sladk\u00e9 a ko\u0159en\u011bn\u00e9 p\u0159\u00edchuti jable\u010dn\u00e9ho kol\u00e1\u010de. Sm\u011bs pe\u010den\u00e9ho jablka, sko\u0159ice a n\u00e1dechu m\u00e1slov\u00e9ho pe\u010diva p\u0159in\u00e1\u0161\u00ed v ka\u017ed\u00e9m s\u00e1\u010dku z\u00e1\u017eitek inspirovan\u00fd dezertem, kter\u00fd se nepodob\u00e1 \u017e\u00e1dn\u00e9mu jin\u00e9mu. S vysok\u00fdm obsahem nikotinu 50 mg na gram - p\u0159ibli\u017en\u011b 35 mg na s\u00e1\u010dek - jsou tyto s\u00e1\u010dky vytvo\u0159eny pro zku\u0161en\u00e9 u\u017eivatele, kte\u0159\u00ed hledaj\u00ed v\u00fdraznou chu\u0165 i po\u0159\u00e1dnou intenzitu. Jedine\u010dn\u011b tvarovan\u00e9 mohou p\u0159ipom\u00ednat pl\u00e1tek kol\u00e1\u010de obsahuj\u00edc\u00ed 40 kousk\u016f a nab\u00edzej\u00ed v\u00fdrazn\u00fd pocit s tenk\u00fdm, diskr\u00e9tn\u00edm ulo\u017een\u00edm pod rty. ICEBERG Apple Pie, vyroben\u00fd p\u0159edn\u00edm polsk\u00fdm v\u00fdrobcem Neoptolem, je beztab\u00e1kovou inovac\u00ed kombinuj\u00edc\u00ed pohodl\u00ed, s\u00edlu a kreativitu.<\/p>","protected":false},"featured_media":10571,"comment_status":"open","ping_status":"closed","template":"","format":[206],"meta":{"_acf_changed":false},"product_brand":[],"product_cat":[50],"product_tag":[16603],"flavours":[196],"nicotine":[226,233],"class_list":{"0":"post-10570","1":"product","2":"type-product","3":"status-publish","4":"has-post-thumbnail","6":"product_cat-iceberg","7":"product_tag-35-mg-pouch","8":"pa_quantity-1-pack","9":"pa_quantity-10-pack","10":"pa_quantity-2-pack","11":"pa_quantity-3-pack","12":"pa_quantity-30-pack","13":"pa_quantity-5-pack","14":"pa_quantity-60-pack","15":"flavours-fruits-berries","16":"format-slim","17":"nicotine-50-mg-g","18":"nicotine-extreme","20":"first","21":"outofstock","22":"taxable","23":"shipping-taxable","24":"purchasable","25":"product-type-variable","26":"has-default-attributes"},"acf":[],"_links":{"self":[{"href":"https:\/\/whitelip.com\/cs\/wp-json\/wp\/v2\/product\/10570","targetHints":{"allow":["GET"]}}],"collection":[{"href":"https:\/\/whitelip.com\/cs\/wp-json\/wp\/v2\/product"}],"about":[{"href":"https:\/\/whitelip.com\/cs\/wp-json\/wp\/v2\/types\/product"}],"replies":[{"embeddable":true,"href":"https:\/\/whitelip.com\/cs\/wp-json\/wp\/v2\/comments?post=10570"}],"wp:featuredmedia":[{"embeddable":true,"href":"https:\/\/whitelip.com\/cs\/wp-json\/wp\/v2\/media\/10571"}],"wp:attachment":[{"href":"https:\/\/whitelip.com\/cs\/wp-json\/wp\/v2\/media?parent=10570"}],"wp:term":[{"taxonomy":"product_brand","embeddable":true,"href":"https:\/\/whitelip.com\/cs\/wp-json\/wp\/v2\/product_brand?post=10570"},{"taxonomy":"product_cat","embeddable":true,"href":"https:\/\/whitelip.com\/cs\/wp-json\/wp\/v2\/product_cat?post=10570"},{"taxonomy":"product_tag","embeddable":true,"href":"https:\/\/whitelip.com\/cs\/wp-json\/wp\/v2\/product_tag?post=10570"},{"taxonomy":"flavours","embeddable":true,"href":"https:\/\/whitelip.com\/cs\/wp-json\/wp\/v2\/flavours?post=10570"},{"taxonomy":"format","embeddable":true,"href":"https:\/\/whitelip.com\/cs\/wp-json\/wp\/v2\/format?post=10570"},{"taxonomy":"nicotine","embeddable":true,"href":"https:\/\/whitelip.com\/cs\/wp-json\/wp\/v2\/nicotine?post=10570"}],"curies":[{"name":"wp","href":"https:\/\/api.w.org\/{rel}","templated":true}]}}