{"id":10565,"date":"2025-05-20T09:42:02","date_gmt":"2025-05-20T09:42:02","guid":{"rendered":"https:\/\/whitelip.com\/zyn-cool-mint-ice-16-5mg\/"},"modified":"2026-04-16T05:08:56","modified_gmt":"2026-04-16T05:08:56","slug":"zyn-cool-mint-ice-16-5mg","status":"publish","type":"product","link":"https:\/\/whitelip.com\/cs\/zyn\/zyn-cool-mint-ice-16-5mg\/","title":{"rendered":"ZYN Cool Mint Ice 16,5 mg"},"content":{"rendered":"<h2><b>ZYN Cool Mint Ice 16,5 mg<\/b><\/h2>\n<p><span style=\"font-weight: 400;\">ZYN Cool Mint Ice 16,5 mg p\u0159in\u00e1\u0161\u00ed mimo\u0159\u00e1dn\u011b intenzivn\u00ed chladiv\u00fd z\u00e1\u017eitek s odv\u00e1\u017enou kombinac\u00ed ledov\u00e9ho mentolu a sv\u011b\u017e\u00ed m\u00e1ty peprn\u00e9. Ka\u017ed\u00fd tenk\u00fd, celob\u00edl\u00fd s\u00e1\u010dek, ur\u010den\u00fd pro u\u017eivatele, kte\u0159\u00ed cht\u011bj\u00ed maxim\u00e1ln\u00ed osv\u011b\u017een\u00ed a s\u00edlu, obsahuje 16,5 mg nikotinu a nab\u00edz\u00ed siln\u00e9 a stabiln\u00ed uvol\u0148ov\u00e1n\u00ed, kter\u00e9 rychle zas\u00e1hne a dlouho vydr\u017e\u00ed.<\/span><\/p>\n<p><span style=\"font-weight: 400;\">\u0160t\u00edhl\u00fd form\u00e1t umo\u017e\u0148uje diskr\u00e9tn\u00ed a pohodln\u00e9 um\u00edst\u011bn\u00ed pod rty a zaji\u0161\u0165uje \u010dist\u00e9 pou\u017e\u00edv\u00e1n\u00ed bez pot\u0159\u00edsn\u011bn\u00ed. ZYN Cool Mint Ice je vyroben z vysoce kvalitn\u00edch rostlinn\u00fdch ingredienc\u00ed a zcela bez tab\u00e1ku a p\u0159edstavuje silnou, modern\u00ed alternativu pro u\u017eivatele, kte\u0159\u00ed tou\u017e\u00ed po po\u0159\u00e1dn\u00e9 m\u00e1tov\u00e9 chuti a vysok\u00e9m nikotinov\u00e9m \u00fa\u010dinku.<\/span><\/p>\n<table>\n<tbody>\n<tr>\n<td><b>Atribut<\/b><\/td>\n<td><b>Podrobnosti na<\/b><\/td>\n<\/tr>\n<tr>\n<td><span style=\"font-weight: 400;\">Zna\u010dka<\/span><\/td>\n<td><span style=\"font-weight: 400;\">ZYN<\/span><\/td>\n<\/tr>\n<tr>\n<td><span style=\"font-weight: 400;\">Typ v\u00fdrobku<\/span><\/td>\n<td><span style=\"font-weight: 400;\">V\u0161echny b\u00edl\u00e9 nikotinov\u00e9 s\u00e1\u010dky<\/span><\/td>\n<\/tr>\n<tr>\n<td><span style=\"font-weight: 400;\">Form\u00e1t<\/span><\/td>\n<td><span style=\"font-weight: 400;\">Slim<\/span><\/td>\n<\/tr>\n<tr>\n<td><span style=\"font-weight: 400;\">P\u0159\u00edchu\u0165<\/span><\/td>\n<td><span style=\"font-weight: 400;\">Mentol a m\u00e1ta peprn\u00e1<\/span><\/td>\n<\/tr>\n<tr>\n<td><span style=\"font-weight: 400;\">S\u00edla nikotinu<\/span><\/td>\n<td><span style=\"font-weight: 400;\">16,5 mg na s\u00e1\u010dek (23,5 mg\/g)<\/span><\/td>\n<\/tr>\n<tr>\n<td><span style=\"font-weight: 400;\">Hmotnost porce<\/span><\/td>\n<td><span style=\"font-weight: 400;\">0,7 gramu<\/span><\/td>\n<\/tr>\n<tr>\n<td><span style=\"font-weight: 400;\">Po\u010det porc\u00ed<\/span><\/td>\n<td><span style=\"font-weight: 400;\">21 za plechovku<\/span><\/td>\n<\/tr>\n<tr>\n<td><span style=\"font-weight: 400;\">Celkov\u00e1 hmotnost plechovky<\/span><\/td>\n<td><span style=\"font-weight: 400;\">14,7 gram\u016f<\/span><\/td>\n<\/tr>\n<tr>\n<td><span style=\"font-weight: 400;\">V\u00fdrobce<\/span><\/td>\n<td><span style=\"font-weight: 400;\">\u0160v\u00e9dsk\u00e1 z\u00e1palka<\/span><\/td>\n<\/tr>\n<tr>\n<td><span style=\"font-weight: 400;\">Pozoruhodn\u00e9 funkce<\/span><\/td>\n<td><span style=\"font-weight: 400;\">Bez tab\u00e1ku, huben\u00fd form\u00e1t, extr\u00e9mn\u011b chladiv\u00e1 m\u00e1ta s vysok\u00fdm obsahem nikotinu<\/span><\/td>\n<\/tr>\n<\/tbody>\n<\/table>","protected":false},"excerpt":{"rendered":"<p>ZYN <strong data-start=\"4\" data-end=\"21\">Cool Mint Ice<\/strong> <strong data-start=\"22\" data-end=\"30\">slim<\/strong> p\u0159in\u00e1\u0161\u00ed mimo\u0159\u00e1dn\u011b intenzivn\u00ed chlazen\u00ed s ledov\u00fdm mentolem a sv\u011b\u017e\u00ed m\u00e1tou peprnou. Ka\u017ed\u00fd s\u00e1\u010dek je vytvo\u0159en pro maxim\u00e1ln\u00ed osv\u011b\u017een\u00ed a s\u00edlu a obsahuje <strong data-start=\"165\" data-end=\"185\">16,5 mg nikotinu<\/strong> pro rychl\u00e9, siln\u00e9 a dlouhotrvaj\u00edc\u00ed uvoln\u011bn\u00ed.<\/p>","protected":false},"featured_media":10566,"comment_status":"open","ping_status":"closed","template":"","format":[206],"meta":{"_acf_changed":false},"product_brand":[],"product_cat":[37],"product_tag":[16701],"flavours":[199],"nicotine":[217,232],"class_list":{"0":"post-10565","1":"product","2":"type-product","3":"status-publish","4":"has-post-thumbnail","6":"product_cat-zyn","7":"product_tag-16-5-mg-pouch","8":"pa_quantity-1-pack","9":"pa_quantity-10-pack","10":"pa_quantity-3-pack","11":"pa_quantity-30-pack","12":"pa_quantity-5-pack","13":"pa_quantity-60-pack","14":"flavours-mint","15":"format-slim","16":"nicotine-24-mg-g","17":"nicotine-extra-strong","19":"first","20":"instock","21":"taxable","22":"shipping-taxable","23":"purchasable","24":"product-type-variable","25":"has-default-attributes"},"acf":[],"_links":{"self":[{"href":"https:\/\/whitelip.com\/cs\/wp-json\/wp\/v2\/product\/10565","targetHints":{"allow":["GET"]}}],"collection":[{"href":"https:\/\/whitelip.com\/cs\/wp-json\/wp\/v2\/product"}],"about":[{"href":"https:\/\/whitelip.com\/cs\/wp-json\/wp\/v2\/types\/product"}],"replies":[{"embeddable":true,"href":"https:\/\/whitelip.com\/cs\/wp-json\/wp\/v2\/comments?post=10565"}],"wp:featuredmedia":[{"embeddable":true,"href":"https:\/\/whitelip.com\/cs\/wp-json\/wp\/v2\/media\/10566"}],"wp:attachment":[{"href":"https:\/\/whitelip.com\/cs\/wp-json\/wp\/v2\/media?parent=10565"}],"wp:term":[{"taxonomy":"product_brand","embeddable":true,"href":"https:\/\/whitelip.com\/cs\/wp-json\/wp\/v2\/product_brand?post=10565"},{"taxonomy":"product_cat","embeddable":true,"href":"https:\/\/whitelip.com\/cs\/wp-json\/wp\/v2\/product_cat?post=10565"},{"taxonomy":"product_tag","embeddable":true,"href":"https:\/\/whitelip.com\/cs\/wp-json\/wp\/v2\/product_tag?post=10565"},{"taxonomy":"flavours","embeddable":true,"href":"https:\/\/whitelip.com\/cs\/wp-json\/wp\/v2\/flavours?post=10565"},{"taxonomy":"format","embeddable":true,"href":"https:\/\/whitelip.com\/cs\/wp-json\/wp\/v2\/format?post=10565"},{"taxonomy":"nicotine","embeddable":true,"href":"https:\/\/whitelip.com\/cs\/wp-json\/wp\/v2\/nicotine?post=10565"}],"curies":[{"name":"wp","href":"https:\/\/api.w.org\/{rel}","templated":true}]}}