{"id":10560,"date":"2025-05-20T09:36:55","date_gmt":"2025-05-20T09:36:55","guid":{"rendered":"https:\/\/whitelip.com\/zyn-blackcurrant-ice-13-5mg\/"},"modified":"2026-04-14T11:18:23","modified_gmt":"2026-04-14T11:18:23","slug":"zyn-blackcurrant-ice-13-5mg","status":"publish","type":"product","link":"https:\/\/whitelip.com\/cs\/zyn\/zyn-blackcurrant-ice-13-5mg\/","title":{"rendered":"ZYN Blackcurrant Ice 13,5mg"},"content":{"rendered":"<h2><strong>ZYN Blackcurrant Ice 13,5mg<\/strong><\/h2>\n<p><span style=\"font-weight: 400;\">ZYN Blackcurrant Ice 13,5 mg nab\u00edz\u00ed odv\u00e1\u017en\u00e9 spojen\u00ed pikantn\u00edho \u010dern\u00e9ho ryb\u00edzu a sv\u011b\u017e\u00edho mentolu pro osv\u011b\u017euj\u00edc\u00ed a ovocn\u00fd nikotinov\u00fd z\u00e1\u017eitek. Tento s\u00e1\u010dek s ostr\u00fdmi t\u00f3ny bobul\u00ed a ledov\u00fdm z\u00e1v\u011brem p\u0159in\u00e1\u0161\u00ed \u017eiv\u00fd chu\u0165ov\u00fd z\u00e1\u017eitek podpo\u0159en\u00fd siln\u00fdm obsahem nikotinu. Ka\u017ed\u00fd tenk\u00fd, celob\u00edl\u00fd s\u00e1\u010dek obsahuje 13,5 mg nikotinu, tak\u017ee je ide\u00e1ln\u00ed pro u\u017eivatele, kte\u0159\u00ed hledaj\u00ed chu\u0165ov\u00fd n\u00e1boj s vysokou silou.<\/span><\/p>\n<p><span style=\"font-weight: 400;\">\u0160t\u00edhl\u00fd form\u00e1t zaji\u0161\u0165uje diskr\u00e9tn\u00ed a pohodln\u00e9 um\u00edst\u011bn\u00ed pod rty, ide\u00e1ln\u00ed pro ka\u017edodenn\u00ed pou\u017eit\u00ed bez zabarven\u00ed zub\u016f. ZYN Blackcurrant Ice je vyroben v\u00fdhradn\u011b z prvot\u0159\u00eddn\u00edch rostlinn\u00fdch slo\u017eek a zcela bez tab\u00e1ku a p\u0159edstavuje modern\u00ed chladivou alternativu pro milovn\u00edky siln\u00fdch chut\u00ed.<\/span><\/p>\n<table>\n<tbody>\n<tr>\n<td><b>Atribut<\/b><\/td>\n<td><b>Podrobnosti na<\/b><\/td>\n<\/tr>\n<tr>\n<td><span style=\"font-weight: 400;\">Zna\u010dka<\/span><\/td>\n<td><span style=\"font-weight: 400;\">ZYN<\/span><\/td>\n<\/tr>\n<tr>\n<td><span style=\"font-weight: 400;\">Typ v\u00fdrobku<\/span><\/td>\n<td><span style=\"font-weight: 400;\">V\u0161echny b\u00edl\u00e9 nikotinov\u00e9 s\u00e1\u010dky<\/span><\/td>\n<\/tr>\n<tr>\n<td><span style=\"font-weight: 400;\">Form\u00e1t<\/span><\/td>\n<td><span style=\"font-weight: 400;\">Slim<\/span><\/td>\n<\/tr>\n<tr>\n<td><span style=\"font-weight: 400;\">P\u0159\u00edchu\u0165<\/span><\/td>\n<td><span style=\"font-weight: 400;\">\u010cern\u00fd ryb\u00edz a m\u00e1ta<\/span><\/td>\n<\/tr>\n<tr>\n<td><span style=\"font-weight: 400;\">S\u00edla nikotinu<\/span><\/td>\n<td><span style=\"font-weight: 400;\">13,5 mg na s\u00e1\u010dek (19,3 mg\/g)<\/span><\/td>\n<\/tr>\n<tr>\n<td><span style=\"font-weight: 400;\">Hmotnost porce<\/span><\/td>\n<td><span style=\"font-weight: 400;\">0,7 gramu<\/span><\/td>\n<\/tr>\n<tr>\n<td><span style=\"font-weight: 400;\">Po\u010det porc\u00ed<\/span><\/td>\n<td><span style=\"font-weight: 400;\">21 za plechovku<\/span><\/td>\n<\/tr>\n<tr>\n<td><span style=\"font-weight: 400;\">Celkov\u00e1 hmotnost plechovky<\/span><\/td>\n<td><span style=\"font-weight: 400;\">14,7 gram\u016f<\/span><\/td>\n<\/tr>\n<tr>\n<td><span style=\"font-weight: 400;\">V\u00fdrobce<\/span><\/td>\n<td><span style=\"font-weight: 400;\">\u0160v\u00e9dsk\u00e1 z\u00e1palka<\/span><\/td>\n<\/tr>\n<tr>\n<td><span style=\"font-weight: 400;\">Pozoruhodn\u00e9 funkce<\/span><\/td>\n<td><span style=\"font-weight: 400;\">Bez tab\u00e1ku, huben\u00fd form\u00e1t, p\u0159\u00edchu\u0165 \u010dern\u00e9ho ryb\u00edzu a m\u00e1ty se vysok\u00fdm obsahem nikotinu<\/span><\/td>\n<\/tr>\n<\/tbody>\n<\/table>","protected":false},"excerpt":{"rendered":"<p>ZYN <strong data-start=\"4\" data-end=\"24\">Led z \u010dern\u00e9ho ryb\u00edzu<\/strong> <strong data-start=\"25\" data-end=\"33\">slim<\/strong> m\u00eds\u00ed pikantn\u00ed \u010dern\u00fd ryb\u00edz s ostr\u00fdm mentolem a vytv\u00e1\u0159\u00ed tak \u017eiv\u00fd, osv\u011b\u017euj\u00edc\u00ed profil. Ka\u017ed\u00fd s\u00e1\u010dek obsahuje <strong data-start=\"134\" data-end=\"154\">13,5 mg nikotinu<\/strong> pro siln\u00fd a rovnom\u011brn\u00fd kop.<\/p>","protected":false},"featured_media":10561,"comment_status":"open","ping_status":"closed","template":"","format":[206],"meta":{"_acf_changed":false},"product_brand":[],"product_cat":[37],"product_tag":[17007],"flavours":[196,199],"nicotine":[216,232],"class_list":{"0":"post-10560","1":"product","2":"type-product","3":"status-publish","4":"has-post-thumbnail","6":"product_cat-zyn","7":"product_tag-13-5-mg-pouch","8":"pa_quantity-1-pack","9":"pa_quantity-10-pack","10":"pa_quantity-3-pack","11":"pa_quantity-30-pack","12":"pa_quantity-5-pack","13":"pa_quantity-60-pack","14":"flavours-fruits-berries","15":"flavours-mint","16":"format-slim","17":"nicotine-19-mg-g","18":"nicotine-extra-strong","20":"first","21":"instock","22":"taxable","23":"shipping-taxable","24":"purchasable","25":"product-type-variable","26":"has-default-attributes"},"acf":[],"_links":{"self":[{"href":"https:\/\/whitelip.com\/cs\/wp-json\/wp\/v2\/product\/10560","targetHints":{"allow":["GET"]}}],"collection":[{"href":"https:\/\/whitelip.com\/cs\/wp-json\/wp\/v2\/product"}],"about":[{"href":"https:\/\/whitelip.com\/cs\/wp-json\/wp\/v2\/types\/product"}],"replies":[{"embeddable":true,"href":"https:\/\/whitelip.com\/cs\/wp-json\/wp\/v2\/comments?post=10560"}],"wp:featuredmedia":[{"embeddable":true,"href":"https:\/\/whitelip.com\/cs\/wp-json\/wp\/v2\/media\/10561"}],"wp:attachment":[{"href":"https:\/\/whitelip.com\/cs\/wp-json\/wp\/v2\/media?parent=10560"}],"wp:term":[{"taxonomy":"product_brand","embeddable":true,"href":"https:\/\/whitelip.com\/cs\/wp-json\/wp\/v2\/product_brand?post=10560"},{"taxonomy":"product_cat","embeddable":true,"href":"https:\/\/whitelip.com\/cs\/wp-json\/wp\/v2\/product_cat?post=10560"},{"taxonomy":"product_tag","embeddable":true,"href":"https:\/\/whitelip.com\/cs\/wp-json\/wp\/v2\/product_tag?post=10560"},{"taxonomy":"flavours","embeddable":true,"href":"https:\/\/whitelip.com\/cs\/wp-json\/wp\/v2\/flavours?post=10560"},{"taxonomy":"format","embeddable":true,"href":"https:\/\/whitelip.com\/cs\/wp-json\/wp\/v2\/format?post=10560"},{"taxonomy":"nicotine","embeddable":true,"href":"https:\/\/whitelip.com\/cs\/wp-json\/wp\/v2\/nicotine?post=10560"}],"curies":[{"name":"wp","href":"https:\/\/api.w.org\/{rel}","templated":true}]}}