{"id":10555,"date":"2025-05-20T09:29:23","date_gmt":"2025-05-20T09:29:23","guid":{"rendered":"https:\/\/whitelip.com\/zyn-menthol-ice-16-5mg\/"},"modified":"2026-04-14T14:50:25","modified_gmt":"2026-04-14T14:50:25","slug":"zyn-menthol-ice-16-5mg","status":"publish","type":"product","link":"https:\/\/whitelip.com\/cs\/zyn\/zyn-menthol-ice-16-5mg\/","title":{"rendered":"ZYN Menthol Ice 16,5mg"},"content":{"rendered":"<h2><strong>ZYN Mentol Ice 16,5 mg<\/strong><\/h2>\n<p><span style=\"font-weight: 400;\">ZYN Mentol Ice 16,5 mg nab\u00edz\u00ed ostr\u00fd a osv\u011b\u017euj\u00edc\u00ed m\u00e1tov\u00fd z\u00e1\u017eitek, kter\u00fd je umocn\u011bn mimo\u0159\u00e1dn\u011b chladiv\u00fdm mentolov\u00fdm pocitem. Ka\u017ed\u00fd s\u00e1\u010dek je ur\u010den pro zku\u0161en\u00e9 u\u017eivatele a p\u0159in\u00e1\u0161\u00ed siln\u00fdch 16,5 mg nikotinu s odv\u00e1\u017en\u00fdm ledov\u00fdm z\u00e1v\u011brem, kter\u00fd probouz\u00ed smysly. Tento siln\u00fd, m\u00e1tov\u00fd profil je ide\u00e1ln\u00ed pro ty, kte\u0159\u00ed hledaj\u00ed maxim\u00e1ln\u00ed intenzitu chuti i s\u00edly.<\/span><\/p>\n<p><span style=\"font-weight: 400;\">D\u00edky sv\u00e9mu tenk\u00e9mu, zcela b\u00edl\u00e9mu form\u00e1tu se ZYN Mentol Ice pohodln\u011b a diskr\u00e9tn\u011b um\u00edst\u00ed pod rty, ani\u017e by zabarvil zuby. Je vyroben v\u00fdhradn\u011b z materi\u00e1l\u016f rostlinn\u00e9ho p\u016fvodu a neobsahuje tab\u00e1k, tak\u017ee p\u0159in\u00e1\u0161\u00ed \u010distou a uspokojivou alternativu pro modern\u00ed u\u017e\u00edv\u00e1n\u00ed nikotinu s \u017eiv\u00fdm, mraziv\u00fdm okrajem.<\/span><\/p>\n<table>\n<tbody>\n<tr>\n<td><b>Atribut<\/b><\/td>\n<td><b>Podrobnosti na<\/b><\/td>\n<\/tr>\n<tr>\n<td><span style=\"font-weight: 400;\">Zna\u010dka<\/span><\/td>\n<td><span style=\"font-weight: 400;\">ZYN<\/span><\/td>\n<\/tr>\n<tr>\n<td><span style=\"font-weight: 400;\">Typ v\u00fdrobku<\/span><\/td>\n<td><span style=\"font-weight: 400;\">V\u0161echny b\u00edl\u00e9 nikotinov\u00e9 s\u00e1\u010dky<\/span><\/td>\n<\/tr>\n<tr>\n<td><span style=\"font-weight: 400;\">Form\u00e1t<\/span><\/td>\n<td><span style=\"font-weight: 400;\">Slim<\/span><\/td>\n<\/tr>\n<tr>\n<td><span style=\"font-weight: 400;\">P\u0159\u00edchu\u0165<\/span><\/td>\n<td><span style=\"font-weight: 400;\">Mentol<\/span><\/td>\n<\/tr>\n<tr>\n<td><span style=\"font-weight: 400;\">S\u00edla nikotinu<\/span><\/td>\n<td><span style=\"font-weight: 400;\">16,5 mg na s\u00e1\u010dek (23,5 mg\/g)<\/span><\/td>\n<\/tr>\n<tr>\n<td><span style=\"font-weight: 400;\">Hmotnost porce<\/span><\/td>\n<td><span style=\"font-weight: 400;\">0,7 gramu<\/span><\/td>\n<\/tr>\n<tr>\n<td><span style=\"font-weight: 400;\">Po\u010det porc\u00ed<\/span><\/td>\n<td><span style=\"font-weight: 400;\">21 za plechovku<\/span><\/td>\n<\/tr>\n<tr>\n<td><span style=\"font-weight: 400;\">Celkov\u00e1 hmotnost plechovky<\/span><\/td>\n<td><span style=\"font-weight: 400;\">14,7 gram\u016f<\/span><\/td>\n<\/tr>\n<tr>\n<td><span style=\"font-weight: 400;\">V\u00fdrobce<\/span><\/td>\n<td><span style=\"font-weight: 400;\">\u0160v\u00e9dsk\u00e1 z\u00e1palka<\/span><\/td>\n<\/tr>\n<tr>\n<td><span style=\"font-weight: 400;\">Pozoruhodn\u00e9 funkce<\/span><\/td>\n<td><span style=\"font-weight: 400;\">Bez tab\u00e1ku, huben\u00fd form\u00e1t, intenzivn\u00ed m\u00e1ta s vysok\u00fdm obsahem nikotinu<\/span><\/td>\n<\/tr>\n<\/tbody>\n<\/table>","protected":false},"excerpt":{"rendered":"<p>ZYN <strong data-start=\"4\" data-end=\"18\">Mentol Ice<\/strong> p\u0159in\u00e1\u0161\u00ed ostrou, osv\u011b\u017euj\u00edc\u00ed m\u00e1tu s mimo\u0159\u00e1dn\u011b chladiv\u00fdm mentolem a odv\u00e1\u017en\u00fdm, ledov\u00fdm z\u00e1v\u011brem. Ka\u017ed\u00fd s\u00e1\u010dek obsahuje <strong data-start=\"122\" data-end=\"142\">16,5 mg nikotinu<\/strong> pro siln\u00e9 a intenzivn\u00ed uvoln\u011bn\u00ed ide\u00e1ln\u00ed pro zku\u0161en\u00e9 u\u017eivatele.<\/p>","protected":false},"featured_media":10556,"comment_status":"open","ping_status":"closed","template":"","format":[206],"meta":{"_acf_changed":false},"product_brand":[],"product_cat":[37],"product_tag":[16701],"flavours":[199],"nicotine":[232,217],"class_list":{"0":"post-10555","1":"product","2":"type-product","3":"status-publish","4":"has-post-thumbnail","6":"product_cat-zyn","7":"product_tag-16-5-mg-pouch","8":"pa_quantity-1-pack","9":"pa_quantity-10-pack","10":"pa_quantity-3-pack","11":"pa_quantity-30-pack","12":"pa_quantity-5-pack","13":"pa_quantity-60-pack","14":"flavours-mint","15":"format-slim","16":"nicotine-extra-strong","17":"nicotine-24-mg-g","19":"first","20":"instock","21":"taxable","22":"shipping-taxable","23":"purchasable","24":"product-type-variable"},"acf":[],"_links":{"self":[{"href":"https:\/\/whitelip.com\/cs\/wp-json\/wp\/v2\/product\/10555","targetHints":{"allow":["GET"]}}],"collection":[{"href":"https:\/\/whitelip.com\/cs\/wp-json\/wp\/v2\/product"}],"about":[{"href":"https:\/\/whitelip.com\/cs\/wp-json\/wp\/v2\/types\/product"}],"replies":[{"embeddable":true,"href":"https:\/\/whitelip.com\/cs\/wp-json\/wp\/v2\/comments?post=10555"}],"wp:featuredmedia":[{"embeddable":true,"href":"https:\/\/whitelip.com\/cs\/wp-json\/wp\/v2\/media\/10556"}],"wp:attachment":[{"href":"https:\/\/whitelip.com\/cs\/wp-json\/wp\/v2\/media?parent=10555"}],"wp:term":[{"taxonomy":"product_brand","embeddable":true,"href":"https:\/\/whitelip.com\/cs\/wp-json\/wp\/v2\/product_brand?post=10555"},{"taxonomy":"product_cat","embeddable":true,"href":"https:\/\/whitelip.com\/cs\/wp-json\/wp\/v2\/product_cat?post=10555"},{"taxonomy":"product_tag","embeddable":true,"href":"https:\/\/whitelip.com\/cs\/wp-json\/wp\/v2\/product_tag?post=10555"},{"taxonomy":"flavours","embeddable":true,"href":"https:\/\/whitelip.com\/cs\/wp-json\/wp\/v2\/flavours?post=10555"},{"taxonomy":"format","embeddable":true,"href":"https:\/\/whitelip.com\/cs\/wp-json\/wp\/v2\/format?post=10555"},{"taxonomy":"nicotine","embeddable":true,"href":"https:\/\/whitelip.com\/cs\/wp-json\/wp\/v2\/nicotine?post=10555"}],"curies":[{"name":"wp","href":"https:\/\/api.w.org\/{rel}","templated":true}]}}