{"id":10534,"date":"2025-05-13T11:44:37","date_gmt":"2025-05-13T11:44:37","guid":{"rendered":"https:\/\/whitelip.com\/xqs-fruzzle-strong\/"},"modified":"2026-04-14T14:07:22","modified_gmt":"2026-04-14T14:07:22","slug":"xqs-fruzzle-strong","status":"publish","type":"product","link":"https:\/\/whitelip.com\/cs\/xqs\/xqs-fruzzle-strong\/","title":{"rendered":"XQS Fruzzle Strong"},"content":{"rendered":"<h2><b>XQS Fruzzle Strong<\/b><\/h2>\n<p><span style=\"font-weight: 400;\">XQS Fruzzle Strong obsahuje odv\u00e1\u017enou a osv\u011b\u017euj\u00edc\u00ed sm\u011bs <\/span><b>mra\u017een\u00e9 ovocn\u00e9 p\u0159\u00edchut\u011b<\/b><span style=\"font-weight: 400;\">, kter\u00e1 p\u0159in\u00e1\u0161\u00ed jedine\u010dnou sm\u011bs ledov\u00e9 sladkosti a \u017eiv\u00fdch ovocn\u00fdch t\u00f3n\u016f. Ka\u017ed\u00fd tenk\u00fd, zcela b\u00edl\u00fd s\u00e1\u010dek je ide\u00e1ln\u00ed pro u\u017eivatele, kte\u0159\u00ed maj\u00ed r\u00e1di chladiv\u00e9, chu\u0165ov\u011b v\u00fdrazn\u00e9 pocity. <\/span><b>10 mg nikotinu<\/b><span style=\"font-weight: 400;\">, co\u017e zaji\u0161\u0165uje siln\u00e9 a st\u00e1l\u00e9 uvol\u0148ov\u00e1n\u00ed, kter\u00e9 uspokoj\u00ed po cel\u00fd den.<\/span><\/p>\n<p><span style=\"font-weight: 400;\">D\u00edky sv\u00e9mu diskr\u00e9tn\u00edmu tenk\u00e9mu form\u00e1tu se Fruzzle Strong pohodln\u011b vejde pod rty a je navr\u017een tak, aby zabr\u00e1nil vzniku skvrn. Tento s\u00e1\u010dek je vyroben z vysoce kvalitn\u00edch rostlinn\u00fdch vl\u00e1ken bez obsahu tab\u00e1ku a nab\u00edz\u00ed \u010dist\u00fd a p\u0159\u00edjemn\u00fd z\u00e1\u017eitek pro ty, kte\u0159\u00ed hledaj\u00ed intenzivn\u00ed ovocnou chu\u0165 s mraziv\u00fdm n\u00e1dechem.<\/span><\/p>\n<table>\n<tbody>\n<tr>\n<td><b>Atribut<\/b><\/td>\n<td><b>Podrobnosti na<\/b><\/td>\n<\/tr>\n<tr>\n<td><b>Zna\u010dka<\/b><\/td>\n<td><span style=\"font-weight: 400;\">XQS<\/span><\/td>\n<\/tr>\n<tr>\n<td><b>Typ v\u00fdrobku<\/b><\/td>\n<td><span style=\"font-weight: 400;\">V\u0161echny b\u00edl\u00e9 nikotinov\u00e9 s\u00e1\u010dky<\/span><\/td>\n<\/tr>\n<tr>\n<td><b>Form\u00e1t<\/b><\/td>\n<td><span style=\"font-weight: 400;\">Slim<\/span><\/td>\n<\/tr>\n<tr>\n<td><b>P\u0159\u00edchu\u0165<\/b><\/td>\n<td><span style=\"font-weight: 400;\">Zmrazen\u00e9 ovoce<\/span><\/td>\n<\/tr>\n<tr>\n<td><b>S\u00edla nikotinu<\/b><\/td>\n<td><span style=\"font-weight: 400;\">10 mg na s\u00e1\u010dek (13 mg\/g)<\/span><\/td>\n<\/tr>\n<tr>\n<td><b>Hmotnost porce<\/b><\/td>\n<td><span style=\"font-weight: 400;\">0,75 gramu<\/span><\/td>\n<\/tr>\n<tr>\n<td><b>Po\u010det porc\u00ed<\/b><\/td>\n<td><span style=\"font-weight: 400;\">20 za plechovku<\/span><\/td>\n<\/tr>\n<tr>\n<td><b>Celkov\u00e1 hmotnost plechovky<\/b><\/td>\n<td><span style=\"font-weight: 400;\">15 gram\u016f<\/span><\/td>\n<\/tr>\n<tr>\n<td><b>V\u00fdrobce<\/b><\/td>\n<td><span style=\"font-weight: 400;\">XQS International<\/span><\/td>\n<\/tr>\n<tr>\n<td><b>Pozoruhodn\u00e9 funkce<\/b><\/td>\n<td><span style=\"font-weight: 400;\">Bez tab\u00e1ku, \u0161t\u00edhl\u00fd form\u00e1t, intenzivn\u00ed zmrazen\u00e1 ovocn\u00e1 chu\u0165 s silnou nikotinovou silou<\/span><\/td>\n<\/tr>\n<\/tbody>\n<\/table>","protected":false},"excerpt":{"rendered":"<p><span style=\"font-weight: 400;\">XQS Fruzzle Strong obsahuje odv\u00e1\u017enou a osv\u011b\u017euj\u00edc\u00ed sm\u011bs <\/span><b>mra\u017een\u00e9 ovocn\u00e9 p\u0159\u00edchut\u011b<\/b><span style=\"font-weight: 400;\">, kter\u00e1 p\u0159in\u00e1\u0161\u00ed jedine\u010dnou sm\u011bs ledov\u00e9 sladkosti a \u017eiv\u00fdch ovocn\u00fdch t\u00f3n\u016f. Ide\u00e1ln\u00ed pro u\u017eivatele, kte\u0159\u00ed maj\u00ed r\u00e1di chladiv\u00e9, chu\u0165ov\u011b v\u00fdrazn\u00e9 pocity. <strong>slim<\/strong>, celob\u00edl\u00e9 pouzdro obsahuje <\/span><b>10 mg nikotinu<\/b><span style=\"font-weight: 400;\">, co\u017e zaji\u0161\u0165uje siln\u00e9 a st\u00e1l\u00e9 uvol\u0148ov\u00e1n\u00ed, kter\u00e9 uspokoj\u00ed po cel\u00fd den.<\/span><\/p>","protected":false},"featured_media":10535,"comment_status":"open","ping_status":"closed","template":"","format":[206],"meta":{"_acf_changed":false},"product_brand":[],"product_cat":[27],"product_tag":[16587],"flavours":[196],"nicotine":[213,232],"class_list":{"0":"post-10534","1":"product","2":"type-product","3":"status-publish","4":"has-post-thumbnail","6":"product_cat-xqs","7":"product_tag-10-mg-pouch","8":"pa_quantity-1-pack","9":"pa_quantity-10-pack","10":"pa_quantity-3-pack","11":"pa_quantity-30-pack","12":"pa_quantity-5-pack","13":"pa_quantity-60-pack","14":"flavours-fruits-berries","15":"format-slim","16":"nicotine-16-mg-g","17":"nicotine-extra-strong","19":"first","20":"instock","21":"taxable","22":"shipping-taxable","23":"purchasable","24":"product-type-variable","25":"has-default-attributes"},"acf":[],"_links":{"self":[{"href":"https:\/\/whitelip.com\/cs\/wp-json\/wp\/v2\/product\/10534","targetHints":{"allow":["GET"]}}],"collection":[{"href":"https:\/\/whitelip.com\/cs\/wp-json\/wp\/v2\/product"}],"about":[{"href":"https:\/\/whitelip.com\/cs\/wp-json\/wp\/v2\/types\/product"}],"replies":[{"embeddable":true,"href":"https:\/\/whitelip.com\/cs\/wp-json\/wp\/v2\/comments?post=10534"}],"wp:featuredmedia":[{"embeddable":true,"href":"https:\/\/whitelip.com\/cs\/wp-json\/wp\/v2\/media\/10535"}],"wp:attachment":[{"href":"https:\/\/whitelip.com\/cs\/wp-json\/wp\/v2\/media?parent=10534"}],"wp:term":[{"taxonomy":"product_brand","embeddable":true,"href":"https:\/\/whitelip.com\/cs\/wp-json\/wp\/v2\/product_brand?post=10534"},{"taxonomy":"product_cat","embeddable":true,"href":"https:\/\/whitelip.com\/cs\/wp-json\/wp\/v2\/product_cat?post=10534"},{"taxonomy":"product_tag","embeddable":true,"href":"https:\/\/whitelip.com\/cs\/wp-json\/wp\/v2\/product_tag?post=10534"},{"taxonomy":"flavours","embeddable":true,"href":"https:\/\/whitelip.com\/cs\/wp-json\/wp\/v2\/flavours?post=10534"},{"taxonomy":"format","embeddable":true,"href":"https:\/\/whitelip.com\/cs\/wp-json\/wp\/v2\/format?post=10534"},{"taxonomy":"nicotine","embeddable":true,"href":"https:\/\/whitelip.com\/cs\/wp-json\/wp\/v2\/nicotine?post=10534"}],"curies":[{"name":"wp","href":"https:\/\/api.w.org\/{rel}","templated":true}]}}