{"id":10529,"date":"2025-05-07T11:33:38","date_gmt":"2025-05-07T11:33:38","guid":{"rendered":"https:\/\/whitelip.com\/pablo-exclusive-blue-raspberry-50mg\/"},"modified":"2026-04-27T12:15:24","modified_gmt":"2026-04-27T12:15:24","slug":"pablo-exclusive-blue-raspberry-50mg","status":"publish","type":"product","link":"https:\/\/whitelip.com\/cs\/pablo\/pablo-exclusive-blue-raspberry-50mg\/","title":{"rendered":"PABLO Exclusive Blue Raspberry 50mg"},"content":{"rendered":"<h2><strong>PABLO Exclusive Blue Raspberry 50mg<\/strong><\/h2>\n<p class=\"\" data-start=\"100\" data-end=\"587\">S\u00e1\u010dky PABLO Exclusive Blue Raspberry 50 mg nikotinu p\u0159in\u00e1\u0161ej\u00ed \u017eivou sm\u011bs sladk\u00e9 a trpk\u00e9 bobulov\u00e9 chuti s ledov\u00fdm z\u00e1v\u011brem, kter\u00e1 je navr\u017eena tak, aby vzru\u0161ovala smysly. D\u00edky v\u00fdrazn\u00e9 chuti p\u0159ipom\u00ednaj\u00edc\u00ed bonb\u00f3ny a velmi siln\u00e9mu obsahu nikotinu je tento s\u00e1\u010dek ur\u010den pro zku\u0161en\u00e9 u\u017eivatele, kte\u0159\u00ed vy\u017eaduj\u00ed jak chu\u0165, tak intenzitu. Tenk\u00fd a beztab\u00e1kov\u00fd s\u00e1\u010dek PABLO Blue Raspberry nab\u00edz\u00ed diskr\u00e9tn\u00ed a siln\u00fd nikotinov\u00fd z\u00e1\u017eitek v ka\u017ed\u00e9m s\u00e1\u010dku.<\/p>\n<table>\n<tbody>\n<tr>\n<td><b>Atribut<\/b><\/td>\n<td><b>Podrobnosti na<\/b><\/td>\n<\/tr>\n<tr>\n<td><b>Obsah na plechovku<\/b><\/td>\n<td><span style=\"font-weight: 400;\">15 g (20 s\u00e1\u010dk\u016f)<\/span><\/td>\n<\/tr>\n<tr>\n<td><b>Obsah nikotinu<\/b><\/td>\n<td><span style=\"font-weight: 400;\">50 mg\/g (30 mg na s\u00e1\u010dek)<\/span><\/td>\n<\/tr>\n<tr>\n<td><b>Form\u00e1t pouzdra<\/b><\/td>\n<td><span style=\"font-weight: 400;\">Slim<\/span><\/td>\n<\/tr>\n<tr>\n<td><b>V\u00fdrobce<\/b><\/td>\n<td><span style=\"font-weight: 400;\">\u0158\u00ed\u0161e N.G.P<\/span><\/td>\n<\/tr>\n<tr>\n<td><b>P\u0159\u00edchu\u0165<\/b><\/td>\n<td><span style=\"font-weight: 400;\">Modr\u00e1 malina (Sladk\u00e1 a kysel\u00e1 bobule)<\/span><\/td>\n<\/tr>\n<tr>\n<td><b>Typ<\/b><\/td>\n<td><span style=\"font-weight: 400;\">Celob\u00edl\u00fd s\u00e1\u010dek, bez tab\u00e1ku<\/span><\/td>\n<\/tr>\n<\/tbody>\n<\/table>","protected":false},"excerpt":{"rendered":"<p>PABLO Exclusive Blue Raspberry 50 mg nikotinov\u00fdch s\u00e1\u010dk\u016f p\u0159in\u00e1\u0161\u00ed \u017eivou, sladce trpkou chu\u0165 nikotinu. <strong data-start=\"83\" data-end=\"101\">Modr\u00e1 malina<\/strong> chu\u0165 s ledov\u00fdm z\u00e1v\u011brem. <strong data-start=\"129\" data-end=\"137\">Slim<\/strong>, beztab\u00e1kov\u00fd form\u00e1t pro diskr\u00e9tn\u00ed a v\u00fdkonn\u00e9 pou\u017eit\u00ed. Ka\u017ed\u00fd s\u00e1\u010dek obsahuje <strong>30 mg nikotinu<\/strong>.<\/p>","protected":false},"featured_media":10530,"comment_status":"open","ping_status":"closed","template":"","format":[206],"meta":{"_acf_changed":false},"product_brand":[],"product_cat":[44],"product_tag":[16605],"flavours":[196],"nicotine":[226,233],"class_list":{"0":"post-10529","1":"product","2":"type-product","3":"status-publish","4":"has-post-thumbnail","6":"product_cat-pablo","7":"product_tag-30-mg-pouch","8":"pa_quantity-1-pack","9":"pa_quantity-10-pack","10":"pa_quantity-3-pack","11":"pa_quantity-30-pack","12":"pa_quantity-5-pack","13":"pa_quantity-60-pack","14":"flavours-fruits-berries","15":"format-slim","16":"nicotine-50-mg-g","17":"nicotine-extreme","19":"first","20":"instock","21":"taxable","22":"shipping-taxable","23":"purchasable","24":"product-type-variable","25":"has-default-attributes"},"acf":[],"_links":{"self":[{"href":"https:\/\/whitelip.com\/cs\/wp-json\/wp\/v2\/product\/10529","targetHints":{"allow":["GET"]}}],"collection":[{"href":"https:\/\/whitelip.com\/cs\/wp-json\/wp\/v2\/product"}],"about":[{"href":"https:\/\/whitelip.com\/cs\/wp-json\/wp\/v2\/types\/product"}],"replies":[{"embeddable":true,"href":"https:\/\/whitelip.com\/cs\/wp-json\/wp\/v2\/comments?post=10529"}],"wp:featuredmedia":[{"embeddable":true,"href":"https:\/\/whitelip.com\/cs\/wp-json\/wp\/v2\/media\/10530"}],"wp:attachment":[{"href":"https:\/\/whitelip.com\/cs\/wp-json\/wp\/v2\/media?parent=10529"}],"wp:term":[{"taxonomy":"product_brand","embeddable":true,"href":"https:\/\/whitelip.com\/cs\/wp-json\/wp\/v2\/product_brand?post=10529"},{"taxonomy":"product_cat","embeddable":true,"href":"https:\/\/whitelip.com\/cs\/wp-json\/wp\/v2\/product_cat?post=10529"},{"taxonomy":"product_tag","embeddable":true,"href":"https:\/\/whitelip.com\/cs\/wp-json\/wp\/v2\/product_tag?post=10529"},{"taxonomy":"flavours","embeddable":true,"href":"https:\/\/whitelip.com\/cs\/wp-json\/wp\/v2\/flavours?post=10529"},{"taxonomy":"format","embeddable":true,"href":"https:\/\/whitelip.com\/cs\/wp-json\/wp\/v2\/format?post=10529"},{"taxonomy":"nicotine","embeddable":true,"href":"https:\/\/whitelip.com\/cs\/wp-json\/wp\/v2\/nicotine?post=10529"}],"curies":[{"name":"wp","href":"https:\/\/api.w.org\/{rel}","templated":true}]}}