{"id":10519,"date":"2025-05-06T11:58:41","date_gmt":"2025-05-06T11:58:41","guid":{"rendered":"https:\/\/whitelip.com\/helwit-strawberry\/"},"modified":"2026-04-14T13:48:49","modified_gmt":"2026-04-14T13:48:49","slug":"helwit-strawberry","status":"publish","type":"product","link":"https:\/\/whitelip.com\/cs\/helwit\/helwit-strawberry\/","title":{"rendered":"HELWIT Jahoda"},"content":{"rendered":"<h2><b>HELWIT Jahoda<\/b><\/h2>\n<p><span style=\"font-weight: 400;\">Nikotinov\u00e9 s\u00e1\u010dky HELWIT Strawberry p\u0159in\u00e1\u0161ej\u00ed \u0161\u0165avnatou a sladkou jahodovou p\u0159\u00edchu\u0165, kter\u00e1 v ka\u017ed\u00e9m s\u00e1\u010dku zachycuje chu\u0165 \u010derstv\u011b natrhan\u00fdch bobul\u00ed. D\u00edky hladk\u00e9mu a vyv\u00e1\u017een\u00e9mu profilu nab\u00edzej\u00ed tyto s\u00e1\u010dky p\u0159\u00edjemn\u00fd, ale uspokojiv\u00fd z\u00e1\u017eitek. Ka\u017ed\u00fd s\u00e1\u010dek tenk\u00e9ho form\u00e1tu obsahuje 9 mg nikotinu na gram, tak\u017ee jsou ide\u00e1ln\u00ed pro pravideln\u00e9 u\u017eivatele, kte\u0159\u00ed d\u00e1vaj\u00ed p\u0159ednost ovocn\u00e9mu n\u00e1dechu. Jsou navr\u017eeny pro diskr\u00e9tn\u00ed pou\u017eit\u00ed a vyrobeny tak, aby nedoch\u00e1zelo k zabarven\u00ed zub\u016f, a jsou tak ide\u00e1ln\u00ed pro pou\u017eit\u00ed kdykoli a kdekoli. HELWIT Strawberry, vyr\u00e1b\u011bn\u00e9 spole\u010dnost\u00ed YOIK AB ve \u0160v\u00e9dsku, kombinuj\u00ed modern\u00ed v\u00fdrobu se snahou o \u010dist\u00e9 a chu\u0165ov\u011b v\u00fdrazn\u00e9 alternativy.<\/span><\/p>\n<table>\n<tbody>\n<tr>\n<td><b>Atribut<\/b><\/td>\n<td><b>Podrobnosti na<\/b><\/td>\n<\/tr>\n<tr>\n<td><b>Obsah na plechovku<\/b><\/td>\n<td><span style=\"font-weight: 400;\">10 g (20 s\u00e1\u010dk\u016f)<\/span><\/td>\n<\/tr>\n<tr>\n<td><b>Obsah nikotinu<\/b><\/td>\n<td><span style=\"font-weight: 400;\">9 mg\/g (4,5 mg na s\u00e1\u010dek)<\/span><\/td>\n<\/tr>\n<tr>\n<td><b>Form\u00e1t pouzdra<\/b><\/td>\n<td><span style=\"font-weight: 400;\">Slim<\/span><\/td>\n<\/tr>\n<tr>\n<td><b>V\u00fdrobce<\/b><\/td>\n<td><span style=\"font-weight: 400;\">YOIK AB<\/span><\/td>\n<\/tr>\n<tr>\n<td><b>P\u0159\u00edchu\u0165<\/b><\/td>\n<td><span style=\"font-weight: 400;\">Jahoda<\/span><\/td>\n<\/tr>\n<tr>\n<td><b>Typ<\/b><\/td>\n<td><span style=\"font-weight: 400;\">Celob\u00edl\u00e9 pouzdro<\/span><\/td>\n<\/tr>\n<\/tbody>\n<\/table>","protected":false},"excerpt":{"rendered":"<p>\u0160\u0165avnat\u00e9, sladk\u00e9 <strong data-start=\"13\" data-end=\"27\">jahody<\/strong> s \u010derstv\u011b utr\u017een\u00fdm, jemn\u00fdm a vyv\u00e1\u017een\u00fdm profilem. <strong data-start=\"75\" data-end=\"83\">Slim<\/strong>, zcela b\u00edl\u00e9 s\u00e1\u010dky bez tab\u00e1ku se nen\u00e1padn\u011b um\u00edst\u00ed pod rty a nezanech\u00e1vaj\u00ed skvrny na zubech. Ka\u017ed\u00fd s\u00e1\u010dek obsahuje <strong data-start=\"189\" data-end=\"208\">9 mg\/g nikotinu<\/strong>, a p\u0159in\u00e1\u0161\u00ed tak p\u0159\u00edstupn\u00e9, ale uspokojiv\u00e9 vyd\u00e1n\u00ed. Produkuje YOIK AB (\u0160v\u00e9dsko).<\/p>","protected":false},"featured_media":10520,"comment_status":"open","ping_status":"closed","template":"","format":[206],"meta":{"_acf_changed":false},"product_brand":[],"product_cat":[52],"product_tag":[16595],"flavours":[196],"nicotine":[231,236],"class_list":{"0":"post-10519","1":"product","2":"type-product","3":"status-publish","4":"has-post-thumbnail","6":"product_cat-helwit","7":"product_tag-4-5-mg-pouch","8":"pa_quantity-1-pack","9":"pa_quantity-10-pack","10":"pa_quantity-3-pack","11":"pa_quantity-30-pack","12":"pa_quantity-5-pack","13":"pa_quantity-60-pack","14":"flavours-fruits-berries","15":"format-slim","16":"nicotine-9-mg-g","17":"nicotine-strong","19":"first","20":"instock","21":"taxable","22":"shipping-taxable","23":"purchasable","24":"product-type-variable","25":"has-default-attributes"},"acf":[],"_links":{"self":[{"href":"https:\/\/whitelip.com\/cs\/wp-json\/wp\/v2\/product\/10519","targetHints":{"allow":["GET"]}}],"collection":[{"href":"https:\/\/whitelip.com\/cs\/wp-json\/wp\/v2\/product"}],"about":[{"href":"https:\/\/whitelip.com\/cs\/wp-json\/wp\/v2\/types\/product"}],"replies":[{"embeddable":true,"href":"https:\/\/whitelip.com\/cs\/wp-json\/wp\/v2\/comments?post=10519"}],"wp:featuredmedia":[{"embeddable":true,"href":"https:\/\/whitelip.com\/cs\/wp-json\/wp\/v2\/media\/10520"}],"wp:attachment":[{"href":"https:\/\/whitelip.com\/cs\/wp-json\/wp\/v2\/media?parent=10519"}],"wp:term":[{"taxonomy":"product_brand","embeddable":true,"href":"https:\/\/whitelip.com\/cs\/wp-json\/wp\/v2\/product_brand?post=10519"},{"taxonomy":"product_cat","embeddable":true,"href":"https:\/\/whitelip.com\/cs\/wp-json\/wp\/v2\/product_cat?post=10519"},{"taxonomy":"product_tag","embeddable":true,"href":"https:\/\/whitelip.com\/cs\/wp-json\/wp\/v2\/product_tag?post=10519"},{"taxonomy":"flavours","embeddable":true,"href":"https:\/\/whitelip.com\/cs\/wp-json\/wp\/v2\/flavours?post=10519"},{"taxonomy":"format","embeddable":true,"href":"https:\/\/whitelip.com\/cs\/wp-json\/wp\/v2\/format?post=10519"},{"taxonomy":"nicotine","embeddable":true,"href":"https:\/\/whitelip.com\/cs\/wp-json\/wp\/v2\/nicotine?post=10519"}],"curies":[{"name":"wp","href":"https:\/\/api.w.org\/{rel}","templated":true}]}}