{"id":10514,"date":"2025-05-06T09:10:43","date_gmt":"2025-05-06T09:10:43","guid":{"rendered":"https:\/\/whitelip.com\/xqs-hallon-lakrits-strong\/"},"modified":"2026-04-13T17:36:46","modified_gmt":"2026-04-13T17:36:46","slug":"xqs-hallon-lakrits-strong","status":"publish","type":"product","link":"https:\/\/whitelip.com\/cs\/xqs\/xqs-hallon-lakrits-strong\/","title":{"rendered":"XQS Hallon Lakrits Strong"},"content":{"rendered":"<h2><b>XQS Hallon Lakrits Strong<\/b><\/h2>\n<p><span style=\"font-weight: 400;\">XQS Hallon Lakrits Strong kombinuje <\/span><b>v\u00fdrazn\u00e1 sladkost malin se slanou hloubkou klasick\u00e9 l\u00e9ko\u0159ice.<\/b><span style=\"font-weight: 400;\">, a p\u0159in\u00e1\u0161\u00ed tak jedine\u010dn\u00fd z\u00e1\u017eitek seversk\u00e9 chuti. Tento s\u00e1\u010dek je ide\u00e1ln\u00ed pro u\u017eivatele, kte\u0159\u00ed oce\u0148uj\u00ed komplexn\u00ed a kontrastn\u00ed chu\u0165ov\u00e9 profily, a spojuje ovocn\u00e9 a slan\u00e9 t\u00f3ny do uspokojiv\u00e9ho a vyv\u00e1\u017een\u00e9ho pocitu. Ka\u017ed\u00fd tenk\u00fd, zcela b\u00edl\u00fd s\u00e1\u010dek obsahuje <\/span><b>10 mg nikotinu<\/b><span style=\"font-weight: 400;\">, kter\u00e1 nab\u00edz\u00ed siln\u00e9 a konzistentn\u00ed uvol\u0148ov\u00e1n\u00ed nikotinu pro spolehliv\u00e9 uspokojen\u00ed.<\/span><\/p>\n<p><span style=\"font-weight: 400;\">Tenk\u00e9 pouzdro je navr\u017eeno pro pohodl\u00ed a diskr\u00e9tnost, snadno se vejde pod ret a nezanech\u00e1v\u00e1 skvrny. Zcela bez tab\u00e1ku a vyroben\u00fd z vysoce kvalitn\u00edch rostlinn\u00fdch vl\u00e1ken nab\u00edz\u00ed XQS Hallon Lakrits Strong chu\u0165ov\u011b \u010distou alternativu pro ty, kte\u0159\u00ed maj\u00ed r\u00e1di odv\u00e1\u017en\u00e9 sladko-slan\u00e9 kombinace se spolehlivou silou.<\/span><\/p>\n<table>\n<tbody>\n<tr>\n<td><b>Atribut<\/b><\/td>\n<td><b>Podrobnosti na<\/b><\/td>\n<\/tr>\n<tr>\n<td><b>Zna\u010dka<\/b><\/td>\n<td><span style=\"font-weight: 400;\">XQS<\/span><\/td>\n<\/tr>\n<tr>\n<td><b>Typ v\u00fdrobku<\/b><\/td>\n<td><span style=\"font-weight: 400;\">V\u0161echny b\u00edl\u00e9 nikotinov\u00e9 s\u00e1\u010dky<\/span><\/td>\n<\/tr>\n<tr>\n<td><b>Form\u00e1t<\/b><\/td>\n<td><span style=\"font-weight: 400;\">Slim<\/span><\/td>\n<\/tr>\n<tr>\n<td><b>P\u0159\u00edchu\u0165<\/b><\/td>\n<td><span style=\"font-weight: 400;\">Maliny a l\u00e9ko\u0159ice<\/span><\/td>\n<\/tr>\n<tr>\n<td><b>S\u00edla nikotinu<\/b><\/td>\n<td><span style=\"font-weight: 400;\">10 mg na s\u00e1\u010dek (13 mg\/g)<\/span><\/td>\n<\/tr>\n<tr>\n<td><b>Hmotnost porce<\/b><\/td>\n<td><span style=\"font-weight: 400;\">0,75 gramu<\/span><\/td>\n<\/tr>\n<tr>\n<td><b>Po\u010det porc\u00ed<\/b><\/td>\n<td><span style=\"font-weight: 400;\">20 za plechovku<\/span><\/td>\n<\/tr>\n<tr>\n<td><b>Celkov\u00e1 hmotnost plechovky<\/b><\/td>\n<td><span style=\"font-weight: 400;\">15 gram\u016f<\/span><\/td>\n<\/tr>\n<tr>\n<td><b>V\u00fdrobce<\/b><\/td>\n<td><span style=\"font-weight: 400;\">XQS International<\/span><\/td>\n<\/tr>\n<tr>\n<td><b>Pozoruhodn\u00e9 funkce<\/b><\/td>\n<td><span style=\"font-weight: 400;\">Bez tab\u00e1ku, \u0161t\u00edhl\u00fd form\u00e1t, malina &amp; st\u0159e\u0161ovn\u00edk chu\u0165 s silnou nikotinovou silou<\/span><\/td>\n<\/tr>\n<\/tbody>\n<\/table>","protected":false},"excerpt":{"rendered":"<p>XQS <strong>Maliny a l\u00e9ko\u0159ice<\/strong>\u00a0m\u00eds\u00ed v\u00fdrazn\u00e9 maliny se slanou l\u00e9ko\u0159ic\u00ed a vytv\u00e1\u0159\u00ed komplexn\u00ed seversk\u00fd profil. Na <strong data-start=\"110\" data-end=\"118\">slim<\/strong>, celob\u00edl\u00e1 pouzdra jsou diskr\u00e9tn\u00ed a pohodln\u00e1. Ka\u017ed\u00fd s\u00e1\u010dek obsahuje <strong data-start=\"188\" data-end=\"206\">10 mg nikotinu<\/strong> pro siln\u00e9 a konzistentn\u00ed uvoln\u011bn\u00ed.<\/p>","protected":false},"featured_media":84310,"comment_status":"open","ping_status":"closed","template":"","format":[206],"meta":{"_acf_changed":false},"product_brand":[],"product_cat":[27],"product_tag":[16587],"flavours":[196,198],"nicotine":[213,232],"class_list":{"0":"post-10514","1":"product","2":"type-product","3":"status-publish","4":"has-post-thumbnail","6":"product_cat-xqs","7":"product_tag-10-mg-pouch","8":"pa_quantity-1-pack","9":"pa_quantity-10-pack","10":"pa_quantity-3-pack","11":"pa_quantity-30-pack","12":"pa_quantity-5-pack","13":"pa_quantity-60-pack","14":"flavours-fruits-berries","15":"flavours-licorice","16":"format-slim","17":"nicotine-16-mg-g","18":"nicotine-extra-strong","20":"first","21":"instock","22":"taxable","23":"shipping-taxable","24":"purchasable","25":"product-type-variable","26":"has-default-attributes"},"acf":[],"_links":{"self":[{"href":"https:\/\/whitelip.com\/cs\/wp-json\/wp\/v2\/product\/10514","targetHints":{"allow":["GET"]}}],"collection":[{"href":"https:\/\/whitelip.com\/cs\/wp-json\/wp\/v2\/product"}],"about":[{"href":"https:\/\/whitelip.com\/cs\/wp-json\/wp\/v2\/types\/product"}],"replies":[{"embeddable":true,"href":"https:\/\/whitelip.com\/cs\/wp-json\/wp\/v2\/comments?post=10514"}],"wp:featuredmedia":[{"embeddable":true,"href":"https:\/\/whitelip.com\/cs\/wp-json\/wp\/v2\/media\/84310"}],"wp:attachment":[{"href":"https:\/\/whitelip.com\/cs\/wp-json\/wp\/v2\/media?parent=10514"}],"wp:term":[{"taxonomy":"product_brand","embeddable":true,"href":"https:\/\/whitelip.com\/cs\/wp-json\/wp\/v2\/product_brand?post=10514"},{"taxonomy":"product_cat","embeddable":true,"href":"https:\/\/whitelip.com\/cs\/wp-json\/wp\/v2\/product_cat?post=10514"},{"taxonomy":"product_tag","embeddable":true,"href":"https:\/\/whitelip.com\/cs\/wp-json\/wp\/v2\/product_tag?post=10514"},{"taxonomy":"flavours","embeddable":true,"href":"https:\/\/whitelip.com\/cs\/wp-json\/wp\/v2\/flavours?post=10514"},{"taxonomy":"format","embeddable":true,"href":"https:\/\/whitelip.com\/cs\/wp-json\/wp\/v2\/format?post=10514"},{"taxonomy":"nicotine","embeddable":true,"href":"https:\/\/whitelip.com\/cs\/wp-json\/wp\/v2\/nicotine?post=10514"}],"curies":[{"name":"wp","href":"https:\/\/api.w.org\/{rel}","templated":true}]}}