{"id":10471,"date":"2025-04-17T11:47:28","date_gmt":"2025-04-17T11:47:28","guid":{"rendered":"https:\/\/whitelip.com\/stng-berry-seltzer-medium\/"},"modified":"2026-05-07T11:29:26","modified_gmt":"2026-05-07T11:29:26","slug":"stng-berry-seltzer-medium","status":"publish","type":"product","link":"https:\/\/whitelip.com\/cs\/stng\/stng-berry-seltzer-medium\/","title":{"rendered":"STNG Berry Seltzer Medium"},"content":{"rendered":"<h2><strong>STNG Berry Seltzer Medium<\/strong><\/h2>\n<p class=\"\" data-start=\"100\" data-end=\"587\">S\u00e1\u010dky STNG Berry Seltzer Medium s nikotinem kombinuj\u00ed sv\u011b\u017e\u00ed perlivou chu\u0165 seltzeru s \u017eivou sm\u011bs\u00ed lesn\u00edch plod\u016f, co\u017e vytv\u00e1\u0159\u00ed osv\u011b\u017euj\u00edc\u00ed a lehce trpk\u00fd chu\u0165ov\u00fd profil. Ka\u017ed\u00fd tenk\u00fd, celob\u00edl\u00fd s\u00e1\u010dek obsahuje 9,2 mg nikotinu, tak\u017ee je ide\u00e1ln\u00ed pro st\u0159edn\u011b siln\u00e9 u\u017eivatele, kte\u0159\u00ed hledaj\u00ed chu\u0165ov\u011b vyv\u00e1\u017een\u00fd z\u00e1\u017eitek. S\u00e1\u010dky jsou navr\u017eeny pro diskr\u00e9tn\u00ed pou\u017eit\u00ed, pohodln\u011b se vejdou pod ret a nezanech\u00e1vaj\u00ed skvrny na zubech. Tato p\u0159\u00edchu\u0165, vyr\u00e1b\u011bn\u00e1 spole\u010dnost\u00ed STNG, nab\u00edz\u00ed jisk\u0159iv\u00fd pocit lesn\u00edho ovoce s hladk\u00fdm a \u010dist\u00fdm pod\u00e1n\u00edm.<\/p>\n<table>\n<tbody>\n<tr>\n<td><b>Atribut<\/b><\/td>\n<td><b>Podrobnosti na<\/b><\/td>\n<\/tr>\n<tr>\n<td><b>Obsah na plechovku<\/b><\/td>\n<td><span style=\"font-weight: 400;\">11 g (20 s\u00e1\u010dk\u016f)<\/span><\/td>\n<\/tr>\n<tr>\n<td><b>Obsah nikotinu<\/b><\/td>\n<td><span style=\"font-weight: 400;\">16,7 mg\/g (9,2 mg na s\u00e1\u010dek)<\/span><\/td>\n<\/tr>\n<tr>\n<td><b>Form\u00e1t pouzdra<\/b><\/td>\n<td><span style=\"font-weight: 400;\">Slim<\/span><\/td>\n<\/tr>\n<tr>\n<td><b>V\u00fdrobce<\/b><\/td>\n<td><span style=\"font-weight: 400;\">STNG<\/span><\/td>\n<\/tr>\n<tr>\n<td><b>P\u0159\u00edchu\u0165<\/b><\/td>\n<td><span style=\"font-weight: 400;\">Berry Seltzer<\/span><\/td>\n<\/tr>\n<tr>\n<td><b>Typ<\/b><\/td>\n<td><span style=\"font-weight: 400;\">Celob\u00edl\u00e9 pouzdro<\/span><\/td>\n<\/tr>\n<\/tbody>\n<\/table>","protected":false},"excerpt":{"rendered":"<p>S\u00e1\u010dky STNG Berry Seltzer Medium s nikotinem p\u0159in\u00e1\u0161ej\u00ed sv\u011b\u017e\u00ed, jisk\u0159ivou chu\u0165. <strong data-start=\"70\" data-end=\"87\">Berry Seltzer<\/strong> s p\u0159\u00edchut\u00ed lesn\u00edch plod\u016f a lehk\u00fdm perlen\u00edm. <strong data-start=\"133\" data-end=\"141\">Slim<\/strong>, zcela b\u00edl\u00fd form\u00e1t pro diskr\u00e9tn\u00ed pohodl\u00ed pod rty bez zabarven\u00ed zub\u016f. Ka\u017ed\u00fd s\u00e1\u010dek obsahuje <strong data-start=\"239\" data-end=\"258\">9,2 mg nikotinu<\/strong>.<\/p>","protected":false},"featured_media":27180,"comment_status":"open","ping_status":"closed","template":"","format":[206],"meta":{"_acf_changed":false},"product_brand":[],"product_cat":[111],"product_tag":[17002],"flavours":[191,196],"nicotine":[214,232],"class_list":{"0":"post-10471","1":"product","2":"type-product","3":"status-publish","4":"has-post-thumbnail","6":"product_cat-stng","7":"product_tag-9-2-mg-pouch","8":"pa_quantity-1-pack","9":"pa_quantity-10-pack","10":"pa_quantity-3-pack","11":"pa_quantity-30-pack","12":"pa_quantity-5-pack","13":"pa_quantity-60-pack","14":"flavours-cocktails","15":"flavours-fruits-berries","16":"format-slim","17":"nicotine-17-mg-g","18":"nicotine-extra-strong","20":"first","21":"instock","22":"taxable","23":"shipping-taxable","24":"purchasable","25":"product-type-variable"},"acf":[],"_links":{"self":[{"href":"https:\/\/whitelip.com\/cs\/wp-json\/wp\/v2\/product\/10471","targetHints":{"allow":["GET"]}}],"collection":[{"href":"https:\/\/whitelip.com\/cs\/wp-json\/wp\/v2\/product"}],"about":[{"href":"https:\/\/whitelip.com\/cs\/wp-json\/wp\/v2\/types\/product"}],"replies":[{"embeddable":true,"href":"https:\/\/whitelip.com\/cs\/wp-json\/wp\/v2\/comments?post=10471"}],"wp:featuredmedia":[{"embeddable":true,"href":"https:\/\/whitelip.com\/cs\/wp-json\/wp\/v2\/media\/27180"}],"wp:attachment":[{"href":"https:\/\/whitelip.com\/cs\/wp-json\/wp\/v2\/media?parent=10471"}],"wp:term":[{"taxonomy":"product_brand","embeddable":true,"href":"https:\/\/whitelip.com\/cs\/wp-json\/wp\/v2\/product_brand?post=10471"},{"taxonomy":"product_cat","embeddable":true,"href":"https:\/\/whitelip.com\/cs\/wp-json\/wp\/v2\/product_cat?post=10471"},{"taxonomy":"product_tag","embeddable":true,"href":"https:\/\/whitelip.com\/cs\/wp-json\/wp\/v2\/product_tag?post=10471"},{"taxonomy":"flavours","embeddable":true,"href":"https:\/\/whitelip.com\/cs\/wp-json\/wp\/v2\/flavours?post=10471"},{"taxonomy":"format","embeddable":true,"href":"https:\/\/whitelip.com\/cs\/wp-json\/wp\/v2\/format?post=10471"},{"taxonomy":"nicotine","embeddable":true,"href":"https:\/\/whitelip.com\/cs\/wp-json\/wp\/v2\/nicotine?post=10471"}],"curies":[{"name":"wp","href":"https:\/\/api.w.org\/{rel}","templated":true}]}}