{"id":10441,"date":"2025-04-16T13:00:37","date_gmt":"2025-04-16T13:00:37","guid":{"rendered":"https:\/\/whitelip.com\/pablo-exclusive-blue-mint-50mg\/"},"modified":"2026-04-29T10:11:17","modified_gmt":"2026-04-29T10:11:17","slug":"pablo-exclusive-blue-mint-50mg","status":"publish","type":"product","link":"https:\/\/whitelip.com\/cs\/pablo\/pablo-exclusive-blue-mint-50mg\/","title":{"rendered":"PABLO Exclusive Blue Mint 50mg"},"content":{"rendered":"<h2><strong>PABLO Exclusive Blue Mint 50mg<\/strong><\/h2>\n<p class=\"\" data-start=\"100\" data-end=\"587\">PABLO Exclusive Blue Mint 50mg nikotinov\u00e9 s\u00e1\u010dky poskytuj\u00ed \u010dist\u00fd, sv\u011b\u017e\u00ed n\u00e1dech ledov\u00e9 m\u00e1ty s charakteristick\u00fdm chladiv\u00fdm \u00fa\u010dinkem\u2014dokonale spojen\u00e9 s jednou z nejvy\u0161\u0161\u00edch dostupn\u00fdch s\u00edel nikotinu. Ur\u010den\u00e9 pro zku\u0161en\u00e9 u\u017eivatele, tyto \u0161t\u00edhl\u00e9 beznikotinov\u00e9 s\u00e1\u010dky nab\u00edzej\u00ed intenzivn\u00ed a osv\u011b\u017euj\u00edc\u00ed z\u00e1\u017eitek v diskr\u00e9tn\u00edm form\u00e1tu. A\u0165 u\u017e hled\u00e1te siln\u00fd vjem m\u00e1ty nebo v\u00e1\u017en\u00e9 uspokojen\u00ed nikotinem, PABLO Blue Mint p\u0159in\u00e1\u0161\u00ed oboj\u00ed v pln\u00e9 s\u00edle.<\/p>\n<table>\n<tbody>\n<tr>\n<td><b>Atribut<\/b><\/td>\n<td><b>Podrobnosti na<\/b><\/td>\n<\/tr>\n<tr>\n<td><b>Obsah na plechovku<\/b><\/td>\n<td><span style=\"font-weight: 400;\">15 g (20 s\u00e1\u010dk\u016f)<\/span><\/td>\n<\/tr>\n<tr>\n<td><b>Obsah nikotinu<\/b><\/td>\n<td><span style=\"font-weight: 400;\">50 mg\/g (30 mg na s\u00e1\u010dek)<\/span><\/td>\n<\/tr>\n<tr>\n<td><b>Form\u00e1t pouzdra<\/b><\/td>\n<td><span style=\"font-weight: 400;\">Slim<\/span><\/td>\n<\/tr>\n<tr>\n<td><b>V\u00fdrobce<\/b><\/td>\n<td><span style=\"font-weight: 400;\">\u0158\u00ed\u0161e N.G.P<\/span><\/td>\n<\/tr>\n<tr>\n<td><b>P\u0159\u00edchu\u0165<\/b><\/td>\n<td><span style=\"font-weight: 400;\">Modr\u00e1 m\u00e1ta (Ledov\u00e1, osv\u011b\u017euj\u00edc\u00ed)<\/span><\/td>\n<\/tr>\n<tr>\n<td><b>Typ<\/b><\/td>\n<td><span style=\"font-weight: 400;\">Celob\u00edl\u00fd s\u00e1\u010dek, bez tab\u00e1ku<\/span><\/td>\n<\/tr>\n<\/tbody>\n<\/table>","protected":false},"excerpt":{"rendered":"<p>S\u00e1\u010dky PABLO Exclusive Blue Mint 50 mg nikotinu p\u0159in\u00e1\u0161ej\u00ed \u010distou a sv\u011b\u017e\u00ed chu\u0165. <strong data-start=\"71\" data-end=\"84\">Modr\u00e1 m\u00e1ta<\/strong> s v\u00fdraznou ledov\u011b chladivou chut\u00ed. <strong data-start=\"127\" data-end=\"135\">Slim<\/strong>, beztab\u00e1kov\u00fd form\u00e1t pro diskr\u00e9tn\u00ed a intenzivn\u00ed u\u017e\u00edv\u00e1n\u00ed. Ka\u017ed\u00fd s\u00e1\u010dek obsahuje <strong>30 mg nikotinu<\/strong>. Vytvo\u0159eno pro zku\u0161en\u00e9 u\u017eivatele, kte\u0159\u00ed hledaj\u00ed skute\u010dn\u00e9 uspokojen\u00ed.<\/p>","protected":false},"featured_media":10442,"comment_status":"open","ping_status":"closed","template":"","format":[206],"meta":{"_acf_changed":false},"product_brand":[],"product_cat":[44],"product_tag":[16605],"flavours":[199],"nicotine":[226,233],"class_list":{"0":"post-10441","1":"product","2":"type-product","3":"status-publish","4":"has-post-thumbnail","6":"product_cat-pablo","7":"product_tag-30-mg-pouch","8":"pa_quantity-1-pack","9":"pa_quantity-10-pack","10":"pa_quantity-3-pack","11":"pa_quantity-30-pack","12":"pa_quantity-5-pack","13":"pa_quantity-60-pack","14":"flavours-mint","15":"format-slim","16":"nicotine-50-mg-g","17":"nicotine-extreme","19":"first","20":"instock","21":"taxable","22":"shipping-taxable","23":"purchasable","24":"product-type-variable","25":"has-default-attributes"},"acf":[],"_links":{"self":[{"href":"https:\/\/whitelip.com\/cs\/wp-json\/wp\/v2\/product\/10441","targetHints":{"allow":["GET"]}}],"collection":[{"href":"https:\/\/whitelip.com\/cs\/wp-json\/wp\/v2\/product"}],"about":[{"href":"https:\/\/whitelip.com\/cs\/wp-json\/wp\/v2\/types\/product"}],"replies":[{"embeddable":true,"href":"https:\/\/whitelip.com\/cs\/wp-json\/wp\/v2\/comments?post=10441"}],"wp:featuredmedia":[{"embeddable":true,"href":"https:\/\/whitelip.com\/cs\/wp-json\/wp\/v2\/media\/10442"}],"wp:attachment":[{"href":"https:\/\/whitelip.com\/cs\/wp-json\/wp\/v2\/media?parent=10441"}],"wp:term":[{"taxonomy":"product_brand","embeddable":true,"href":"https:\/\/whitelip.com\/cs\/wp-json\/wp\/v2\/product_brand?post=10441"},{"taxonomy":"product_cat","embeddable":true,"href":"https:\/\/whitelip.com\/cs\/wp-json\/wp\/v2\/product_cat?post=10441"},{"taxonomy":"product_tag","embeddable":true,"href":"https:\/\/whitelip.com\/cs\/wp-json\/wp\/v2\/product_tag?post=10441"},{"taxonomy":"flavours","embeddable":true,"href":"https:\/\/whitelip.com\/cs\/wp-json\/wp\/v2\/flavours?post=10441"},{"taxonomy":"format","embeddable":true,"href":"https:\/\/whitelip.com\/cs\/wp-json\/wp\/v2\/format?post=10441"},{"taxonomy":"nicotine","embeddable":true,"href":"https:\/\/whitelip.com\/cs\/wp-json\/wp\/v2\/nicotine?post=10441"}],"curies":[{"name":"wp","href":"https:\/\/api.w.org\/{rel}","templated":true}]}}