{"id":10436,"date":"2025-04-16T12:57:24","date_gmt":"2025-04-16T12:57:24","guid":{"rendered":"https:\/\/whitelip.com\/pablo-exclusive-cherry-cola-50mg\/"},"modified":"2026-04-29T10:11:17","modified_gmt":"2026-04-29T10:11:17","slug":"pablo-exclusive-cherry-cola-50mg","status":"publish","type":"product","link":"https:\/\/whitelip.com\/cs\/pablo\/pablo-exclusive-cherry-cola-50mg\/","title":{"rendered":"PABLO Exclusive Cherry Cola 50mg"},"content":{"rendered":"<h2><strong>PABLO Exclusive Cherry Cola 50mg<\/strong><\/h2>\n<p class=\"\" data-start=\"100\" data-end=\"587\">PABLO Exclusive Cherry Cola 50mg nikotinov\u00e9 s\u00e1\u010dky kombinuj\u00ed odwa\u017cnou, perlivou chu\u0165 klasick\u00e9 coly se sladkou v\u016fn\u00ed t\u0159e\u0161n\u011b \u2013 poskytuj\u00ed nostalgick\u00fd chutn\u00fd z\u00e1sah s extr\u00e9mn\u00ed silou nikotinu. Ur\u010den\u00e9 pro zku\u0161en\u00e9 u\u017eivatele, tyto \u0161t\u00edhl\u00e9 s\u00e1\u010dky bez tab\u00e1ku nab\u00edzej\u00ed diskr\u00e9tn\u00ed a chutn\u00fd zp\u016fsob, jak si u\u017e\u00edt siln\u00fd z\u00e1\u017eitek z nikotinu. A\u0165 u\u017e hled\u00e1te n\u011bco jin\u00e9ho nebo prost\u011b milujeete tu n\u00e1ladu z prodejny s limon\u00e1dami, PABLO Cherry Cola p\u0159in\u00e1\u0161\u00ed intenzitu a chu\u0165 do ka\u017ed\u00e9ho s\u00e1\u010dku.<\/p>\n<table>\n<tbody>\n<tr>\n<td><b>Atribut<\/b><\/td>\n<td><b>Podrobnosti na<\/b><\/td>\n<\/tr>\n<tr>\n<td><b>Obsah na plechovku<\/b><\/td>\n<td><span style=\"font-weight: 400;\">15 g (20 s\u00e1\u010dk\u016f)<\/span><\/td>\n<\/tr>\n<tr>\n<td><b>Obsah nikotinu<\/b><\/td>\n<td><span style=\"font-weight: 400;\">50 mg\/g (30 mg na s\u00e1\u010dek)<\/span><\/td>\n<\/tr>\n<tr>\n<td><b>Form\u00e1t pouzdra<\/b><\/td>\n<td><span style=\"font-weight: 400;\">Slim<\/span><\/td>\n<\/tr>\n<tr>\n<td><b>V\u00fdrobce<\/b><\/td>\n<td><span style=\"font-weight: 400;\">\u0158\u00ed\u0161e N.G.P<\/span><\/td>\n<\/tr>\n<tr>\n<td><b>P\u0159\u00edchu\u0165<\/b><\/td>\n<td><span style=\"font-weight: 400;\">T\u0159e\u0161\u0148ov\u00fd kola (Sladk\u00fd, \u0161umiv\u00fd)<\/span><\/td>\n<\/tr>\n<tr>\n<td><b>Typ<\/b><\/td>\n<td><span style=\"font-weight: 400;\">Celob\u00edl\u00fd s\u00e1\u010dek, bez tab\u00e1ku<\/span><\/td>\n<\/tr>\n<\/tbody>\n<\/table>","protected":false},"excerpt":{"rendered":"<p>PABLO Exclusive Cherry Cola 50 mg nikotinov\u00fdch s\u00e1\u010dk\u016f p\u0159in\u00e1\u0161\u00ed odv\u00e1\u017enou, perlivou chu\u0165 nikotinu. <strong data-start=\"72\" data-end=\"87\">Cherry Cola<\/strong> p\u0159\u00edchu\u0165 s nostalgickou atmosf\u00e9rou obchodu se sodovkou. <strong data-start=\"128\" data-end=\"136\">Slim<\/strong>, beztab\u00e1kov\u00fd form\u00e1t pro diskr\u00e9tn\u00ed a aromatick\u00e9 u\u017e\u00edv\u00e1n\u00ed. Ka\u017ed\u00fd s\u00e1\u010dek obsahuje <strong>30 mg nikotinu<\/strong>.<\/p>","protected":false},"featured_media":10437,"comment_status":"open","ping_status":"closed","template":"","format":[206],"meta":{"_acf_changed":false},"product_brand":[],"product_cat":[44],"product_tag":[16605],"flavours":[193,196],"nicotine":[226,233],"class_list":{"0":"post-10436","1":"product","2":"type-product","3":"status-publish","4":"has-post-thumbnail","6":"product_cat-pablo","7":"product_tag-30-mg-pouch","8":"pa_quantity-1-pack","9":"pa_quantity-10-pack","10":"pa_quantity-3-pack","11":"pa_quantity-30-pack","12":"pa_quantity-5-pack","13":"pa_quantity-60-pack","14":"flavours-cola","15":"flavours-fruits-berries","16":"format-slim","17":"nicotine-50-mg-g","18":"nicotine-extreme","20":"first","21":"instock","22":"taxable","23":"shipping-taxable","24":"purchasable","25":"product-type-variable","26":"has-default-attributes"},"acf":[],"_links":{"self":[{"href":"https:\/\/whitelip.com\/cs\/wp-json\/wp\/v2\/product\/10436","targetHints":{"allow":["GET"]}}],"collection":[{"href":"https:\/\/whitelip.com\/cs\/wp-json\/wp\/v2\/product"}],"about":[{"href":"https:\/\/whitelip.com\/cs\/wp-json\/wp\/v2\/types\/product"}],"replies":[{"embeddable":true,"href":"https:\/\/whitelip.com\/cs\/wp-json\/wp\/v2\/comments?post=10436"}],"wp:featuredmedia":[{"embeddable":true,"href":"https:\/\/whitelip.com\/cs\/wp-json\/wp\/v2\/media\/10437"}],"wp:attachment":[{"href":"https:\/\/whitelip.com\/cs\/wp-json\/wp\/v2\/media?parent=10436"}],"wp:term":[{"taxonomy":"product_brand","embeddable":true,"href":"https:\/\/whitelip.com\/cs\/wp-json\/wp\/v2\/product_brand?post=10436"},{"taxonomy":"product_cat","embeddable":true,"href":"https:\/\/whitelip.com\/cs\/wp-json\/wp\/v2\/product_cat?post=10436"},{"taxonomy":"product_tag","embeddable":true,"href":"https:\/\/whitelip.com\/cs\/wp-json\/wp\/v2\/product_tag?post=10436"},{"taxonomy":"flavours","embeddable":true,"href":"https:\/\/whitelip.com\/cs\/wp-json\/wp\/v2\/flavours?post=10436"},{"taxonomy":"format","embeddable":true,"href":"https:\/\/whitelip.com\/cs\/wp-json\/wp\/v2\/format?post=10436"},{"taxonomy":"nicotine","embeddable":true,"href":"https:\/\/whitelip.com\/cs\/wp-json\/wp\/v2\/nicotine?post=10436"}],"curies":[{"name":"wp","href":"https:\/\/api.w.org\/{rel}","templated":true}]}}