{"id":10411,"date":"2025-04-16T12:33:41","date_gmt":"2025-04-16T12:33:41","guid":{"rendered":"https:\/\/whitelip.com\/pablo-exclusive-tropical-punch-50mg\/"},"modified":"2026-04-20T10:10:59","modified_gmt":"2026-04-20T10:10:59","slug":"pablo-exclusive-tropical-punch-50mg","status":"publish","type":"product","link":"https:\/\/whitelip.com\/cs\/pablo\/pablo-exclusive-tropical-punch-50mg\/","title":{"rendered":"PABLO Exclusive Tropical Punch 50mg"},"content":{"rendered":"<h2><strong>PABLO Exclusive Tropical Punch 50mg<\/strong><\/h2>\n<p class=\"\" data-start=\"100\" data-end=\"587\">PABLO Exclusive Tropical Punch 50mg s\u00e1\u010dky s nikoinem vybuchuj\u00ed vibrantn\u00ed sm\u011bs\u00ed exotick\u00fdch ovocn\u00fdch p\u0159\u00edchut\u00ed, poskytuj\u00edc\u00ed sladk\u00fd a \u0161\u0165avnat\u00fd punch podporovan\u00fd ultra siln\u00fdm \u00fadarem nikotinu. Dokonal\u00e9 pro zku\u0161en\u00e9 u\u017eivatele, tyto tenk\u00e9 s\u00e1\u010dky bez tab\u00e1ku kombinuj\u00ed tropickou chut se surovou intenzitou pro odv\u00e1\u017en\u00fd a chutn\u00fd z\u00e1\u017eitek. Diskr\u00e9tn\u00ed a pohodln\u00fd pod rtem, PABLO Tropical Punch p\u0159in\u00e1\u0161\u00ed ostrovn\u00ed n\u00e1ladu a extr\u00e9mn\u00ed s\u00edlu v ka\u017ed\u00e9m s\u00e1\u010dku.<\/p>\n<table>\n<tbody>\n<tr>\n<td><b>Atribut<\/b><\/td>\n<td><b>Podrobnosti na<\/b><\/td>\n<\/tr>\n<tr>\n<td><b>Obsah na plechovku<\/b><\/td>\n<td><span style=\"font-weight: 400;\">15 g (20 s\u00e1\u010dk\u016f)<\/span><\/td>\n<\/tr>\n<tr>\n<td><b>Obsah nikotinu<\/b><\/td>\n<td><span style=\"font-weight: 400;\">50 mg\/g (30 mg na s\u00e1\u010dek)<\/span><\/td>\n<\/tr>\n<tr>\n<td><b>Form\u00e1t pouzdra<\/b><\/td>\n<td><span style=\"font-weight: 400;\">Slim<\/span><\/td>\n<\/tr>\n<tr>\n<td><b>V\u00fdrobce<\/b><\/td>\n<td><span style=\"font-weight: 400;\">\u0158\u00ed\u0161e N.G.P<\/span><\/td>\n<\/tr>\n<tr>\n<td><b>P\u0159\u00edchu\u0165<\/b><\/td>\n<td><span style=\"font-weight: 400;\">Sm\u011bs tropick\u00e9ho ovoce<\/span><\/td>\n<\/tr>\n<tr>\n<td><b>Typ<\/b><\/td>\n<td><span style=\"font-weight: 400;\">Celob\u00edl\u00fd s\u00e1\u010dek, bez tab\u00e1ku<\/span><\/td>\n<\/tr>\n<\/tbody>\n<\/table>","protected":false},"excerpt":{"rendered":"<p>PABLO Exclusive Tropical Punch 50mg s\u00e1\u010dky s nikoinem poskytuj\u00ed vibrantn\u00ed, exotickou <strong data-start=\"79\" data-end=\"97\">Tropick\u00fd pun\u010d<\/strong> p\u0159\u00edchu\u0165 se sladk\u00fdm, \u0161\u0165avnat\u00fdm \u00faderem. <strong data-start=\"131\" data-end=\"139\">Slim<\/strong>, form\u00e1t bez tab\u00e1ku pro diskr\u00e9tn\u00ed pohodl\u00ed pod rtem a mocnou intenzitu. Ka\u017ed\u00fd s\u00e1\u010dek obsahuje <strong data-start=\"240\" data-end=\"260\">30 mg nikotinu<\/strong>.<\/p>","protected":false},"featured_media":10412,"comment_status":"open","ping_status":"closed","template":"","format":[206],"meta":{"_acf_changed":false},"product_brand":[],"product_cat":[44],"product_tag":[16605],"flavours":[196],"nicotine":[226,233],"class_list":{"0":"post-10411","1":"product","2":"type-product","3":"status-publish","4":"has-post-thumbnail","6":"product_cat-pablo","7":"product_tag-30-mg-pouch","8":"pa_quantity-1-pack","9":"pa_quantity-10-pack","10":"pa_quantity-3-pack","11":"pa_quantity-30-pack","12":"pa_quantity-5-pack","13":"pa_quantity-60-pack","14":"flavours-fruits-berries","15":"format-slim","16":"nicotine-50-mg-g","17":"nicotine-extreme","19":"first","20":"instock","21":"taxable","22":"shipping-taxable","23":"purchasable","24":"product-type-variable","25":"has-default-attributes"},"acf":[],"_links":{"self":[{"href":"https:\/\/whitelip.com\/cs\/wp-json\/wp\/v2\/product\/10411","targetHints":{"allow":["GET"]}}],"collection":[{"href":"https:\/\/whitelip.com\/cs\/wp-json\/wp\/v2\/product"}],"about":[{"href":"https:\/\/whitelip.com\/cs\/wp-json\/wp\/v2\/types\/product"}],"replies":[{"embeddable":true,"href":"https:\/\/whitelip.com\/cs\/wp-json\/wp\/v2\/comments?post=10411"}],"wp:featuredmedia":[{"embeddable":true,"href":"https:\/\/whitelip.com\/cs\/wp-json\/wp\/v2\/media\/10412"}],"wp:attachment":[{"href":"https:\/\/whitelip.com\/cs\/wp-json\/wp\/v2\/media?parent=10411"}],"wp:term":[{"taxonomy":"product_brand","embeddable":true,"href":"https:\/\/whitelip.com\/cs\/wp-json\/wp\/v2\/product_brand?post=10411"},{"taxonomy":"product_cat","embeddable":true,"href":"https:\/\/whitelip.com\/cs\/wp-json\/wp\/v2\/product_cat?post=10411"},{"taxonomy":"product_tag","embeddable":true,"href":"https:\/\/whitelip.com\/cs\/wp-json\/wp\/v2\/product_tag?post=10411"},{"taxonomy":"flavours","embeddable":true,"href":"https:\/\/whitelip.com\/cs\/wp-json\/wp\/v2\/flavours?post=10411"},{"taxonomy":"format","embeddable":true,"href":"https:\/\/whitelip.com\/cs\/wp-json\/wp\/v2\/format?post=10411"},{"taxonomy":"nicotine","embeddable":true,"href":"https:\/\/whitelip.com\/cs\/wp-json\/wp\/v2\/nicotine?post=10411"}],"curies":[{"name":"wp","href":"https:\/\/api.w.org\/{rel}","templated":true}]}}