{"id":10401,"date":"2025-04-16T12:25:35","date_gmt":"2025-04-16T12:25:35","guid":{"rendered":"https:\/\/whitelip.com\/killa-freeze-gold\/"},"modified":"2026-04-30T10:11:04","modified_gmt":"2026-04-30T10:11:04","slug":"killa-freeze-gold","status":"publish","type":"product","link":"https:\/\/whitelip.com\/cs\/killa\/killa-freeze-gold\/","title":{"rendered":"KILLA Freeze Gold"},"content":{"rendered":"<h2><strong>KILLA Freeze Gold<\/strong><\/h2>\n<p class=\"\" data-start=\"100\" data-end=\"587\">Nikotinov\u00e9 s\u00e1\u010dky KILLA Freeze Gold p\u0159in\u00e1\u0161ej\u00ed intenzivn\u00ed chladiv\u00fd pocit spojen\u00fd se siln\u00fdm nikotinem. Tato odv\u00e1\u017en\u00e1 sm\u011bs je ur\u010dena pro zku\u0161en\u00e9 u\u017eivatele a p\u0159in\u00e1\u0161\u00ed ledovou sv\u011b\u017eest, kter\u00e1 siln\u011b zas\u00e1hne a dlouho vydr\u017e\u00ed. D\u00edky sv\u00e9mu tenk\u00e9mu form\u00e1tu bez tab\u00e1ku nab\u00edz\u00ed Freeze Gold \u010dist\u00fd a diskr\u00e9tn\u00ed zp\u016fsob, jak si vychutnat vysoce intenzivn\u00ed s\u00e1\u010dek - ide\u00e1ln\u00ed pro ty, kte\u0159\u00ed tou\u017e\u00ed po po\u0159\u00e1dn\u00e9 intenzit\u011b bez kompromis\u016f.<\/p>\n<table>\n<tbody>\n<tr>\n<td><b>Atribut<\/b><\/td>\n<td><b>Podrobnosti na<\/b><\/td>\n<\/tr>\n<tr>\n<td><b>Obsah na plechovku<\/b><\/td>\n<td><span style=\"font-weight: 400;\">16 g (20 s\u00e1\u010dk\u016f)<\/span><\/td>\n<\/tr>\n<tr>\n<td><b>Obsah nikotinu<\/b><\/td>\n<td><span style=\"font-weight: 400;\">16 mg\/g (12,8 mg na s\u00e1\u010dek)<\/span><\/td>\n<\/tr>\n<tr>\n<td><b>Form\u00e1t pouzdra<\/b><\/td>\n<td><span style=\"font-weight: 400;\">Slim<\/span><\/td>\n<\/tr>\n<tr>\n<td><b>V\u00fdrobce<\/b><\/td>\n<td><span style=\"font-weight: 400;\">\u0158\u00ed\u0161e NGP<\/span><\/td>\n<\/tr>\n<tr>\n<td><b>P\u0159\u00edchu\u0165<\/b><\/td>\n<td><span style=\"font-weight: 400;\">Mrazivo (siln\u00e1 m\u00e1ta, ledov\u00fd chlad)<\/span><\/td>\n<\/tr>\n<tr>\n<td><b>Typ<\/b><\/td>\n<td><span style=\"font-weight: 400;\">Celob\u00edl\u00fd s\u00e1\u010dek, bez tab\u00e1ku<\/span><\/td>\n<\/tr>\n<\/tbody>\n<\/table>","protected":false},"excerpt":{"rendered":"<p>Intenzivn\u00ed, ledov\u00fd <strong data-start=\"13\" data-end=\"28\">Zmrazen\u00ed zlata<\/strong> se siln\u00fdm a dlouhotrvaj\u00edc\u00edm \u00fa\u010dinkem. <strong data-start=\"65\" data-end=\"73\">Slim<\/strong>, beztab\u00e1kov\u00e9 s\u00e1\u010dky se diskr\u00e9tn\u011b vejdou pod ret a umo\u017e\u0148uj\u00ed \u010dist\u00e9 a vysoce odoln\u00e9 pou\u017eit\u00ed. Ka\u017ed\u00fd s\u00e1\u010dek obsahuje <strong data-start=\"175\" data-end=\"195\">12,8 mg nikotinu<\/strong> pro v\u00e1\u017enou intenzitu bez kompromis\u016f.<\/p>","protected":false},"featured_media":10402,"comment_status":"open","ping_status":"closed","template":"","format":[206],"meta":{"_acf_changed":false},"product_brand":[],"product_cat":[64],"product_tag":[16676],"flavours":[199],"nicotine":[213,232],"class_list":{"0":"post-10401","1":"product","2":"type-product","3":"status-publish","4":"has-post-thumbnail","6":"product_cat-killa","7":"product_tag-12-8-mg-pouch","8":"pa_quantity-1-pack","9":"pa_quantity-10-pack","10":"pa_quantity-3-pack","11":"pa_quantity-30-pack","12":"pa_quantity-5-pack","13":"pa_quantity-60-pack","14":"flavours-mint","15":"format-slim","16":"nicotine-16-mg-g","17":"nicotine-extra-strong","19":"first","20":"outofstock","21":"taxable","22":"shipping-taxable","23":"purchasable","24":"product-type-variable","25":"has-default-attributes"},"acf":[],"_links":{"self":[{"href":"https:\/\/whitelip.com\/cs\/wp-json\/wp\/v2\/product\/10401","targetHints":{"allow":["GET"]}}],"collection":[{"href":"https:\/\/whitelip.com\/cs\/wp-json\/wp\/v2\/product"}],"about":[{"href":"https:\/\/whitelip.com\/cs\/wp-json\/wp\/v2\/types\/product"}],"replies":[{"embeddable":true,"href":"https:\/\/whitelip.com\/cs\/wp-json\/wp\/v2\/comments?post=10401"}],"wp:featuredmedia":[{"embeddable":true,"href":"https:\/\/whitelip.com\/cs\/wp-json\/wp\/v2\/media\/10402"}],"wp:attachment":[{"href":"https:\/\/whitelip.com\/cs\/wp-json\/wp\/v2\/media?parent=10401"}],"wp:term":[{"taxonomy":"product_brand","embeddable":true,"href":"https:\/\/whitelip.com\/cs\/wp-json\/wp\/v2\/product_brand?post=10401"},{"taxonomy":"product_cat","embeddable":true,"href":"https:\/\/whitelip.com\/cs\/wp-json\/wp\/v2\/product_cat?post=10401"},{"taxonomy":"product_tag","embeddable":true,"href":"https:\/\/whitelip.com\/cs\/wp-json\/wp\/v2\/product_tag?post=10401"},{"taxonomy":"flavours","embeddable":true,"href":"https:\/\/whitelip.com\/cs\/wp-json\/wp\/v2\/flavours?post=10401"},{"taxonomy":"format","embeddable":true,"href":"https:\/\/whitelip.com\/cs\/wp-json\/wp\/v2\/format?post=10401"},{"taxonomy":"nicotine","embeddable":true,"href":"https:\/\/whitelip.com\/cs\/wp-json\/wp\/v2\/nicotine?post=10401"}],"curies":[{"name":"wp","href":"https:\/\/api.w.org\/{rel}","templated":true}]}}