{"id":10391,"date":"2025-04-16T12:25:40","date_gmt":"2025-04-16T12:25:40","guid":{"rendered":"https:\/\/whitelip.com\/killa-white-coffee\/"},"modified":"2026-04-29T10:11:17","modified_gmt":"2026-04-29T10:11:17","slug":"killa-white-coffee","status":"publish","type":"product","link":"https:\/\/whitelip.com\/cs\/killa\/killa-white-coffee\/","title":{"rendered":"B\u00edl\u00e1 k\u00e1va KILLA"},"content":{"rendered":"<h2><strong>B\u00edl\u00e1 k\u00e1va KILLA<\/strong><\/h2>\n<p class=\"\" data-start=\"100\" data-end=\"587\">KILLA White Coffee nikotinov\u00e9 s\u00e1\u010dky nab\u00edzej\u00ed hladkou a kr\u00e9movou chu\u0165 k\u00e1vy s leh\u010d\u00edm, ml\u00e9\u010dn\u00fdm n\u00e1dechem. Perfektn\u00ed pro fanou\u0161ky sladk\u00fdch, jemn\u00fdch n\u00e1poj\u016f, tyto beznikotinov\u00e9 s\u00e1\u010dky kombinuj\u00ed bohat\u00e9 noty k\u00e1vy s jemnou sladkost\u00ed, \u010d\u00edm\u017e poskytuj\u00ed siln\u00fd nikotinov\u00fd n\u00e1dech v diskr\u00e9tn\u00edm \u0161t\u00edhl\u00e9m form\u00e1tu. A\u0165 u\u017e tou\u017e\u00edte po jemn\u00e9m povzbuzen\u00ed nebo chutn\u00e9m odpo\u010dinku, KILLA White Coffee p\u0159in\u00e1\u0161\u00ed kav\u00e1r\u0148sk\u00fd z\u00e1\u017eitek p\u0159\u00edmo do va\u0161eho kapsy\u2014bez kou\u0159e.<\/p>\n<table>\n<tbody>\n<tr>\n<td><b>Atribut<\/b><\/td>\n<td><b>Podrobnosti na<\/b><\/td>\n<\/tr>\n<tr>\n<td><b>Obsah na plechovku<\/b><\/td>\n<td><span style=\"font-weight: 400;\">16 g (20 s\u00e1\u010dk\u016f)<\/span><\/td>\n<\/tr>\n<tr>\n<td><b>Obsah nikotinu<\/b><\/td>\n<td><span style=\"font-weight: 400;\">16 mg\/g (12,8 mg na s\u00e1\u010dek)<\/span><\/td>\n<\/tr>\n<tr>\n<td><b>Form\u00e1t pouzdra<\/b><\/td>\n<td><span style=\"font-weight: 400;\">Slim<\/span><\/td>\n<\/tr>\n<tr>\n<td><b>V\u00fdrobce<\/b><\/td>\n<td><span style=\"font-weight: 400;\">\u0158\u00ed\u0161e NGP<\/span><\/td>\n<\/tr>\n<tr>\n<td><b>P\u0159\u00edchu\u0165<\/b><\/td>\n<td><span style=\"font-weight: 400;\">B\u00edl\u00e1 k\u00e1va (kr\u00e9mov\u00e1, sladk\u00e1)<\/span><\/td>\n<\/tr>\n<tr>\n<td><b>Typ<\/b><\/td>\n<td><span style=\"font-weight: 400;\">Celob\u00edl\u00fd s\u00e1\u010dek, bez tab\u00e1ku<\/span><\/td>\n<\/tr>\n<\/tbody>\n<\/table>","protected":false},"excerpt":{"rendered":"<p>Hladk\u00fd, kr\u00e9mov\u00fd <strong data-start=\"15\" data-end=\"31\">b\u00edl\u00e1 k\u00e1va<\/strong> s lehk\u00fdm ml\u00e9\u010dn\u00fdm n\u00e1dechem a jemnou sladkost\u00ed. <strong data-start=\"80\" data-end=\"88\">Slim<\/strong>, beztab\u00e1kov\u00e9 s\u00e1\u010dky se nen\u00e1padn\u011b vkl\u00e1daj\u00ed pod ret a poskytuj\u00ed siln\u00fd, uspokojiv\u00fd pocit. Ka\u017ed\u00fd s\u00e1\u010dek obsahuje <strong data-start=\"191\" data-end=\"211\">12,8 mg nikotinu<\/strong> pro kav\u00e1renskou chu\u0165 na cest\u00e1ch.<\/p>","protected":false},"featured_media":10392,"comment_status":"open","ping_status":"closed","template":"","format":[206],"meta":{"_acf_changed":false},"product_brand":[],"product_cat":[64],"product_tag":[16676],"flavours":[192],"nicotine":[213,232],"class_list":{"0":"post-10391","1":"product","2":"type-product","3":"status-publish","4":"has-post-thumbnail","6":"product_cat-killa","7":"product_tag-12-8-mg-pouch","8":"pa_quantity-1-pack","9":"pa_quantity-10-pack","10":"pa_quantity-3-pack","11":"pa_quantity-30-pack","12":"pa_quantity-5-pack","13":"pa_quantity-60-pack","14":"flavours-coffee","15":"format-slim","16":"nicotine-16-mg-g","17":"nicotine-extra-strong","19":"first","20":"outofstock","21":"taxable","22":"shipping-taxable","23":"purchasable","24":"product-type-variable","25":"has-default-attributes"},"acf":[],"_links":{"self":[{"href":"https:\/\/whitelip.com\/cs\/wp-json\/wp\/v2\/product\/10391","targetHints":{"allow":["GET"]}}],"collection":[{"href":"https:\/\/whitelip.com\/cs\/wp-json\/wp\/v2\/product"}],"about":[{"href":"https:\/\/whitelip.com\/cs\/wp-json\/wp\/v2\/types\/product"}],"replies":[{"embeddable":true,"href":"https:\/\/whitelip.com\/cs\/wp-json\/wp\/v2\/comments?post=10391"}],"wp:featuredmedia":[{"embeddable":true,"href":"https:\/\/whitelip.com\/cs\/wp-json\/wp\/v2\/media\/10392"}],"wp:attachment":[{"href":"https:\/\/whitelip.com\/cs\/wp-json\/wp\/v2\/media?parent=10391"}],"wp:term":[{"taxonomy":"product_brand","embeddable":true,"href":"https:\/\/whitelip.com\/cs\/wp-json\/wp\/v2\/product_brand?post=10391"},{"taxonomy":"product_cat","embeddable":true,"href":"https:\/\/whitelip.com\/cs\/wp-json\/wp\/v2\/product_cat?post=10391"},{"taxonomy":"product_tag","embeddable":true,"href":"https:\/\/whitelip.com\/cs\/wp-json\/wp\/v2\/product_tag?post=10391"},{"taxonomy":"flavours","embeddable":true,"href":"https:\/\/whitelip.com\/cs\/wp-json\/wp\/v2\/flavours?post=10391"},{"taxonomy":"format","embeddable":true,"href":"https:\/\/whitelip.com\/cs\/wp-json\/wp\/v2\/format?post=10391"},{"taxonomy":"nicotine","embeddable":true,"href":"https:\/\/whitelip.com\/cs\/wp-json\/wp\/v2\/nicotine?post=10391"}],"curies":[{"name":"wp","href":"https:\/\/api.w.org\/{rel}","templated":true}]}}