{"id":10381,"date":"2025-04-16T12:25:42","date_gmt":"2025-04-16T12:25:42","guid":{"rendered":"https:\/\/whitelip.com\/killa-double-mint-large-portion-xxl\/"},"modified":"2026-04-28T10:11:26","modified_gmt":"2026-04-28T10:11:26","slug":"killa-double-mint-large-portion-xxl","status":"publish","type":"product","link":"https:\/\/whitelip.com\/cs\/killa\/killa-double-mint-large-portion-xxl\/","title":{"rendered":"KILLA Double Mint Velk\u00e1 porce XXL"},"content":{"rendered":"<h2><strong>KILLA Double Mint Velk\u00e1 porce XXL<\/strong><\/h2>\n<p class=\"\" data-start=\"100\" data-end=\"587\">KILLA Double Mint Large Portion XXL nab\u00edz\u00ed odv\u00e1\u017enou a ledovou kombinaci m\u00e1ty peprn\u00e9 a m\u00e1ty kopinat\u00e9, kter\u00e1 p\u0159in\u00e1\u0161\u00ed dvojn\u00e1sobek m\u00e1ty pro dvojn\u00e1sobn\u00e9 osv\u011b\u017een\u00ed. Tyto beztab\u00e1kov\u00e9 s\u00e1\u010dky jsou ur\u010deny pro zku\u0161en\u00e9 u\u017eivatele a p\u0159in\u00e1\u0161ej\u00ed siln\u00fd nikotinov\u00fd z\u00e1sah ve velk\u00e9 such\u00e9 porci, kter\u00e1 zlep\u0161uje uvol\u0148ov\u00e1n\u00ed chuti a prodlu\u017euje trvanlivost. S 30 s\u00e1\u010dky v plechovce zaji\u0161\u0165uje tato verze XXL dlouhotrvaj\u00edc\u00ed uspokojen\u00ed pro ty, kte\u0159\u00ed tou\u017e\u00ed po intenzivn\u00ed m\u00e1tov\u00e9 chuti a siln\u00e9m v\u00fdkonu v ka\u017ed\u00e9m s\u00e1\u010dku.<\/p>\n<table>\n<tbody>\n<tr>\n<td><b>Atribut<\/b><\/td>\n<td><b>Podrobnosti na<\/b><\/td>\n<\/tr>\n<tr>\n<td><b>Obsah na plechovku<\/b><\/td>\n<td><span style=\"font-weight: 400;\">24 g (30 s\u00e1\u010dk\u016f)<\/span><\/td>\n<\/tr>\n<tr>\n<td><b>Obsah nikotinu<\/b><\/td>\n<td><span style=\"font-weight: 400;\">16 mg\/g (12,8 mg na s\u00e1\u010dek)<\/span><\/td>\n<\/tr>\n<tr>\n<td><b>Form\u00e1t pouzdra<\/b><\/td>\n<td><span style=\"font-weight: 400;\">Velk\u00e1 such\u00e1 porce<\/span><\/td>\n<\/tr>\n<tr>\n<td><b>V\u00fdrobce<\/b><\/td>\n<td><span style=\"font-weight: 400;\">\u0158\u00ed\u0161e N.G.P.<\/span><\/td>\n<\/tr>\n<tr>\n<td><b>P\u0159\u00edchu\u0165<\/b><\/td>\n<td><span style=\"font-weight: 400;\">Dvojit\u00e1 m\u00e1ta (peprmint a m\u00e1ta zelen\u00e1)<\/span><\/td>\n<\/tr>\n<tr>\n<td><b>Typ<\/b><\/td>\n<td><span style=\"font-weight: 400;\">Celob\u00edl\u00fd s\u00e1\u010dek, bez tab\u00e1ku<\/span><\/td>\n<\/tr>\n<\/tbody>\n<\/table>","protected":false},"excerpt":{"rendered":"<p>Ostr\u00fd, ledov\u011b chladn\u00fd <strong data-start=\"16\" data-end=\"31\">Dvojit\u00e1 m\u00e1ta<\/strong> s odv\u00e1\u017en\u00fdm n\u00e1dechem m\u00e1ty a mentolu. <strong data-start=\"67\" data-end=\"88\">Velk\u00e1 porce XXL<\/strong>, beztab\u00e1kov\u00e9 s\u00e1\u010dky se nen\u00e1padn\u011b vkl\u00e1daj\u00ed pod rty a zaji\u0161\u0165uj\u00ed dlouhotrvaj\u00edc\u00ed intenzitu; <strong data-start=\"168\" data-end=\"190\">30 s\u00e1\u010dk\u016f v plechovce<\/strong>. Ka\u017ed\u00fd s\u00e1\u010dek obsahuje <strong data-start=\"212\" data-end=\"232\">12,8 mg nikotinu<\/strong>, a p\u0159in\u00e1\u0161\u00ed tak siln\u00fd a uspokojiv\u00fd \u00fader.<\/p>","protected":false},"featured_media":10382,"comment_status":"open","ping_status":"closed","template":"","format":[204],"meta":{"_acf_changed":false},"product_brand":[],"product_cat":[64],"product_tag":[16676],"flavours":[199],"nicotine":[213,232],"class_list":{"0":"post-10381","1":"product","2":"type-product","3":"status-publish","4":"has-post-thumbnail","6":"product_cat-killa","7":"product_tag-12-8-mg-pouch","8":"pa_quantity-1-pack","9":"pa_quantity-10-pack","10":"pa_quantity-3-pack","11":"pa_quantity-30-pack","12":"pa_quantity-5-pack","13":"pa_quantity-60-pack","14":"flavours-mint","15":"format-large","16":"nicotine-16-mg-g","17":"nicotine-extra-strong","19":"first","20":"outofstock","21":"taxable","22":"shipping-taxable","23":"purchasable","24":"product-type-variable","25":"has-default-attributes"},"acf":[],"_links":{"self":[{"href":"https:\/\/whitelip.com\/cs\/wp-json\/wp\/v2\/product\/10381","targetHints":{"allow":["GET"]}}],"collection":[{"href":"https:\/\/whitelip.com\/cs\/wp-json\/wp\/v2\/product"}],"about":[{"href":"https:\/\/whitelip.com\/cs\/wp-json\/wp\/v2\/types\/product"}],"replies":[{"embeddable":true,"href":"https:\/\/whitelip.com\/cs\/wp-json\/wp\/v2\/comments?post=10381"}],"wp:featuredmedia":[{"embeddable":true,"href":"https:\/\/whitelip.com\/cs\/wp-json\/wp\/v2\/media\/10382"}],"wp:attachment":[{"href":"https:\/\/whitelip.com\/cs\/wp-json\/wp\/v2\/media?parent=10381"}],"wp:term":[{"taxonomy":"product_brand","embeddable":true,"href":"https:\/\/whitelip.com\/cs\/wp-json\/wp\/v2\/product_brand?post=10381"},{"taxonomy":"product_cat","embeddable":true,"href":"https:\/\/whitelip.com\/cs\/wp-json\/wp\/v2\/product_cat?post=10381"},{"taxonomy":"product_tag","embeddable":true,"href":"https:\/\/whitelip.com\/cs\/wp-json\/wp\/v2\/product_tag?post=10381"},{"taxonomy":"flavours","embeddable":true,"href":"https:\/\/whitelip.com\/cs\/wp-json\/wp\/v2\/flavours?post=10381"},{"taxonomy":"format","embeddable":true,"href":"https:\/\/whitelip.com\/cs\/wp-json\/wp\/v2\/format?post=10381"},{"taxonomy":"nicotine","embeddable":true,"href":"https:\/\/whitelip.com\/cs\/wp-json\/wp\/v2\/nicotine?post=10381"}],"curies":[{"name":"wp","href":"https:\/\/api.w.org\/{rel}","templated":true}]}}