{"id":10371,"date":"2025-04-16T12:25:44","date_gmt":"2025-04-16T12:25:44","guid":{"rendered":"https:\/\/whitelip.com\/killa-cappuccino\/"},"modified":"2026-05-01T10:10:42","modified_gmt":"2026-05-01T10:10:42","slug":"killa-cappuccino","status":"publish","type":"product","link":"https:\/\/whitelip.com\/cs\/killa\/killa-cappuccino\/","title":{"rendered":"KILLA Cappuccino"},"content":{"rendered":"<h2><strong>KILLA Cappuccino<\/strong><\/h2>\n<p class=\"\" data-start=\"100\" data-end=\"587\">Nikotinov\u00e9 s\u00e1\u010dky KILLA Cappuccino p\u0159in\u00e1\u0161ej\u00ed bohat\u00fd a jemn\u00fd z\u00e1\u017eitek z k\u00e1vy, ve kter\u00e9 se m\u00eds\u00ed kr\u00e9mov\u00e1 chu\u0165 cappuccina s po\u0159\u00e1dnou d\u00e1vkou nikotinu. Tyto beztab\u00e1kov\u00e9 s\u00e1\u010dky jsou ide\u00e1ln\u00ed pro milovn\u00edky k\u00e1vy, kte\u0159\u00ed cht\u011bj\u00ed m\u00edt svou obl\u00edbenou chu\u0165 na cest\u00e1ch, a p\u0159edstavuj\u00ed diskr\u00e9tn\u00ed a uspokojivou alternativu k tradi\u010dn\u00edm nikotinov\u00fdm v\u00fdrobk\u016fm. Tenk\u00fd form\u00e1t zaji\u0161\u0165uje pohodln\u00e9 ulo\u017een\u00ed pod rty a p\u0159i ka\u017ed\u00e9m pou\u017eit\u00ed uvol\u0148uje h\u0159ejivou, po\u017eitk\u00e1\u0159skou chu\u0165 - bez kou\u0159e, bez rozruchu, jen s odv\u00e1\u017en\u00fdmi k\u00e1vov\u00fdmi vibracemi.<\/p>\n<table>\n<tbody>\n<tr>\n<td><b>Atribut<\/b><\/td>\n<td><b>Podrobnosti na<\/b><\/td>\n<\/tr>\n<tr>\n<td><b>Obsah na plechovku<\/b><\/td>\n<td><span style=\"font-weight: 400;\">16 g (20 s\u00e1\u010dk\u016f)<\/span><\/td>\n<\/tr>\n<tr>\n<td><b>Obsah nikotinu<\/b><\/td>\n<td><span style=\"font-weight: 400;\">16 mg\/g (12,8 mg na s\u00e1\u010dek)<\/span><\/td>\n<\/tr>\n<tr>\n<td><b>Form\u00e1t pouzdra<\/b><\/td>\n<td><span style=\"font-weight: 400;\">Slim<\/span><\/td>\n<\/tr>\n<tr>\n<td><b>V\u00fdrobce<\/b><\/td>\n<td><span style=\"font-weight: 400;\">\u0158\u00ed\u0161e NGP<\/span><\/td>\n<\/tr>\n<tr>\n<td><b>P\u0159\u00edchu\u0165<\/b><\/td>\n<td><span style=\"font-weight: 400;\">Cappuccino<\/span><\/td>\n<\/tr>\n<tr>\n<td><b>Typ<\/b><\/td>\n<td><span style=\"font-weight: 400;\">Celob\u00edl\u00fd s\u00e1\u010dek, bez tab\u00e1ku<\/span><\/td>\n<\/tr>\n<\/tbody>\n<\/table>","protected":false},"excerpt":{"rendered":"<p>Bohat\u00fd, hladk\u00fd <strong data-start=\"13\" data-end=\"27\">cappuccino<\/strong> s kr\u00e9mov\u00fdmi k\u00e1vov\u00fdmi t\u00f3ny a siln\u00fdm n\u00e1dechem. <strong data-start=\"71\" data-end=\"79\">Slim<\/strong>, beztab\u00e1kov\u00e9 s\u00e1\u010dky diskr\u00e9tn\u011b sed\u00ed pod rty a poskytuj\u00ed h\u0159ejivou, po\u017eitk\u00e1\u0159skou chu\u0165 na cest\u00e1ch. Ka\u017ed\u00fd s\u00e1\u010dek obsahuje <strong data-start=\"189\" data-end=\"209\">12,8 mg nikotinu<\/strong> pro siln\u00fd a uspokojiv\u00fd z\u00e1\u017eitek.<\/p>","protected":false},"featured_media":10372,"comment_status":"open","ping_status":"closed","template":"","format":[206],"meta":{"_acf_changed":false},"product_brand":[],"product_cat":[64],"product_tag":[16676],"flavours":[192],"nicotine":[213,232],"class_list":{"0":"post-10371","1":"product","2":"type-product","3":"status-publish","4":"has-post-thumbnail","6":"product_cat-killa","7":"product_tag-12-8-mg-pouch","8":"pa_quantity-1-pack","9":"pa_quantity-10-pack","10":"pa_quantity-3-pack","11":"pa_quantity-30-pack","12":"pa_quantity-5-pack","13":"pa_quantity-60-pack","14":"flavours-coffee","15":"format-slim","16":"nicotine-16-mg-g","17":"nicotine-extra-strong","19":"first","20":"outofstock","21":"taxable","22":"shipping-taxable","23":"purchasable","24":"product-type-variable"},"acf":[],"_links":{"self":[{"href":"https:\/\/whitelip.com\/cs\/wp-json\/wp\/v2\/product\/10371","targetHints":{"allow":["GET"]}}],"collection":[{"href":"https:\/\/whitelip.com\/cs\/wp-json\/wp\/v2\/product"}],"about":[{"href":"https:\/\/whitelip.com\/cs\/wp-json\/wp\/v2\/types\/product"}],"replies":[{"embeddable":true,"href":"https:\/\/whitelip.com\/cs\/wp-json\/wp\/v2\/comments?post=10371"}],"wp:featuredmedia":[{"embeddable":true,"href":"https:\/\/whitelip.com\/cs\/wp-json\/wp\/v2\/media\/10372"}],"wp:attachment":[{"href":"https:\/\/whitelip.com\/cs\/wp-json\/wp\/v2\/media?parent=10371"}],"wp:term":[{"taxonomy":"product_brand","embeddable":true,"href":"https:\/\/whitelip.com\/cs\/wp-json\/wp\/v2\/product_brand?post=10371"},{"taxonomy":"product_cat","embeddable":true,"href":"https:\/\/whitelip.com\/cs\/wp-json\/wp\/v2\/product_cat?post=10371"},{"taxonomy":"product_tag","embeddable":true,"href":"https:\/\/whitelip.com\/cs\/wp-json\/wp\/v2\/product_tag?post=10371"},{"taxonomy":"flavours","embeddable":true,"href":"https:\/\/whitelip.com\/cs\/wp-json\/wp\/v2\/flavours?post=10371"},{"taxonomy":"format","embeddable":true,"href":"https:\/\/whitelip.com\/cs\/wp-json\/wp\/v2\/format?post=10371"},{"taxonomy":"nicotine","embeddable":true,"href":"https:\/\/whitelip.com\/cs\/wp-json\/wp\/v2\/nicotine?post=10371"}],"curies":[{"name":"wp","href":"https:\/\/api.w.org\/{rel}","templated":true}]}}