{"id":10361,"date":"2025-04-16T12:25:47","date_gmt":"2025-04-16T12:25:47","guid":{"rendered":"https:\/\/whitelip.com\/killa-freeze-gold-large-portion-xxl\/"},"modified":"2026-03-06T21:01:42","modified_gmt":"2026-03-06T21:01:42","slug":"killa-freeze-gold-large-portion-xxl","status":"publish","type":"product","link":"https:\/\/whitelip.com\/cs\/killa\/killa-freeze-gold-large-portion-xxl\/","title":{"rendered":"KILLA Freeze Gold Velk\u00e1 porce XXL"},"content":{"rendered":"<h2><strong>KILLA Freeze Gold Velk\u00e1 porce XXL<\/strong><\/h2>\n<p class=\"\" data-start=\"100\" data-end=\"587\">KILLA Freeze Gold Large Portion XXL je konstruov\u00e1n pro ty, kte\u0159\u00ed hledaj\u00ed nic jin\u00e9ho ne\u017e \u0161pi\u010dkovou intenzitu. Baleno s extr\u00e9mn\u00edm 16,5 mg nikotinu na gram\u2014a na s\u00e1\u010dek\u2014tyto beznikotinov\u00e9 s\u00e1\u010dky jsou vytvo\u0159eny pro zku\u0161en\u00e9 u\u017eivatele, kte\u0159\u00ed tou\u017e\u00ed po mocn\u00e9m, pln\u00e9 s\u00edle z\u00e1\u017eitku. Ka\u017ed\u00fd velk\u00fd such\u00fd s\u00e1\u010dek poskytuje odv\u00e1\u017en\u00fd n\u00e1dech bez kompromisu, p\u0159i\u010dem\u017e zachov\u00e1v\u00e1 diskr\u00e9tnost a pohodl\u00ed. Pokud jste p\u0159ipraveni pro maximum v dod\u00e1vce nikotinu, KILLA Freeze Gold XXL poskytuje p\u0159esn\u011b to, bez kou\u0159e, bez nikotinu, jen \u010dist\u00fd v\u00fdkon.<\/p>\n<table>\n<tbody>\n<tr>\n<td><b>Atribut<\/b><\/td>\n<td><b>Podrobnosti na<\/b><\/td>\n<\/tr>\n<tr>\n<td><b>Obsah na plechovku<\/b><\/td>\n<td><span style=\"font-weight: 400;\">24 g (30 s\u00e1\u010dk\u016f)<\/span><\/td>\n<\/tr>\n<tr>\n<td><b>Obsah nikotinu<\/b><\/td>\n<td><span style=\"font-weight: 400;\">16,5 mg\/g (16,5 mg na s\u00e1\u010dek)<\/span><\/td>\n<\/tr>\n<tr>\n<td><b>Form\u00e1t pouzdra<\/b><\/td>\n<td><span style=\"font-weight: 400;\">Velk\u00e1 such\u00e1 porce<\/span><\/td>\n<\/tr>\n<tr>\n<td><b>V\u00fdrobce<\/b><\/td>\n<td><span style=\"font-weight: 400;\">\u0158\u00ed\u0161e N.G.P.<\/span><\/td>\n<\/tr>\n<tr>\n<td><b>P\u0159\u00edchu\u0165<\/b><\/td>\n<td><span style=\"font-weight: 400;\">Mrazivo (intenzivn\u00ed chlazen\u00ed)<\/span><\/td>\n<\/tr>\n<tr>\n<td><b>Typ<\/b><\/td>\n<td><span style=\"font-weight: 400;\">Celob\u00edl\u00fd s\u00e1\u010dek, bez tab\u00e1ku<\/span><\/td>\n<\/tr>\n<\/tbody>\n<\/table>","protected":false},"excerpt":{"rendered":"<p>Extr\u00e9mn\u00ed <strong data-start=\"8\" data-end=\"23\">Zmrazen\u00ed zlata<\/strong> intenzita pro zku\u0161en\u00e9 u\u017eivatele. <strong data-start=\"57\" data-end=\"82\">Velk\u00e1 such\u00e1 porce XXL<\/strong> beztab\u00e1kov\u00e9 s\u00e1\u010dky poskytuj\u00ed v\u00fdrazn\u00fd n\u00e1boj a z\u00e1rove\u0148 jsou diskr\u00e9tn\u00ed a pohodln\u00e9. Ka\u017ed\u00fd s\u00e1\u010dek obsahuje <strong data-start=\"183\" data-end=\"203\">16,5 mg nikotinu<\/strong> (<strong data-start=\"205\" data-end=\"218\">16,5 mg\/g<\/strong>) a poskytuje tak siln\u00fd z\u00e1\u017eitek v pln\u00e9 s\u00edle.<\/p>","protected":false},"featured_media":10362,"comment_status":"open","ping_status":"closed","template":"","format":[204],"meta":{"_acf_changed":false},"product_brand":[],"product_cat":[64],"product_tag":[16701],"flavours":[199],"nicotine":[213,232],"class_list":{"0":"post-10361","1":"product","2":"type-product","3":"status-publish","4":"has-post-thumbnail","6":"product_cat-killa","7":"product_tag-16-5-mg-pouch","8":"pa_quantity-1-pack","9":"pa_quantity-10-pack","10":"pa_quantity-3-pack","11":"pa_quantity-30-pack","12":"pa_quantity-5-pack","13":"pa_quantity-60-pack","14":"flavours-mint","15":"format-large","16":"nicotine-16-mg-g","17":"nicotine-extra-strong","19":"first","20":"outofstock","21":"taxable","22":"shipping-taxable","23":"purchasable","24":"product-type-variable"},"acf":[],"_links":{"self":[{"href":"https:\/\/whitelip.com\/cs\/wp-json\/wp\/v2\/product\/10361","targetHints":{"allow":["GET"]}}],"collection":[{"href":"https:\/\/whitelip.com\/cs\/wp-json\/wp\/v2\/product"}],"about":[{"href":"https:\/\/whitelip.com\/cs\/wp-json\/wp\/v2\/types\/product"}],"replies":[{"embeddable":true,"href":"https:\/\/whitelip.com\/cs\/wp-json\/wp\/v2\/comments?post=10361"}],"wp:featuredmedia":[{"embeddable":true,"href":"https:\/\/whitelip.com\/cs\/wp-json\/wp\/v2\/media\/10362"}],"wp:attachment":[{"href":"https:\/\/whitelip.com\/cs\/wp-json\/wp\/v2\/media?parent=10361"}],"wp:term":[{"taxonomy":"product_brand","embeddable":true,"href":"https:\/\/whitelip.com\/cs\/wp-json\/wp\/v2\/product_brand?post=10361"},{"taxonomy":"product_cat","embeddable":true,"href":"https:\/\/whitelip.com\/cs\/wp-json\/wp\/v2\/product_cat?post=10361"},{"taxonomy":"product_tag","embeddable":true,"href":"https:\/\/whitelip.com\/cs\/wp-json\/wp\/v2\/product_tag?post=10361"},{"taxonomy":"flavours","embeddable":true,"href":"https:\/\/whitelip.com\/cs\/wp-json\/wp\/v2\/flavours?post=10361"},{"taxonomy":"format","embeddable":true,"href":"https:\/\/whitelip.com\/cs\/wp-json\/wp\/v2\/format?post=10361"},{"taxonomy":"nicotine","embeddable":true,"href":"https:\/\/whitelip.com\/cs\/wp-json\/wp\/v2\/nicotine?post=10361"}],"curies":[{"name":"wp","href":"https:\/\/api.w.org\/{rel}","templated":true}]}}