{"id":10351,"date":"2025-04-16T12:25:50","date_gmt":"2025-04-16T12:25:50","guid":{"rendered":"https:\/\/whitelip.com\/killa-cold-dry-large-portion-xxl\/"},"modified":"2026-04-28T10:11:25","modified_gmt":"2026-04-28T10:11:25","slug":"killa-cold-dry-large-portion-xxl","status":"publish","type":"product","link":"https:\/\/whitelip.com\/cs\/killa\/killa-cold-dry-large-portion-xxl\/","title":{"rendered":"KILLA Cold Dry Large Portion XXL"},"content":{"rendered":"<h2><strong>KILLA Cold Dry Large Portion XXL<\/strong><\/h2>\n<p class=\"\" data-start=\"100\" data-end=\"587\">KILLA Cold Dry Large Portion XXL p\u0159in\u00e1\u0161\u00ed ostrou ledovou chu\u0165 s v\u00fdraznou sm\u011bs\u00ed m\u00e1ty a mentolu. Tyto beznikotinov\u00e9 s\u00e1\u010dky, vytvo\u0159en\u00e9 pro zku\u0161en\u00e9 u\u017eivatele, poskytuj\u00ed siln\u00fd z\u00e1\u017eitek v such\u00e9m form\u00e1tu, kter\u00fd zintenziv\u0148uje uvol\u0148ov\u00e1n\u00ed chuti a prodlu\u017euje trvanlivost. V\u011bt\u0161\u00ed porce maj\u00ed po\u0159\u00e1dnou s\u00edlu, tak\u017ee jsou ide\u00e1ln\u00ed pro ty, kte\u0159\u00ed tou\u017e\u00ed po siln\u00e9m nikotinov\u00e9m z\u00e1sahu, ani\u017e by museli slevit z diskr\u00e9tnosti. S 30 s\u00e1\u010dky v plechovce nab\u00edz\u00ed velikost XXL v\u00edce toho, co m\u00e1te r\u00e1di - dlouhotrvaj\u00edc\u00ed intenzivn\u00ed osv\u011b\u017een\u00ed v ka\u017ed\u00e9m s\u00e1\u010dku.<\/p>\n<table>\n<tbody>\n<tr>\n<td><b>Atribut<\/b><\/td>\n<td><b>Podrobnosti na<\/b><\/td>\n<\/tr>\n<tr>\n<td><b>Obsah na plechovku<\/b><\/td>\n<td><span style=\"font-weight: 400;\">24 g (30 s\u00e1\u010dk\u016f)<\/span><\/td>\n<\/tr>\n<tr>\n<td><b>Obsah nikotinu<\/b><\/td>\n<td><span style=\"font-weight: 400;\">16 mg\/g (12,8 mg na s\u00e1\u010dek)<\/span><\/td>\n<\/tr>\n<tr>\n<td><b>Form\u00e1t pouzdra<\/b><\/td>\n<td><span style=\"font-weight: 400;\">Velk\u00e1 such\u00e1 porce<\/span><\/td>\n<\/tr>\n<tr>\n<td><b>V\u00fdrobce<\/b><\/td>\n<td><span style=\"font-weight: 400;\">\u0158\u00ed\u0161e N.G.P.<\/span><\/td>\n<\/tr>\n<tr>\n<td><b>P\u0159\u00edchu\u0165<\/b><\/td>\n<td><span style=\"font-weight: 400;\">Ledov\u00e1 m\u00e1ta, mentol<\/span><\/td>\n<\/tr>\n<tr>\n<td><b>Typ<\/b><\/td>\n<td><span style=\"font-weight: 400;\">Celob\u00edl\u00fd s\u00e1\u010dek, bez tab\u00e1ku<\/span><\/td>\n<\/tr>\n<\/tbody>\n<\/table>","protected":false},"excerpt":{"rendered":"<p>Ostr\u00fd, ledov\u011b chladn\u00fd <strong data-start=\"16\" data-end=\"34\">m\u00e1ta a mentol<\/strong> pro intenzivn\u00ed a osv\u011b\u017euj\u00edc\u00ed n\u00e1boj. Bez tab\u00e1ku <strong data-start=\"81\" data-end=\"102\">Velk\u00e1 porce XXL<\/strong> s\u00e1\u010dky v <strong data-start=\"114\" data-end=\"128\">such\u00fd form\u00e1t<\/strong> pro siln\u011bj\u0161\u00ed uvol\u0148ov\u00e1n\u00ed a del\u0161\u00ed trvanlivost, a p\u0159itom se st\u00e1le nen\u00e1padn\u011b vejde pod ret. Ka\u017ed\u00e1 plechovka obsahuje <strong data-start=\"237\" data-end=\"251\">30 s\u00e1\u010dk\u016f<\/strong> pro dlouhodob\u00e9 a siln\u00e9 uspokojen\u00ed.<\/p>","protected":false},"featured_media":10352,"comment_status":"open","ping_status":"closed","template":"","format":[204],"meta":{"_acf_changed":false},"product_brand":[],"product_cat":[64],"product_tag":[16676],"flavours":[199],"nicotine":[213,232],"class_list":{"0":"post-10351","1":"product","2":"type-product","3":"status-publish","4":"has-post-thumbnail","6":"product_cat-killa","7":"product_tag-12-8-mg-pouch","8":"pa_quantity-1-pack","9":"pa_quantity-10-pack","10":"pa_quantity-3-pack","11":"pa_quantity-30-pack","12":"pa_quantity-5-pack","13":"pa_quantity-60-pack","14":"flavours-mint","15":"format-large","16":"nicotine-16-mg-g","17":"nicotine-extra-strong","19":"first","20":"outofstock","21":"taxable","22":"shipping-taxable","23":"purchasable","24":"product-type-variable","25":"has-default-attributes"},"acf":[],"_links":{"self":[{"href":"https:\/\/whitelip.com\/cs\/wp-json\/wp\/v2\/product\/10351","targetHints":{"allow":["GET"]}}],"collection":[{"href":"https:\/\/whitelip.com\/cs\/wp-json\/wp\/v2\/product"}],"about":[{"href":"https:\/\/whitelip.com\/cs\/wp-json\/wp\/v2\/types\/product"}],"replies":[{"embeddable":true,"href":"https:\/\/whitelip.com\/cs\/wp-json\/wp\/v2\/comments?post=10351"}],"wp:featuredmedia":[{"embeddable":true,"href":"https:\/\/whitelip.com\/cs\/wp-json\/wp\/v2\/media\/10352"}],"wp:attachment":[{"href":"https:\/\/whitelip.com\/cs\/wp-json\/wp\/v2\/media?parent=10351"}],"wp:term":[{"taxonomy":"product_brand","embeddable":true,"href":"https:\/\/whitelip.com\/cs\/wp-json\/wp\/v2\/product_brand?post=10351"},{"taxonomy":"product_cat","embeddable":true,"href":"https:\/\/whitelip.com\/cs\/wp-json\/wp\/v2\/product_cat?post=10351"},{"taxonomy":"product_tag","embeddable":true,"href":"https:\/\/whitelip.com\/cs\/wp-json\/wp\/v2\/product_tag?post=10351"},{"taxonomy":"flavours","embeddable":true,"href":"https:\/\/whitelip.com\/cs\/wp-json\/wp\/v2\/flavours?post=10351"},{"taxonomy":"format","embeddable":true,"href":"https:\/\/whitelip.com\/cs\/wp-json\/wp\/v2\/format?post=10351"},{"taxonomy":"nicotine","embeddable":true,"href":"https:\/\/whitelip.com\/cs\/wp-json\/wp\/v2\/nicotine?post=10351"}],"curies":[{"name":"wp","href":"https:\/\/api.w.org\/{rel}","templated":true}]}}