{"id":10346,"date":"2025-04-14T13:55:26","date_gmt":"2025-04-14T13:55:26","guid":{"rendered":"https:\/\/whitelip.com\/zyn-violet-licorice-9mg\/"},"modified":"2026-04-13T17:44:33","modified_gmt":"2026-04-13T17:44:33","slug":"zyn-violet-licorice-9mg","status":"publish","type":"product","link":"https:\/\/whitelip.com\/cs\/zyn\/zyn-violet-licorice-9mg\/","title":{"rendered":"ZYN Violet Licorice 9mg"},"content":{"rendered":"<h2><strong>ZYN Violet Licorice 9mg<\/strong><\/h2>\n<p><span style=\"font-weight: 400;\">ZYN Violet Licorice 9mg nab\u00edz\u00ed v\u00fdrazn\u00fd a chutn\u00fd nikotinov\u00fd z\u00e1\u017eitek, kter\u00fd kombinuje bohat\u00e9 chut\u011b sladk\u00e9ho l\u00e9ko\u0159ice, kv\u011btinov\u00e9 fialky a n\u00e1znak slan\u00e9ho salmiaku. Ka\u017ed\u00fd tenk\u00fd, zcela b\u00edl\u00fd s\u00e1\u010dek obsahuje 9 mg nikotinu, co\u017e zaji\u0161\u0165uje vyv\u00e1\u017een\u00e9 a stabiln\u00ed uvol\u0148ov\u00e1n\u00ed, ide\u00e1ln\u00ed pro ty, kte\u0159\u00ed hledaj\u00ed m\u00edrnou nikotinovou variantu.<\/span><\/p>\n<p><span style=\"font-weight: 400;\">Tenk\u00fd form\u00e1t zaji\u0161\u0165uje diskr\u00e9tn\u00ed a pohodln\u00e9 ulo\u017een\u00ed pod ret, co\u017e umo\u017e\u0148uje \u010dist\u00e9 pou\u017eit\u00ed bez skvrn kdykoli. ZYN Violet Licorice 9mg, vyroben\u00fd v\u00fdhradn\u011b z vysoce kvalitn\u00edch rostlinn\u00fdch materi\u00e1l\u016f, nab\u00edz\u00ed modern\u00ed a p\u0159\u00edjemnou nikotinovou alternativu s jedine\u010dn\u00fdm chu\u0165ov\u00fdm profilem.<\/span><\/p>\n<table>\n<tbody>\n<tr>\n<td><b>Atribut<\/b><\/td>\n<td><b>Podrobnosti na<\/b><\/td>\n<\/tr>\n<tr>\n<td><span style=\"font-weight: 400;\">Zna\u010dka<\/span><\/td>\n<td><span style=\"font-weight: 400;\">ZYN<\/span><\/td>\n<\/tr>\n<tr>\n<td><span style=\"font-weight: 400;\">Typ v\u00fdrobku<\/span><\/td>\n<td><span style=\"font-weight: 400;\">V\u0161echny b\u00edl\u00e9 nikotinov\u00e9 s\u00e1\u010dky<\/span><\/td>\n<\/tr>\n<tr>\n<td><span style=\"font-weight: 400;\">Form\u00e1t<\/span><\/td>\n<td><span style=\"font-weight: 400;\">Slim<\/span><\/td>\n<\/tr>\n<tr>\n<td><span style=\"font-weight: 400;\">P\u0159\u00edchu\u0165<\/span><\/td>\n<td><span style=\"font-weight: 400;\">L\u00e9ko\u0159ice, Fialka a Salmiak<\/span><\/td>\n<\/tr>\n<tr>\n<td><span style=\"font-weight: 400;\">S\u00edla nikotinu<\/span><\/td>\n<td><span style=\"font-weight: 400;\">9 mg na s\u00e1\u010dek<\/span><\/td>\n<\/tr>\n<tr>\n<td><span style=\"font-weight: 400;\">Hmotnost porce<\/span><\/td>\n<td><span style=\"font-weight: 400;\">0,7 gramu<\/span><\/td>\n<\/tr>\n<tr>\n<td><span style=\"font-weight: 400;\">Po\u010det porc\u00ed<\/span><\/td>\n<td><span style=\"font-weight: 400;\">21 za plechovku<\/span><\/td>\n<\/tr>\n<tr>\n<td><span style=\"font-weight: 400;\">Celkov\u00e1 hmotnost plechovky<\/span><\/td>\n<td><span style=\"font-weight: 400;\">14,7 gram\u016f<\/span><\/td>\n<\/tr>\n<tr>\n<td><span style=\"font-weight: 400;\">V\u00fdrobce<\/span><\/td>\n<td><span style=\"font-weight: 400;\">\u0160v\u00e9dsk\u00e1 z\u00e1palka<\/span><\/td>\n<\/tr>\n<tr>\n<td><span style=\"font-weight: 400;\">Pozoruhodn\u00e9 funkce<\/span><\/td>\n<td><span style=\"font-weight: 400;\">Bez tab\u00e1ku, tenk\u00fd form\u00e1t, jedine\u010dn\u00e1 l\u00e9ko\u0159icov\u00e1 a kv\u011btinov\u00e1 p\u0159\u00edchu\u0165<\/span><\/td>\n<\/tr>\n<\/tbody>\n<\/table>","protected":false},"excerpt":{"rendered":"<p><strong>Nov\u00fd design! B\u011bhem p\u0159echodu mohou b\u00fdt prod\u00e1v\u00e1ny oba designy.<\/strong><\/p>\n<p>ZYN <strong data-start=\"4\" data-end=\"23\">Fialov\u00e1 l\u00e9ko\u0159ice<\/strong> <strong data-start=\"24\" data-end=\"32\">slim<\/strong> kombinuje sladkou l\u00e9ko\u0159ici, kv\u011btinovou fialku a n\u00e1znak slan\u00e9ho salmiaku a vytv\u00e1\u0159\u00ed tak v\u00fdrazn\u00fd, jemn\u00fd profil. Celob\u00edl\u00e9 s\u00e1\u010dky jsou diskr\u00e9tn\u00ed a pohodln\u00e9. Ka\u017ed\u00fd s\u00e1\u010dek obsahuje <strong data-start=\"208\" data-end=\"225\">9 mg nikotinu<\/strong> pro vyv\u00e1\u017een\u00e9 a stabiln\u00ed uvoln\u011bn\u00ed.<\/p>","protected":false},"featured_media":10347,"comment_status":"open","ping_status":"closed","template":"","format":[206],"meta":{"_acf_changed":false},"product_brand":[],"product_cat":[37],"product_tag":[16563],"flavours":[198,202],"nicotine":[231,236],"class_list":{"0":"post-10346","1":"product","2":"type-product","3":"status-publish","4":"has-post-thumbnail","6":"product_cat-zyn","7":"product_tag-9-mg-pouch","8":"pa_quantity-1-pack","9":"pa_quantity-10-pack","10":"pa_quantity-3-pack","11":"pa_quantity-30-pack","12":"pa_quantity-5-pack","13":"pa_quantity-60-pack","14":"flavours-licorice","15":"flavours-violet","16":"format-slim","17":"nicotine-9-mg-g","18":"nicotine-strong","20":"first","21":"instock","22":"taxable","23":"shipping-taxable","24":"purchasable","25":"product-type-variable","26":"has-default-attributes"},"acf":[],"_links":{"self":[{"href":"https:\/\/whitelip.com\/cs\/wp-json\/wp\/v2\/product\/10346","targetHints":{"allow":["GET"]}}],"collection":[{"href":"https:\/\/whitelip.com\/cs\/wp-json\/wp\/v2\/product"}],"about":[{"href":"https:\/\/whitelip.com\/cs\/wp-json\/wp\/v2\/types\/product"}],"replies":[{"embeddable":true,"href":"https:\/\/whitelip.com\/cs\/wp-json\/wp\/v2\/comments?post=10346"}],"wp:featuredmedia":[{"embeddable":true,"href":"https:\/\/whitelip.com\/cs\/wp-json\/wp\/v2\/media\/10347"}],"wp:attachment":[{"href":"https:\/\/whitelip.com\/cs\/wp-json\/wp\/v2\/media?parent=10346"}],"wp:term":[{"taxonomy":"product_brand","embeddable":true,"href":"https:\/\/whitelip.com\/cs\/wp-json\/wp\/v2\/product_brand?post=10346"},{"taxonomy":"product_cat","embeddable":true,"href":"https:\/\/whitelip.com\/cs\/wp-json\/wp\/v2\/product_cat?post=10346"},{"taxonomy":"product_tag","embeddable":true,"href":"https:\/\/whitelip.com\/cs\/wp-json\/wp\/v2\/product_tag?post=10346"},{"taxonomy":"flavours","embeddable":true,"href":"https:\/\/whitelip.com\/cs\/wp-json\/wp\/v2\/flavours?post=10346"},{"taxonomy":"format","embeddable":true,"href":"https:\/\/whitelip.com\/cs\/wp-json\/wp\/v2\/format?post=10346"},{"taxonomy":"nicotine","embeddable":true,"href":"https:\/\/whitelip.com\/cs\/wp-json\/wp\/v2\/nicotine?post=10346"}],"curies":[{"name":"wp","href":"https:\/\/api.w.org\/{rel}","templated":true}]}}