{"id":10320,"date":"2025-04-08T11:45:07","date_gmt":"2025-04-08T11:45:07","guid":{"rendered":"https:\/\/whitelip.com\/apres-tangerine-spritz-mini\/"},"modified":"2026-05-11T10:11:37","modified_gmt":"2026-05-11T10:11:37","slug":"apres-tangerine-spritz-mini","status":"publish","type":"product","link":"https:\/\/whitelip.com\/cs\/apres\/apres-tangerine-spritz-mini\/","title":{"rendered":"APR\u00c8S Tangerine Spritz Mini"},"content":{"rendered":"<h2><strong>APR\u00c8S Tangerine Spritz Mini<\/strong><\/h2>\n<p><span style=\"font-weight: 400;\">APR\u00c8S Tangerine Spritz Mini nikotinov\u00e9 s\u00e1\u010dky zachycuj\u00ed \u017eivou esenci \u010derstv\u011b vyma\u010dkan\u00e9 mandarinkov\u00e9 \u0161\u0165\u00e1vy a p\u0159in\u00e1\u0161ej\u00ed p\u0159irozen\u00fd a ovocn\u00fd chu\u0165ov\u00fd profil. Ka\u017ed\u00fd miniaturn\u00ed, celob\u00edl\u00fd s\u00e1\u010dek obsahuje 3,2<\/span><span style=\"font-weight: 400;\">\u00a0mg nikotinu, co\u017e nab\u00edz\u00ed m\u00edrn\u00fd z\u00e1\u017eitek vhodn\u00fd pro ty, kte\u0159\u00ed hledaj\u00ed jemn\u00fd nikotinov\u00fd efekt. Diskr\u00e9tn\u00ed design zaji\u0161\u0165uje pohodln\u00e9 uchycen\u00ed pod rty, co\u017e umo\u017e\u0148uje pou\u017eit\u00ed kdykoli bez zabarven\u00ed zub\u016f. Tyto beztab\u00e1kov\u00e9 s\u00e1\u010dky, vyr\u00e1b\u011bn\u00e9 spole\u010dnost\u00ed APR\u00c8S Nicotine AB, jsou p\u0159\u00edkladem vysoce kvalitn\u00edch standard\u016f a inovativn\u00edch kombinac\u00ed p\u0159\u00edchut\u00ed.<\/span><\/p>\n<table>\n<tbody>\n<tr>\n<td><b>Atribut<\/b><\/td>\n<td><b>Podrobnosti na<\/b><\/td>\n<\/tr>\n<tr>\n<td><b>Obsah na plechovku<\/b><\/td>\n<td><span style=\"font-weight: 400;\">11 g (20 s\u00e1\u010dk\u016f)<\/span><\/td>\n<\/tr>\n<tr>\n<td><b>Obsah nikotinu<\/b><\/td>\n<td><span style=\"font-weight: 400;\">8 mg\/g (3,2 mg na s\u00e1\u010dek)<\/span><\/td>\n<\/tr>\n<tr>\n<td><b>Form\u00e1t pouzdra<\/b><\/td>\n<td><span style=\"font-weight: 400;\">Mini<\/span><\/td>\n<\/tr>\n<tr>\n<td><b>V\u00fdrobce<\/b><\/td>\n<td><span style=\"font-weight: 400;\">APR\u00c8S Nicotine AB<\/span><\/td>\n<\/tr>\n<tr>\n<td><b>P\u0159\u00edchu\u0165<\/b><\/td>\n<td><span style=\"font-weight: 400;\">Mandar\u00ednsk\u00e1<\/span><\/td>\n<\/tr>\n<tr>\n<td><b>Typ<\/b><\/td>\n<td><span style=\"font-weight: 400;\">Celob\u00edl\u00e9 pouzdro<\/span><\/td>\n<\/tr>\n<\/tbody>\n<\/table>","protected":false},"excerpt":{"rendered":"<p>Jasn\u00e9, p\u0159irozen\u00e9 <strong data-start=\"16\" data-end=\"38\">mandarinka\/mandarin<\/strong> s \u010derstv\u011b vyma\u010dkan\u00fdm ovocn\u00fdm n\u00e1dechem. Na <strong data-start=\"81\" data-end=\"100\">mini, <\/strong>celob\u00edl\u00e9 s\u00e1\u010dky se diskr\u00e9tn\u011b a pohodln\u011b ukl\u00e1daj\u00ed pod rty, abyste je mohli pou\u017e\u00edvat kdykoli a \u010dist\u011b. Ka\u017ed\u00fd s\u00e1\u010dek obsahuje <strong data-start=\"199\" data-end=\"218\">3,2 mg nikotinu<\/strong>, kter\u00e1 p\u0159in\u00e1\u0161\u00ed jemn\u00fd a pohodov\u00fd z\u00e1\u017eitek od spole\u010dnosti APR\u00c8S Nicotine AB.<\/p>","protected":false},"featured_media":10321,"comment_status":"open","ping_status":"closed","template":"","format":[205],"meta":{"_acf_changed":false},"product_brand":[],"product_cat":[41],"product_tag":[16555],"flavours":[190],"nicotine":[230,236],"class_list":{"0":"post-10320","1":"product","2":"type-product","3":"status-publish","4":"has-post-thumbnail","6":"product_cat-apres","7":"product_tag-3-2-mg-pouch","8":"pa_quantity-1-pack","9":"pa_quantity-10-pack","10":"pa_quantity-3-pack","11":"pa_quantity-30-pack","12":"pa_quantity-5-pack","13":"pa_quantity-60-pack","14":"flavours-citrus","15":"format-mini","16":"nicotine-8-mg-g","17":"nicotine-strong","19":"first","20":"outofstock","21":"taxable","22":"shipping-taxable","23":"purchasable","24":"product-type-variable"},"acf":[],"_links":{"self":[{"href":"https:\/\/whitelip.com\/cs\/wp-json\/wp\/v2\/product\/10320","targetHints":{"allow":["GET"]}}],"collection":[{"href":"https:\/\/whitelip.com\/cs\/wp-json\/wp\/v2\/product"}],"about":[{"href":"https:\/\/whitelip.com\/cs\/wp-json\/wp\/v2\/types\/product"}],"replies":[{"embeddable":true,"href":"https:\/\/whitelip.com\/cs\/wp-json\/wp\/v2\/comments?post=10320"}],"wp:featuredmedia":[{"embeddable":true,"href":"https:\/\/whitelip.com\/cs\/wp-json\/wp\/v2\/media\/10321"}],"wp:attachment":[{"href":"https:\/\/whitelip.com\/cs\/wp-json\/wp\/v2\/media?parent=10320"}],"wp:term":[{"taxonomy":"product_brand","embeddable":true,"href":"https:\/\/whitelip.com\/cs\/wp-json\/wp\/v2\/product_brand?post=10320"},{"taxonomy":"product_cat","embeddable":true,"href":"https:\/\/whitelip.com\/cs\/wp-json\/wp\/v2\/product_cat?post=10320"},{"taxonomy":"product_tag","embeddable":true,"href":"https:\/\/whitelip.com\/cs\/wp-json\/wp\/v2\/product_tag?post=10320"},{"taxonomy":"flavours","embeddable":true,"href":"https:\/\/whitelip.com\/cs\/wp-json\/wp\/v2\/flavours?post=10320"},{"taxonomy":"format","embeddable":true,"href":"https:\/\/whitelip.com\/cs\/wp-json\/wp\/v2\/format?post=10320"},{"taxonomy":"nicotine","embeddable":true,"href":"https:\/\/whitelip.com\/cs\/wp-json\/wp\/v2\/nicotine?post=10320"}],"curies":[{"name":"wp","href":"https:\/\/api.w.org\/{rel}","templated":true}]}}