{"id":10305,"date":"2025-04-08T11:30:04","date_gmt":"2025-04-08T11:30:04","guid":{"rendered":"https:\/\/whitelip.com\/apres-lemon-curd-hyper-strong\/"},"modified":"2026-04-30T10:11:03","modified_gmt":"2026-04-30T10:11:03","slug":"apres-lemon-curd-hyper-strong","status":"publish","type":"product","link":"https:\/\/whitelip.com\/cs\/apres\/apres-lemon-curd-hyper-strong\/","title":{"rendered":"APR\u00c8S Lemon Curd Hyp\u00e8r Strong"},"content":{"rendered":"<h2><strong>APR\u00c8S Lemon Curd Hyp\u00e8r Strong<\/strong><\/h2>\n<p><span style=\"font-weight: 400;\">APR\u00c8S Lemon Curd Hyp\u00e8r Siln\u00e9 nikotinov\u00e9 s\u00e1\u010dky p\u0159in\u00e1\u0161ej\u00ed sladkou a pikantn\u00ed citronovou p\u0159\u00edchu\u0165 p\u0159ipom\u00ednaj\u00edc\u00ed klasick\u00fd citronov\u00fd tvaroh. Ka\u017ed\u00fd tenk\u00fd, celob\u00edl\u00fd s\u00e1\u010dek obsahuje 11 mg nikotinu a poskytuje siln\u00fd pocit vhodn\u00fd pro zku\u0161en\u00e9 u\u017eivatele. Diskr\u00e9tn\u00ed design zaji\u0161\u0165uje pohodln\u00e9 uchycen\u00ed pod rty, co\u017e umo\u017e\u0148uje u\u017e\u00edv\u00e1n\u00ed kdykoli bez pot\u0159\u00edsn\u011bn\u00ed zub\u016f. Tyto beztab\u00e1kov\u00e9 s\u00e1\u010dky, vyr\u00e1b\u011bn\u00e9 spole\u010dnost\u00ed APR\u00c8S Nicotine AB, jsou p\u0159\u00edkladem vysoce kvalitn\u00edch standard\u016f a inovativn\u00edch kombinac\u00ed p\u0159\u00edchut\u00ed.<\/span><\/p>\n<table>\n<tbody>\n<tr>\n<td><b>Atribut<\/b><\/td>\n<td><b>Podrobnosti na<\/b><\/td>\n<\/tr>\n<tr>\n<td><b>Obsah na plechovku<\/b><\/td>\n<td><span style=\"font-weight: 400;\">11 g (20 s\u00e1\u010dk\u016f)<\/span><\/td>\n<\/tr>\n<tr>\n<td><b>Obsah nikotinu<\/b><\/td>\n<td><span style=\"font-weight: 400;\">20 mg\/g (11 mg na s\u00e1\u010dek)<\/span><\/td>\n<\/tr>\n<tr>\n<td><b>Form\u00e1t pouzdra<\/b><\/td>\n<td><span style=\"font-weight: 400;\">Slim<\/span><\/td>\n<\/tr>\n<tr>\n<td><b>V\u00fdrobce<\/b><\/td>\n<td><span style=\"font-weight: 400;\">APR\u00c8S Nicotine AB<\/span><\/td>\n<\/tr>\n<tr>\n<td><b>P\u0159\u00edchu\u0165<\/b><\/td>\n<td><span style=\"font-weight: 400;\">Citronov\u00fd tvaroh<\/span><\/td>\n<\/tr>\n<tr>\n<td><b>Typ<\/b><\/td>\n<td><span style=\"font-weight: 400;\">Celob\u00edl\u00e9 pouzdro<\/span><\/td>\n<\/tr>\n<\/tbody>\n<\/table>\n<p>\u00a0<\/p>","protected":false},"excerpt":{"rendered":"<p>Sladk\u00fd, pikantn\u00ed <strong data-start=\"13\" data-end=\"27\">citronov\u00fd tvaroh<\/strong> pro z\u00e1\u0159iv\u00fd citrusov\u00fd n\u00e1dech p\u0159ipom\u00ednaj\u00edc\u00ed dezert. Na <strong data-start=\"71\" data-end=\"90\">\u0161t\u00edhl\u00fd, <\/strong>celob\u00edl\u00e9 s\u00e1\u010dky diskr\u00e9tn\u011b a pohodln\u011b sed\u00ed pod rty a umo\u017e\u0148uj\u00ed \u010dist\u00e9 a kdykoli pou\u017eiteln\u00e9 pou\u017eit\u00ed. Ka\u017ed\u00fd s\u00e1\u010dek obsahuje <strong data-start=\"188\" data-end=\"206\">11 mg nikotinu<\/strong>, kter\u00e1 p\u0159in\u00e1\u0161\u00ed robustn\u00ed z\u00e1\u017eitek Hyp\u00e8r Strong od spole\u010dnosti APR\u00c8S Nicotine AB.<\/p>","protected":false},"featured_media":10306,"comment_status":"open","ping_status":"closed","template":"","format":[206],"meta":{"_acf_changed":false},"product_brand":[],"product_cat":[41],"product_tag":[16551],"flavours":[190],"nicotine":[218,232],"class_list":{"0":"post-10305","1":"product","2":"type-product","3":"status-publish","4":"has-post-thumbnail","6":"product_cat-apres","7":"product_tag-11-mg-pouch","8":"pa_quantity-1-pack","9":"pa_quantity-10-pack","10":"pa_quantity-3-pack","11":"pa_quantity-30-pack","12":"pa_quantity-5-pack","13":"pa_quantity-60-pack","14":"flavours-citrus","15":"format-slim","16":"nicotine-20-mg-g","17":"nicotine-extra-strong","19":"first","20":"instock","21":"taxable","22":"shipping-taxable","23":"purchasable","24":"product-type-variable"},"acf":[],"_links":{"self":[{"href":"https:\/\/whitelip.com\/cs\/wp-json\/wp\/v2\/product\/10305","targetHints":{"allow":["GET"]}}],"collection":[{"href":"https:\/\/whitelip.com\/cs\/wp-json\/wp\/v2\/product"}],"about":[{"href":"https:\/\/whitelip.com\/cs\/wp-json\/wp\/v2\/types\/product"}],"replies":[{"embeddable":true,"href":"https:\/\/whitelip.com\/cs\/wp-json\/wp\/v2\/comments?post=10305"}],"wp:featuredmedia":[{"embeddable":true,"href":"https:\/\/whitelip.com\/cs\/wp-json\/wp\/v2\/media\/10306"}],"wp:attachment":[{"href":"https:\/\/whitelip.com\/cs\/wp-json\/wp\/v2\/media?parent=10305"}],"wp:term":[{"taxonomy":"product_brand","embeddable":true,"href":"https:\/\/whitelip.com\/cs\/wp-json\/wp\/v2\/product_brand?post=10305"},{"taxonomy":"product_cat","embeddable":true,"href":"https:\/\/whitelip.com\/cs\/wp-json\/wp\/v2\/product_cat?post=10305"},{"taxonomy":"product_tag","embeddable":true,"href":"https:\/\/whitelip.com\/cs\/wp-json\/wp\/v2\/product_tag?post=10305"},{"taxonomy":"flavours","embeddable":true,"href":"https:\/\/whitelip.com\/cs\/wp-json\/wp\/v2\/flavours?post=10305"},{"taxonomy":"format","embeddable":true,"href":"https:\/\/whitelip.com\/cs\/wp-json\/wp\/v2\/format?post=10305"},{"taxonomy":"nicotine","embeddable":true,"href":"https:\/\/whitelip.com\/cs\/wp-json\/wp\/v2\/nicotine?post=10305"}],"curies":[{"name":"wp","href":"https:\/\/api.w.org\/{rel}","templated":true}]}}