{"id":10280,"date":"2025-04-08T10:12:14","date_gmt":"2025-04-08T10:12:14","guid":{"rendered":"https:\/\/whitelip.com\/chainpop-peppermint-ice\/"},"modified":"2026-03-09T17:49:00","modified_gmt":"2026-03-09T17:49:00","slug":"chainpop-peppermint-ice","status":"publish","type":"product","link":"https:\/\/whitelip.com\/cs\/chainpop\/chainpop-peppermint-ice\/","title":{"rendered":"CHAINPOP Peppermint &amp; Ice"},"content":{"rendered":"<h2><strong>CH<\/strong><strong>AINPOP Peppermint &amp; Ice<\/strong><\/h2>\n<p><span style=\"font-size: 16px;\">Vychutnejte si \u010distou, ledovou chu\u0165 m\u00e1ty v o n\u011bco v\u011bt\u0161\u00edm s\u00e1\u010dku ur\u010den\u00e9m pro siln\u011bj\u0161\u00ed a d\u00e9le trvaj\u00edc\u00ed z\u00e1\u017eitek z nikotinu. Tato sv\u011b\u017e\u00ed a osv\u011b\u017euj\u00edc\u00ed m\u00e1ta je chladn\u00e1 a neutr\u00e1ln\u00ed\u2014dokonal\u00e1 pro ka\u017edodenn\u00ed pou\u017eit\u00ed. M\u011bkk\u00fd a pohodln\u00fd pod rtancem, s\u00e1\u010dek poskytuje hladk\u00e9 uvol\u0148ov\u00e1n\u00ed bez k\u00e1p\u00e1n\u00ed. A\u0165 ji\u017e hled\u00e1te sv\u011b\u017e\u00ed pocit nebo st\u00e1l\u00fd nikotinov\u00fd \u00fa\u010dinek, tento \u0161v\u00e9dsk\u00fd s\u00e1\u010dek poskytuje oboj\u00ed s pr\u00e9miovou kvalitou a p\u0159esnost\u00ed. Chladn\u00fd klasik, vytvo\u0159en\u00fd pro rovnov\u00e1hu, pohodl\u00ed a dlouhov\u011bkost.<\/span><\/p>\n<table>\n<tbody>\n<tr>\n<td><b>Atribut<\/b><\/td>\n<td><b>Podrobnosti na<\/b><\/td>\n<\/tr>\n<tr>\n<td><b>Obsah na plechovku<\/b><\/td>\n<td><span style=\"font-weight: 400;\">10 g (20 s\u00e1\u010dk\u016f)<\/span><\/td>\n<\/tr>\n<tr>\n<td><b>Obsah nikotinu<\/b><\/td>\n<td><span style=\"font-weight: 400;\">17 mg\/g (12 mg na s\u00e1\u010dek)<\/span><\/td>\n<\/tr>\n<tr>\n<td><b>Form\u00e1t pouzdra<\/b><\/td>\n<td><span style=\"font-weight: 400;\">Slim<\/span><\/td>\n<\/tr>\n<tr>\n<td><b>V\u00fdrobce<\/b><\/td>\n<td><span style=\"font-weight: 400;\">Chainpop AB<\/span><\/td>\n<\/tr>\n<tr>\n<td><b>P\u0159\u00edchu\u0165<\/b><\/td>\n<td><span style=\"font-weight: 400;\">M\u00e1ta peprn\u00e1<\/span><\/td>\n<\/tr>\n<tr>\n<td><b>Typ<\/b><\/td>\n<td><span style=\"font-weight: 400;\">Celob\u00edl\u00e9 pouzdro<\/span><\/td>\n<\/tr>\n<\/tbody>\n<\/table>","protected":false},"excerpt":{"rendered":"<p>\u010cist\u00fd, ledov\u00fd <strong data-start=\"11\" data-end=\"19\">m\u00e1ta<\/strong> s ostr\u00fdm, neutr\u00e1ln\u00edm profilem. M\u00edrn\u011b v\u011bt\u0161\u00ed s\u00e1\u010dek m\u011bkce sed\u00ed pod rty a hladce se uvol\u0148uje bez kap\u00e1n\u00ed. Ka\u017ed\u00fd s\u00e1\u010dek obsahuje <strong data-start=\"163\" data-end=\"191\">12 mg nikotinu v jednom s\u00e1\u010dku<\/strong>, co\u017e p\u0159in\u00e1\u0161\u00ed siln\u011bj\u0161\u00ed a d\u00e9le trvaj\u00edc\u00ed z\u00e1\u017eitek. Vyrobeno ve \u0160v\u00e9dsku pro vyv\u00e1\u017eenost, pohodl\u00ed a dlouhou \u017eivotnost.<\/p>","protected":false},"featured_media":3357,"comment_status":"open","ping_status":"closed","template":"","format":[206],"meta":{"_acf_changed":false},"product_brand":[],"product_cat":[106],"product_tag":[16561],"flavours":[199],"nicotine":[214,232],"class_list":{"0":"post-10280","1":"product","2":"type-product","3":"status-publish","4":"has-post-thumbnail","6":"product_cat-chainpop","7":"product_tag-12-mg-pouch","8":"pa_quantity-1-pack","9":"pa_quantity-10-pack","10":"pa_quantity-3-pack","11":"pa_quantity-30-pack","12":"pa_quantity-5-pack","13":"pa_quantity-60-pack","14":"flavours-mint","15":"format-slim","16":"nicotine-17-mg-g","17":"nicotine-extra-strong","19":"first","20":"outofstock","21":"taxable","22":"shipping-taxable","23":"purchasable","24":"product-type-variable"},"acf":[],"_links":{"self":[{"href":"https:\/\/whitelip.com\/cs\/wp-json\/wp\/v2\/product\/10280","targetHints":{"allow":["GET"]}}],"collection":[{"href":"https:\/\/whitelip.com\/cs\/wp-json\/wp\/v2\/product"}],"about":[{"href":"https:\/\/whitelip.com\/cs\/wp-json\/wp\/v2\/types\/product"}],"replies":[{"embeddable":true,"href":"https:\/\/whitelip.com\/cs\/wp-json\/wp\/v2\/comments?post=10280"}],"wp:featuredmedia":[{"embeddable":true,"href":"https:\/\/whitelip.com\/cs\/wp-json\/wp\/v2\/media\/3357"}],"wp:attachment":[{"href":"https:\/\/whitelip.com\/cs\/wp-json\/wp\/v2\/media?parent=10280"}],"wp:term":[{"taxonomy":"product_brand","embeddable":true,"href":"https:\/\/whitelip.com\/cs\/wp-json\/wp\/v2\/product_brand?post=10280"},{"taxonomy":"product_cat","embeddable":true,"href":"https:\/\/whitelip.com\/cs\/wp-json\/wp\/v2\/product_cat?post=10280"},{"taxonomy":"product_tag","embeddable":true,"href":"https:\/\/whitelip.com\/cs\/wp-json\/wp\/v2\/product_tag?post=10280"},{"taxonomy":"flavours","embeddable":true,"href":"https:\/\/whitelip.com\/cs\/wp-json\/wp\/v2\/flavours?post=10280"},{"taxonomy":"format","embeddable":true,"href":"https:\/\/whitelip.com\/cs\/wp-json\/wp\/v2\/format?post=10280"},{"taxonomy":"nicotine","embeddable":true,"href":"https:\/\/whitelip.com\/cs\/wp-json\/wp\/v2\/nicotine?post=10280"}],"curies":[{"name":"wp","href":"https:\/\/api.w.org\/{rel}","templated":true}]}}