{"id":10270,"date":"2025-04-08T09:56:05","date_gmt":"2025-04-08T09:56:05","guid":{"rendered":"https:\/\/whitelip.com\/chainpop-peach-honey\/"},"modified":"2026-03-09T17:50:15","modified_gmt":"2026-03-09T17:50:15","slug":"chainpop-peach-honey","status":"publish","type":"product","link":"https:\/\/whitelip.com\/cs\/chainpop\/chainpop-peach-honey\/","title":{"rendered":"CHAINPOP Broskev a med"},"content":{"rendered":"<h2><strong>CHAINPOP Broskev a med<\/strong><\/h2>\n<p class=\"\" data-start=\"110\" data-end=\"559\">V tomto h\u0159ejiv\u00e9m a uklid\u0148uj\u00edc\u00edm nikotinov\u00e9m s\u00e1\u010dku se m\u00eds\u00ed na slunci vyzr\u00e1l\u00e9 broskve s jemn\u00fdm zlatav\u00fdm medem. V\u00fdsledkem je sladk\u00e1, jemn\u00e1 chu\u0165, kter\u00e1 je bohat\u00e1, dlouhotrvaj\u00edc\u00ed a uspokojuj\u00edc\u00ed od prvn\u00edho okam\u017eiku. S\u00e1\u010dek je m\u011bkk\u00fd a diskr\u00e9tn\u00ed, navr\u017een\u00fd tak, aby pohodln\u011b sed\u011bl pod rty a ne\u0161t\u00edpal. Je vyroben ve \u0160v\u00e9dsku z prvot\u0159\u00eddn\u00edch surovin a je ide\u00e1ln\u00ed volbou pro ty, kte\u0159\u00ed maj\u00ed r\u00e1di jemn\u00e9 ovocn\u00e9 p\u0159\u00edchut\u011b s p\u0159irozenou sladkost\u00ed a n\u00e1dechem tepla.<\/p>\n<table>\n<tbody>\n<tr>\n<td><b>Atribut<\/b><\/td>\n<td><b>Podrobnosti na<\/b><\/td>\n<\/tr>\n<tr>\n<td><b>Obsah na plechovku<\/b><\/td>\n<td><span style=\"font-weight: 400;\">10 g (20 s\u00e1\u010dk\u016f)<\/span><\/td>\n<\/tr>\n<tr>\n<td><b>Obsah nikotinu<\/b><\/td>\n<td><span style=\"font-weight: 400;\">15 mg\/g (9 mg na s\u00e1\u010dek)<\/span><\/td>\n<\/tr>\n<tr>\n<td><b>Form\u00e1t pouzdra<\/b><\/td>\n<td><span style=\"font-weight: 400;\">Slim<\/span><\/td>\n<\/tr>\n<tr>\n<td><b>V\u00fdrobce<\/b><\/td>\n<td><span style=\"font-weight: 400;\">Chainpop AB<\/span><\/td>\n<\/tr>\n<tr>\n<td><b>P\u0159\u00edchu\u0165<\/b><\/td>\n<td><span style=\"font-weight: 400;\">Broskev a med<\/span><\/td>\n<\/tr>\n<tr>\n<td><b>Typ<\/b><\/td>\n<td><span style=\"font-weight: 400;\">Celob\u00edl\u00e9 pouzdro<\/span><\/td>\n<\/tr>\n<\/tbody>\n<\/table>","protected":false},"excerpt":{"rendered":"<p>Sladk\u00fd, jemn\u00fd <strong data-start=\"14\" data-end=\"41\">broskve a med<\/strong> pro h\u0159ejivou, uklid\u0148uj\u00edc\u00ed chu\u0165. M\u011bkk\u00fd, diskr\u00e9tn\u00ed s\u00e1\u010dek pohodln\u011b sed\u00ed pod rty, ne\u0161t\u00edpe a plynule uvol\u0148uje chu\u0165. Ka\u017ed\u00fd s\u00e1\u010dek obsahuje <strong data-start=\"196\" data-end=\"223\">9 mg nikotinu v jednom s\u00e1\u010dku<\/strong>, vyroben\u00fd ve \u0160v\u00e9dsku pro jemn\u00fd, dlouhotrvaj\u00edc\u00ed a p\u0159irozen\u011b sladk\u00fd z\u00e1\u017eitek.<\/p>","protected":false},"featured_media":3355,"comment_status":"open","ping_status":"closed","template":"","format":[206],"meta":{"_acf_changed":false},"product_brand":[],"product_cat":[106],"product_tag":[16563],"flavours":[196],"nicotine":[212,232],"class_list":{"0":"post-10270","1":"product","2":"type-product","3":"status-publish","4":"has-post-thumbnail","6":"product_cat-chainpop","7":"product_tag-9-mg-pouch","8":"pa_quantity-1-pack","9":"pa_quantity-10-pack","10":"pa_quantity-3-pack","11":"pa_quantity-30-pack","12":"pa_quantity-5-pack","13":"pa_quantity-60-pack","14":"flavours-fruits-berries","15":"format-slim","16":"nicotine-15-mg-g","17":"nicotine-extra-strong","19":"first","20":"outofstock","21":"taxable","22":"shipping-taxable","23":"purchasable","24":"product-type-variable","25":"has-default-attributes"},"acf":[],"_links":{"self":[{"href":"https:\/\/whitelip.com\/cs\/wp-json\/wp\/v2\/product\/10270","targetHints":{"allow":["GET"]}}],"collection":[{"href":"https:\/\/whitelip.com\/cs\/wp-json\/wp\/v2\/product"}],"about":[{"href":"https:\/\/whitelip.com\/cs\/wp-json\/wp\/v2\/types\/product"}],"replies":[{"embeddable":true,"href":"https:\/\/whitelip.com\/cs\/wp-json\/wp\/v2\/comments?post=10270"}],"wp:featuredmedia":[{"embeddable":true,"href":"https:\/\/whitelip.com\/cs\/wp-json\/wp\/v2\/media\/3355"}],"wp:attachment":[{"href":"https:\/\/whitelip.com\/cs\/wp-json\/wp\/v2\/media?parent=10270"}],"wp:term":[{"taxonomy":"product_brand","embeddable":true,"href":"https:\/\/whitelip.com\/cs\/wp-json\/wp\/v2\/product_brand?post=10270"},{"taxonomy":"product_cat","embeddable":true,"href":"https:\/\/whitelip.com\/cs\/wp-json\/wp\/v2\/product_cat?post=10270"},{"taxonomy":"product_tag","embeddable":true,"href":"https:\/\/whitelip.com\/cs\/wp-json\/wp\/v2\/product_tag?post=10270"},{"taxonomy":"flavours","embeddable":true,"href":"https:\/\/whitelip.com\/cs\/wp-json\/wp\/v2\/flavours?post=10270"},{"taxonomy":"format","embeddable":true,"href":"https:\/\/whitelip.com\/cs\/wp-json\/wp\/v2\/format?post=10270"},{"taxonomy":"nicotine","embeddable":true,"href":"https:\/\/whitelip.com\/cs\/wp-json\/wp\/v2\/nicotine?post=10270"}],"curies":[{"name":"wp","href":"https:\/\/api.w.org\/{rel}","templated":true}]}}